{"id":95,"date":"2025-10-22T12:00:47","date_gmt":"2025-10-22T10:00:47","guid":{"rendered":"http:\/\/fdgn.local\/?page_id=95"},"modified":"2025-12-28T16:56:12","modified_gmt":"2025-12-28T15:56:12","slug":"statuts-reglement-et-charte","status":"publish","type":"page","link":"https:\/\/blog.fedegn.org\/wordpress\/statuts-reglement-et-charte\/","title":{"rendered":"Statuts, r\u00e8glement et charte"},"content":{"rendered":"\t\t<div data-elementor-type=\"wp-page\" data-elementor-id=\"95\" class=\"elementor elementor-95\">\n\t\t\t\t<div class=\"elementor-element elementor-element-e58581e e-flex e-con-boxed e-con e-parent\" data-id=\"e58581e\" data-element_type=\"container\" data-e-type=\"container\">\n\t\t\t\t\t<div class=\"e-con-inner\">\n\t\t\t\t<div class=\"elementor-element elementor-element-16d4528a elementor-widget elementor-widget-heading\" data-id=\"16d4528a\" data-element_type=\"widget\" data-e-type=\"widget\" data-widget_type=\"heading.default\">\n\t\t\t\t\t<h2 class=\"elementor-heading-title elementor-size-default\">Les statuts et r\u00e8glement int\u00e9rieur<\/h2>\t\t\t\t<\/div>\n\t\t\t\t<div class=\"elementor-element elementor-element-be53570 elementor-align-left elementor-widget elementor-widget-button\" data-id=\"be53570\" data-element_type=\"widget\" data-e-type=\"widget\" data-widget_type=\"button.default\">\n\t\t\t\t\t\t\t\t\t\t<a class=\"elementor-button elementor-button-link elementor-size-sm elementor-animation-grow\" href=\"https:\/\/blog.fedegn.org\/wordpress\/wp-content\/uploads\/2025\/12\/2024-Statuts-3.pdf\">\n\t\t\t\t\t\t<span class=\"elementor-button-content-wrapper\">\n\t\t\t\t\t\t<span class=\"elementor-button-icon\">\n\t\t\t\t<svg aria-hidden=\"true\" class=\"e-font-icon-svg e-fas-download\" viewBox=\"0 0 512 512\" xmlns=\"http:\/\/www.w3.org\/2000\/svg\"><path d=\"M216 0h80c13.3 0 24 10.7 24 24v168h87.7c17.8 0 26.7 21.5 14.1 34.1L269.7 378.3c-7.5 7.5-19.8 7.5-27.3 0L90.1 226.1c-12.6-12.6-3.7-34.1 14.1-34.1H192V24c0-13.3 10.7-24 24-24zm296 376v112c0 13.3-10.7 24-24 24H24c-13.3 0-24-10.7-24-24V376c0-13.3 10.7-24 24-24h146.7l49 49c20.1 20.1 52.5 20.1 72.6 0l49-49H488c13.3 0 24 10.7 24 24zm-124 88c0-11-9-20-20-20s-20 9-20 20 9 20 20 20 20-9 20-20zm64 0c0-11-9-20-20-20s-20 9-20 20 9 20 20 20 20-9 20-20z\"><\/path><\/svg>\t\t\t<\/span>\n\t\t\t\t\t\t\t\t\t<span class=\"elementor-button-text\">Statuts F\u00e9d\u00e9GN<\/span>\n\t\t\t\t\t<\/span>\n\t\t\t\t\t<\/a>\n\t\t\t\t\t\t\t\t<\/div>\n\t\t\t\t<div class=\"elementor-element elementor-element-f9b228a elementor-align-left elementor-widget elementor-widget-button\" data-id=\"f9b228a\" data-element_type=\"widget\" data-e-type=\"widget\" data-widget_type=\"button.default\">\n\t\t\t\t\t\t\t\t\t\t<a class=\"elementor-button elementor-button-link elementor-size-sm elementor-animation-grow\" href=\"https:\/\/blog.fedegn.org\/wordpress\/wp-content\/uploads\/2025\/12\/RI-FedeGN-2025-2.pdf\">\n\t\t\t\t\t\t<span class=\"elementor-button-content-wrapper\">\n\t\t\t\t\t\t<span class=\"elementor-button-icon\">\n\t\t\t\t<svg aria-hidden=\"true\" class=\"e-font-icon-svg e-fas-download\" viewBox=\"0 0 512 512\" xmlns=\"http:\/\/www.w3.org\/2000\/svg\"><path d=\"M216 0h80c13.3 0 24 10.7 24 24v168h87.7c17.8 0 26.7 21.5 14.1 34.1L269.7 378.3c-7.5 7.5-19.8 7.5-27.3 0L90.1 226.1c-12.6-12.6-3.7-34.1 14.1-34.1H192V24c0-13.3 10.7-24 24-24zm296 376v112c0 13.3-10.7 24-24 24H24c-13.3 0-24-10.7-24-24V376c0-13.3 10.7-24 24-24h146.7l49 49c20.1 20.1 52.5 20.1 72.6 0l49-49H488c13.3 0 24 10.7 24 24zm-124 88c0-11-9-20-20-20s-20 9-20 20 9 20 20 20 20-9 20-20zm64 0c0-11-9-20-20-20s-20 9-20 20 9 20 20 20 20-9 20-20z\"><\/path><\/svg>\t\t\t<\/span>\n\t\t\t\t\t\t\t\t\t<span class=\"elementor-button-text\">R\u00e8glement int\u00e9rieur F\u00e9d\u00e9GN<\/span>\n\t\t\t\t\t<\/span>\n\t\t\t\t\t<\/a>\n\t\t\t\t\t\t\t\t<\/div>\n\t\t\t\t\t<\/div>\n\t\t\t\t<\/div>\n\t\t<div class=\"elementor-element elementor-element-222e6259 e-flex e-con-boxed e-con e-parent\" data-id=\"222e6259\" data-element_type=\"container\" data-e-type=\"container\">\n\t\t\t\t\t<div class=\"e-con-inner\">\n\t\t<div class=\"elementor-element elementor-element-3442adbf e-con-full e-flex e-con e-child\" data-id=\"3442adbf\" data-element_type=\"container\" data-e-type=\"container\">\n\t\t\t\t<div class=\"elementor-element elementor-element-9a8757b elementor-widget elementor-widget-heading\" data-id=\"9a8757b\" data-element_type=\"widget\" data-e-type=\"widget\" data-widget_type=\"heading.default\">\n\t\t\t\t\t<h2 class=\"elementor-heading-title elementor-size-default\">Charte de d\u00e9ontologie de la F\u00e9d\u00e9GN<\/h2>\t\t\t\t<\/div>\n\t\t\t\t<div class=\"elementor-element elementor-element-ab7a0d0 elementor-widget elementor-widget-heading\" data-id=\"ab7a0d0\" data-element_type=\"widget\" data-e-type=\"widget\" data-widget_type=\"heading.default\">\n\t\t\t\t\t<h2 class=\"elementor-heading-title elementor-size-default\">Pr\u00e9ambule du r\u00e8glement int\u00e9rieur<\/h2>\t\t\t\t<\/div>\n\t\t\t\t<div class=\"elementor-element elementor-element-4f0c9c02 elementor-widget elementor-widget-text-editor\" data-id=\"4f0c9c02\" data-element_type=\"widget\" data-e-type=\"widget\" data-widget_type=\"text-editor.default\">\n\t\t\t\t\t\t\t\t\t<p>La pr\u00e9sente charte est inspir\u00e9e par le respect et la consid\u00e9ration dus aux personnes et aux biens. Son\u00a0objectif est de pr\u00e9senter la mani\u00e8re dont ces principes s&#8217;appliquent dans l&#8217;organisation et la pratique\u00a0du Jeu de R\u00f4les Grandeur Nature.<\/p><p>Cette charte pr\u00e9cise les responsabilit\u00e9s des associations, concernant principalement les conditions de\u00a0s\u00e9curit\u00e9 lors du d\u00e9roulement du jeu, ainsi que le respect des sites, des joueurs et des visiteurs.<\/p><p>Chaque association membre de la F\u00e9d\u00e9GN s&#8217;engage \u00e0 mettre en \u0153uvre ce contrat moral au cours de\u00a0la pr\u00e9paration, du d\u00e9roulement et de la conclusion de ses manifestations. Il appartient aux associations\u00a0de prendre les mesures n\u00e9cessaires au respect de ces r\u00e8gles par les participants.<\/p><p>Les associations dans le cadre de leur activit\u00e9 s&#8217;efforcent de respecter toute disposition l\u00e9gale\u00a0applicable \u00e0 l&#8217;activit\u00e9 et sa mise en \u0153uvre.<\/p>\t\t\t\t\t\t\t\t<\/div>\n\t\t\t\t<div class=\"elementor-element elementor-element-1bb1c7c elementor-widget elementor-widget-heading\" data-id=\"1bb1c7c\" data-element_type=\"widget\" data-e-type=\"widget\" data-widget_type=\"heading.default\">\n\t\t\t\t\t<h2 class=\"elementor-heading-title elementor-size-default\">Le respect des personnes<\/h2>\t\t\t\t<\/div>\n\t\t\t\t<div class=\"elementor-element elementor-element-b449e8a elementor-widget elementor-widget-text-editor\" data-id=\"b449e8a\" data-element_type=\"widget\" data-e-type=\"widget\" data-widget_type=\"text-editor.default\">\n\t\t\t\t\t\t\t\t\t<p>Le d\u00e9roulement du jeu ne doit pas porter atteinte aux principes religieux, philosophiques ou politiques\u00a0des individus. Il ne doit pas non plus imposer aux joueurs la simulation de situations humiliantes ou\u00a0d\u00e9gradantes. Le caract\u00e8re fictif et ludique des activit\u00e9s, doit toujours \u00eatre pr\u00e9sent et soulign\u00e9.<\/p><p>Les associations doivent pr\u00e9ciser dans les r\u00e8gles destin\u00e9es aux joueurs et dans l&#8217;entretien pr\u00e9c\u00e9dant le\u00a0jeu, que les actions physiques dangereuses sont strictement interdites.<\/p><p>Les organisateurs doivent s\u2019efforcer de donner aux joueurs suffisamment d\u2019\u00e9l\u00e9ments sur le jeu\u00a0(conditions mat\u00e9rielle, type de sc\u00e9nario, th\u00e8me du jeu &#8230;) pour qu\u2019ils puissent savoir si celui-ci\u00a0correspond \u00e0 leurs attentes.<\/p>\t\t\t\t\t\t\t\t<\/div>\n\t\t\t\t<div class=\"elementor-element elementor-element-8a55436 elementor-widget elementor-widget-heading\" data-id=\"8a55436\" data-element_type=\"widget\" data-e-type=\"widget\" data-widget_type=\"heading.default\">\n\t\t\t\t\t<h2 class=\"elementor-heading-title elementor-size-default\">La s\u00e9curit\u00e9 des participants<\/h2>\t\t\t\t<\/div>\n\t\t\t\t<div class=\"elementor-element elementor-element-495605d elementor-widget elementor-widget-text-editor\" data-id=\"495605d\" data-element_type=\"widget\" data-e-type=\"widget\" data-widget_type=\"text-editor.default\">\n\t\t\t\t\t\t\t\t\t<p>Lors des rep\u00e9rages sur les sites de jeu, les dangers \u00e9ventuels sont rep\u00e9r\u00e9s. Ils sont explicit\u00e9s aux joueurs\u00a0par \u00e9crit et rappel\u00e9s lors de l&#8217;entretien d&#8217;introduction du jeu. Les \u00e9ventuels endroits dangereux seront\u00a0balis\u00e9s.<\/p><p>Les centres de soins les plus proches, h\u00f4pitaux et centres antipoison, m\u00e9decins et pharmacies de garde,\u00a0sont r\u00e9pertori\u00e9s. Leurs coordonn\u00e9es seront disponibles \u00e0 tout moment, pendant la pr\u00e9paration, le\u00a0d\u00e9roulement et le repli du jeu. Au moins une trousse de premiers secours compl\u00e8te est disponible sur\u00a0le site et un moyen de transport est disponible \u00e0 proximit\u00e9 imm\u00e9diate du site.<\/p><p>Les associations de jeux de r\u00f4les grandeur nature ont souscrit un contrat d&#8217;assurance prenant en\u00a0compte explicitement l&#8217;activit\u00e9 et garantissant, au minimum, leur responsabilit\u00e9 civile ainsi que celle\u00a0de leurs organisateurs et participants.<\/p><p>La participation de mineurs aux jeux est soumise \u00e0 des conditions sp\u00e9cifiques. L&#8217;autorisation \u00e9crite des\u00a0parents est obligatoire et sur leur demande, un encadrement sp\u00e9cifique sera pr\u00e9vu.<\/p><p>Les associations souhaitant accueillir des mineurs ou des personnes a handicap\u00e9es s&#8217;engagent \u00e0 mettre\u00a0en \u0153uvre les conditions n\u00e9cessaires \u00e0 cet accueil sp\u00e9cifique.<\/p>\t\t\t\t\t\t\t\t<\/div>\n\t\t\t\t<div class=\"elementor-element elementor-element-55ed628 elementor-widget elementor-widget-heading\" data-id=\"55ed628\" data-element_type=\"widget\" data-e-type=\"widget\" data-widget_type=\"heading.default\">\n\t\t\t\t\t<h2 class=\"elementor-heading-title elementor-size-default\">Le respect des sites de jeu<\/h2>\t\t\t\t<\/div>\n\t\t\t\t<div class=\"elementor-element elementor-element-18a8325 elementor-widget elementor-widget-text-editor\" data-id=\"18a8325\" data-element_type=\"widget\" data-e-type=\"widget\" data-widget_type=\"text-editor.default\">\n\t\t\t\t\t\t\t\t\t<p>Les tours d&#8217;un ch\u00e2teau, les charmes d&#8217;une for\u00eat ou l&#8217;obscurit\u00e9 d&#8217;une grotte sont souvent l&#8217;\u00e9l\u00e9ment\u00a0principal de l&#8217;ambiance d&#8217;un Grandeur Nature. Le terrain de jeu, souvent un site naturel ou historique,\u00a0est parfois fragile, par sa flore, sa faune ou ses \u00e9difices. Le d\u00e9roulement d&#8217;un Grandeur Nature ne doit\u00a0aucunement porter pr\u00e9judice aux sites qui l&#8217;accueillent. En particulier, les organisateurs s&#8217;engagent \u00e0\u00a0les restituer dans un \u00e9tat de propret\u00e9 au moins \u00e9gal \u00e0 celui dans lequel ils furent confi\u00e9s \u00e0 leur\u00a0association. Elles s&#8217;engagent dans la mesure du possible \u00e0 \u0153uvrer dans le respect de l&#8217;environnement\u00a0et \u00e0 mettre en place une gestion \u00ab \u00e9cologique \u00bb dans tous les aspects de l&#8217;organisation du jeu.<\/p><p>En fonction des particularit\u00e9s du site et des conditions climatiques du jeu, l&#8217;utilisation du feu fait l&#8217;objet\u00a0de r\u00e8gles strictes et imp\u00e9ratives.<\/p><p>Si le jeu se d\u00e9roule dans un lieu priv\u00e9, les organisateurs doivent \u00e9videmment disposer de l&#8217;accord du\u00a0propri\u00e9taire ou ayant droit des lieux. Ils doivent \u00e9galement suivre pr\u00e9cis\u00e9ment les directives donn\u00e9es\u00a0par le propri\u00e9taire des lieux. Le d\u00e9roulement du jeu, dans ces conditions, devra respecter la l\u00e9gitime\u00a0aspiration \u00e0 la tranquillit\u00e9 des riverains.<br \/>Dans le cadre d\u2019un jeu se d\u00e9roulant en partie dans un lieu public d\u00e9termin\u00e9, les autorit\u00e9s locales\u00a0comp\u00e9tentes seront obligatoirement pr\u00e9venues.<\/p>\t\t\t\t\t\t\t\t<\/div>\n\t\t\t\t<div class=\"elementor-element elementor-element-3ff4482 elementor-widget elementor-widget-heading\" data-id=\"3ff4482\" data-element_type=\"widget\" data-e-type=\"widget\" data-widget_type=\"heading.default\">\n\t\t\t\t\t<h2 class=\"elementor-heading-title elementor-size-default\">Responsabilit\u00e9 de l'association<\/h2>\t\t\t\t<\/div>\n\t\t\t\t<div class=\"elementor-element elementor-element-50541c6 elementor-widget elementor-widget-text-editor\" data-id=\"50541c6\" data-element_type=\"widget\" data-e-type=\"widget\" data-widget_type=\"text-editor.default\">\n\t\t\t\t\t\t\t\t\t<p>L&#8217;organisation de jeux grandeur nature doit se faire par le biais d&#8217;une personne morale r\u00e9guli\u00e8rement\u00a0d\u00e9clar\u00e9e.<\/p><p>L&#8217;association est une personne morale. Elle est donc responsable civilement et p\u00e9nalement des fautes\u00a0et dommages qu&#8217;elle commet. Elle doit donc faire en sorte que son activit\u00e9 se d\u00e9roule en s\u00e9curit\u00e9 et\u00a0ne cause aucun d\u00e9sagr\u00e9ment.<\/p><p>Elle informera la F\u00e9d\u00e9GN de toute difficult\u00e9 rencontr\u00e9e dans le cadre de son activit\u00e9.<\/p>\t\t\t\t\t\t\t\t<\/div>\n\t\t\t\t<\/div>\n\t\t\t\t\t<\/div>\n\t\t\t\t<\/div>\n\t\t\t\t<\/div>\n\t\t","protected":false},"excerpt":{"rendered":"<p>Les statuts et r\u00e8glement int\u00e9rieur Statuts F\u00e9d\u00e9GN R\u00e8glement int\u00e9rieur F\u00e9d\u00e9GN Charte de d\u00e9ontologie de la F\u00e9d\u00e9GN Pr\u00e9ambule du r\u00e8glement int\u00e9rieur La pr\u00e9sente charte est inspir\u00e9e par le respect et la consid\u00e9ration dus aux personnes et aux biens. Son\u00a0objectif est de pr\u00e9senter la mani\u00e8re dont ces principes s&#8217;appliquent dans l&#8217;organisation et la pratique\u00a0du Jeu de R\u00f4les [&hellip;]<\/p>\n","protected":false},"author":1,"featured_media":0,"parent":0,"menu_order":0,"comment_status":"closed","ping_status":"closed","template":"","meta":{"ocean_post_layout":"","ocean_both_sidebars_style":"","ocean_both_sidebars_content_width":0,"ocean_both_sidebars_sidebars_width":0,"ocean_sidebar":"","ocean_second_sidebar":"","ocean_disable_margins":"enable","ocean_add_body_class":"","ocean_shortcode_before_top_bar":"","ocean_shortcode_after_top_bar":"","ocean_shortcode_before_header":"","ocean_shortcode_after_header":"","ocean_has_shortcode":"","ocean_shortcode_after_title":"","ocean_shortcode_before_footer_widgets":"","ocean_shortcode_after_footer_widgets":"","ocean_shortcode_before_footer_bottom":"","ocean_shortcode_after_footer_bottom":"","ocean_display_top_bar":"default","ocean_display_header":"default","ocean_header_style":"","ocean_center_header_left_menu":"","ocean_custom_header_template":"","ocean_custom_logo":0,"ocean_custom_retina_logo":0,"ocean_custom_logo_max_width":0,"ocean_custom_logo_tablet_max_width":0,"ocean_custom_logo_mobile_max_width":0,"ocean_custom_logo_max_height":0,"ocean_custom_logo_tablet_max_height":0,"ocean_custom_logo_mobile_max_height":0,"ocean_header_custom_menu":"","ocean_menu_typo_font_family":"","ocean_menu_typo_font_subset":"","ocean_menu_typo_font_size":0,"ocean_menu_typo_font_size_tablet":0,"ocean_menu_typo_font_size_mobile":0,"ocean_menu_typo_font_size_unit":"px","ocean_menu_typo_font_weight":"","ocean_menu_typo_font_weight_tablet":"","ocean_menu_typo_font_weight_mobile":"","ocean_menu_typo_transform":"","ocean_menu_typo_transform_tablet":"","ocean_menu_typo_transform_mobile":"","ocean_menu_typo_line_height":0,"ocean_menu_typo_line_height_tablet":0,"ocean_menu_typo_line_height_mobile":0,"ocean_menu_typo_line_height_unit":"","ocean_menu_typo_spacing":0,"ocean_menu_typo_spacing_tablet":0,"ocean_menu_typo_spacing_mobile":0,"ocean_menu_typo_spacing_unit":"","ocean_menu_link_color":"","ocean_menu_link_color_hover":"","ocean_menu_link_color_active":"","ocean_menu_link_background":"","ocean_menu_link_hover_background":"","ocean_menu_link_active_background":"","ocean_menu_social_links_bg":"","ocean_menu_social_hover_links_bg":"","ocean_menu_social_links_color":"","ocean_menu_social_hover_links_color":"","ocean_disable_title":"on","ocean_disable_heading":"default","ocean_post_title":"","ocean_post_subheading":"","ocean_post_title_style":"","ocean_post_title_background_color":"","ocean_post_title_background":0,"ocean_post_title_bg_image_position":"","ocean_post_title_bg_image_attachment":"","ocean_post_title_bg_image_repeat":"","ocean_post_title_bg_image_size":"","ocean_post_title_height":0,"ocean_post_title_bg_overlay":0.5,"ocean_post_title_bg_overlay_color":"","ocean_disable_breadcrumbs":"default","ocean_breadcrumbs_color":"","ocean_breadcrumbs_separator_color":"","ocean_breadcrumbs_links_color":"","ocean_breadcrumbs_links_hover_color":"","ocean_display_footer_widgets":"default","ocean_display_footer_bottom":"default","ocean_custom_footer_template":"","footnotes":""},"class_list":["post-95","page","type-page","status-publish","hentry","entry"],"yoast_head":"<!-- This site is optimized with the Yoast SEO plugin v27.5 - https:\/\/yoast.com\/product\/yoast-seo-wordpress\/ -->\n<title>Statuts, r\u00e8glement et charte - F\u00e9d\u00e9GN<\/title>\n<meta name=\"robots\" content=\"index, follow, max-snippet:-1, max-image-preview:large, max-video-preview:-1\" \/>\n<link rel=\"canonical\" href=\"https:\/\/blog.fedegn.org\/wordpress\/statuts-reglement-et-charte\/\" \/>\n<meta property=\"og:locale\" content=\"en_US\" \/>\n<meta property=\"og:type\" content=\"article\" \/>\n<meta property=\"og:title\" content=\"Statuts, r\u00e8glement et charte - F\u00e9d\u00e9GN\" \/>\n<meta property=\"og:description\" content=\"Les statuts et r\u00e8glement int\u00e9rieur Statuts F\u00e9d\u00e9GN R\u00e8glement int\u00e9rieur F\u00e9d\u00e9GN Charte de d\u00e9ontologie de la F\u00e9d\u00e9GN Pr\u00e9ambule du r\u00e8glement int\u00e9rieur La pr\u00e9sente charte est inspir\u00e9e par le respect et la consid\u00e9ration dus aux personnes et aux biens. Son\u00a0objectif est de pr\u00e9senter la mani\u00e8re dont ces principes s&#8217;appliquent dans l&#8217;organisation et la pratique\u00a0du Jeu de R\u00f4les [&hellip;]\" \/>\n<meta property=\"og:url\" content=\"https:\/\/blog.fedegn.org\/wordpress\/statuts-reglement-et-charte\/\" \/>\n<meta property=\"og:site_name\" content=\"F\u00e9d\u00e9GN\" \/>\n<meta property=\"article:modified_time\" content=\"2025-12-28T15:56:12+00:00\" \/>\n<meta name=\"twitter:card\" content=\"summary_large_image\" \/>\n<meta name=\"twitter:label1\" content=\"Est. reading time\" \/>\n\t<meta name=\"twitter:data1\" content=\"4 minutes\" \/>\n<script type=\"application\/ld+json\" class=\"yoast-schema-graph\">{\"@context\":\"https:\\\/\\\/schema.org\",\"@graph\":[{\"@type\":\"WebPage\",\"@id\":\"https:\\\/\\\/blog.fedegn.org\\\/wordpress\\\/statuts-reglement-et-charte\\\/\",\"url\":\"https:\\\/\\\/blog.fedegn.org\\\/wordpress\\\/statuts-reglement-et-charte\\\/\",\"name\":\"Statuts, r\u00e8glement et charte - F\u00e9d\u00e9GN\",\"isPartOf\":{\"@id\":\"https:\\\/\\\/blog.fedegn.org\\\/wordpress\\\/#website\"},\"datePublished\":\"2025-10-22T10:00:47+00:00\",\"dateModified\":\"2025-12-28T15:56:12+00:00\",\"breadcrumb\":{\"@id\":\"https:\\\/\\\/blog.fedegn.org\\\/wordpress\\\/statuts-reglement-et-charte\\\/#breadcrumb\"},\"inLanguage\":\"en-US\",\"potentialAction\":[{\"@type\":\"ReadAction\",\"target\":[\"https:\\\/\\\/blog.fedegn.org\\\/wordpress\\\/statuts-reglement-et-charte\\\/\"]}]},{\"@type\":\"BreadcrumbList\",\"@id\":\"https:\\\/\\\/blog.fedegn.org\\\/wordpress\\\/statuts-reglement-et-charte\\\/#breadcrumb\",\"itemListElement\":[{\"@type\":\"ListItem\",\"position\":1,\"name\":\"Accueil\",\"item\":\"https:\\\/\\\/blog.fedegn.org\\\/wordpress\\\/\"},{\"@type\":\"ListItem\",\"position\":2,\"name\":\"Statuts, r\u00e8glement et charte\"}]},{\"@type\":\"WebSite\",\"@id\":\"https:\\\/\\\/blog.fedegn.org\\\/wordpress\\\/#website\",\"url\":\"https:\\\/\\\/blog.fedegn.org\\\/wordpress\\\/\",\"name\":\"F\u00e9d\u00e9GN\",\"description\":\"\",\"publisher\":{\"@id\":\"https:\\\/\\\/blog.fedegn.org\\\/wordpress\\\/#organization\"},\"potentialAction\":[{\"@type\":\"SearchAction\",\"target\":{\"@type\":\"EntryPoint\",\"urlTemplate\":\"https:\\\/\\\/blog.fedegn.org\\\/wordpress\\\/?s={search_term_string}\"},\"query-input\":{\"@type\":\"PropertyValueSpecification\",\"valueRequired\":true,\"valueName\":\"search_term_string\"}}],\"inLanguage\":\"en-US\"},{\"@type\":\"Organization\",\"@id\":\"https:\\\/\\\/blog.fedegn.org\\\/wordpress\\\/#organization\",\"name\":\"F\u00e9d\u00e9GN\",\"url\":\"https:\\\/\\\/blog.fedegn.org\\\/wordpress\\\/\",\"logo\":{\"@type\":\"ImageObject\",\"inLanguage\":\"en-US\",\"@id\":\"https:\\\/\\\/blog.fedegn.org\\\/wordpress\\\/#\\\/schema\\\/logo\\\/image\\\/\",\"url\":\"https:\\\/\\\/blog.fedegn.org\\\/wordpress\\\/wp-content\\\/uploads\\\/2025\\\/10\\\/Logo_FedeGN-scaled.png\",\"contentUrl\":\"https:\\\/\\\/blog.fedegn.org\\\/wordpress\\\/wp-content\\\/uploads\\\/2025\\\/10\\\/Logo_FedeGN-scaled.png\",\"width\":2560,\"height\":1248,\"caption\":\"F\u00e9d\u00e9GN\"},\"image\":{\"@id\":\"https:\\\/\\\/blog.fedegn.org\\\/wordpress\\\/#\\\/schema\\\/logo\\\/image\\\/\"}}]}<\/script>\n<!-- \/ Yoast SEO plugin. -->","yoast_head_json":{"title":"Statuts, r\u00e8glement et charte - F\u00e9d\u00e9GN","robots":{"index":"index","follow":"follow","max-snippet":"max-snippet:-1","max-image-preview":"max-image-preview:large","max-video-preview":"max-video-preview:-1"},"canonical":"https:\/\/blog.fedegn.org\/wordpress\/statuts-reglement-et-charte\/","og_locale":"en_US","og_type":"article","og_title":"Statuts, r\u00e8glement et charte - F\u00e9d\u00e9GN","og_description":"Les statuts et r\u00e8glement int\u00e9rieur Statuts F\u00e9d\u00e9GN R\u00e8glement int\u00e9rieur F\u00e9d\u00e9GN Charte de d\u00e9ontologie de la F\u00e9d\u00e9GN Pr\u00e9ambule du r\u00e8glement int\u00e9rieur La pr\u00e9sente charte est inspir\u00e9e par le respect et la consid\u00e9ration dus aux personnes et aux biens. Son\u00a0objectif est de pr\u00e9senter la mani\u00e8re dont ces principes s&#8217;appliquent dans l&#8217;organisation et la pratique\u00a0du Jeu de R\u00f4les [&hellip;]","og_url":"https:\/\/blog.fedegn.org\/wordpress\/statuts-reglement-et-charte\/","og_site_name":"F\u00e9d\u00e9GN","article_modified_time":"2025-12-28T15:56:12+00:00","twitter_card":"summary_large_image","twitter_misc":{"Est. reading time":"4 minutes"},"schema":{"@context":"https:\/\/schema.org","@graph":[{"@type":"WebPage","@id":"https:\/\/blog.fedegn.org\/wordpress\/statuts-reglement-et-charte\/","url":"https:\/\/blog.fedegn.org\/wordpress\/statuts-reglement-et-charte\/","name":"Statuts, r\u00e8glement et charte - F\u00e9d\u00e9GN","isPartOf":{"@id":"https:\/\/blog.fedegn.org\/wordpress\/#website"},"datePublished":"2025-10-22T10:00:47+00:00","dateModified":"2025-12-28T15:56:12+00:00","breadcrumb":{"@id":"https:\/\/blog.fedegn.org\/wordpress\/statuts-reglement-et-charte\/#breadcrumb"},"inLanguage":"en-US","potentialAction":[{"@type":"ReadAction","target":["https:\/\/blog.fedegn.org\/wordpress\/statuts-reglement-et-charte\/"]}]},{"@type":"BreadcrumbList","@id":"https:\/\/blog.fedegn.org\/wordpress\/statuts-reglement-et-charte\/#breadcrumb","itemListElement":[{"@type":"ListItem","position":1,"name":"Accueil","item":"https:\/\/blog.fedegn.org\/wordpress\/"},{"@type":"ListItem","position":2,"name":"Statuts, r\u00e8glement et charte"}]},{"@type":"WebSite","@id":"https:\/\/blog.fedegn.org\/wordpress\/#website","url":"https:\/\/blog.fedegn.org\/wordpress\/","name":"F\u00e9d\u00e9GN","description":"","publisher":{"@id":"https:\/\/blog.fedegn.org\/wordpress\/#organization"},"potentialAction":[{"@type":"SearchAction","target":{"@type":"EntryPoint","urlTemplate":"https:\/\/blog.fedegn.org\/wordpress\/?s={search_term_string}"},"query-input":{"@type":"PropertyValueSpecification","valueRequired":true,"valueName":"search_term_string"}}],"inLanguage":"en-US"},{"@type":"Organization","@id":"https:\/\/blog.fedegn.org\/wordpress\/#organization","name":"F\u00e9d\u00e9GN","url":"https:\/\/blog.fedegn.org\/wordpress\/","logo":{"@type":"ImageObject","inLanguage":"en-US","@id":"https:\/\/blog.fedegn.org\/wordpress\/#\/schema\/logo\/image\/","url":"https:\/\/blog.fedegn.org\/wordpress\/wp-content\/uploads\/2025\/10\/Logo_FedeGN-scaled.png","contentUrl":"https:\/\/blog.fedegn.org\/wordpress\/wp-content\/uploads\/2025\/10\/Logo_FedeGN-scaled.png","width":2560,"height":1248,"caption":"F\u00e9d\u00e9GN"},"image":{"@id":"https:\/\/blog.fedegn.org\/wordpress\/#\/schema\/logo\/image\/"}}]}},"_links":{"self":[{"href":"https:\/\/blog.fedegn.org\/wordpress\/wp-json\/wp\/v2\/pages\/95","targetHints":{"allow":["GET"]}}],"collection":[{"href":"https:\/\/blog.fedegn.org\/wordpress\/wp-json\/wp\/v2\/pages"}],"about":[{"href":"https:\/\/blog.fedegn.org\/wordpress\/wp-json\/wp\/v2\/types\/page"}],"author":[{"embeddable":true,"href":"https:\/\/blog.fedegn.org\/wordpress\/wp-json\/wp\/v2\/users\/1"}],"replies":[{"embeddable":true,"href":"https:\/\/blog.fedegn.org\/wordpress\/wp-json\/wp\/v2\/comments?post=95"}],"version-history":[{"count":8,"href":"https:\/\/blog.fedegn.org\/wordpress\/wp-json\/wp\/v2\/pages\/95\/revisions"}],"predecessor-version":[{"id":545,"href":"https:\/\/blog.fedegn.org\/wordpress\/wp-json\/wp\/v2\/pages\/95\/revisions\/545"}],"wp:attachment":[{"href":"https:\/\/blog.fedegn.org\/wordpress\/wp-json\/wp\/v2\/media?parent=95"}],"curies":[{"name":"wp","href":"https:\/\/api.w.org\/{rel}","templated":true}]}}