{"id":93,"date":"2025-10-22T11:59:22","date_gmt":"2025-10-22T09:59:22","guid":{"rendered":"http:\/\/fdgn.local\/?page_id=93"},"modified":"2025-10-28T18:10:32","modified_gmt":"2025-10-28T17:10:32","slug":"carte-gn","status":"publish","type":"page","link":"https:\/\/blog.fedegn.org\/wordpress\/carte-gn\/","title":{"rendered":"Carte GN"},"content":{"rendered":"\t\t<div data-elementor-type=\"wp-page\" data-elementor-id=\"93\" class=\"elementor elementor-93\">\n\t\t\t\t<div class=\"elementor-element elementor-element-37bacf00 e-flex e-con-boxed e-con e-parent\" data-id=\"37bacf00\" data-element_type=\"container\" data-e-type=\"container\">\n\t\t\t\t\t<div class=\"e-con-inner\">\n\t\t\t\t<div class=\"elementor-element elementor-element-9f5f749 elementor-widget elementor-widget-button\" data-id=\"9f5f749\" data-element_type=\"widget\" data-e-type=\"widget\" data-widget_type=\"button.default\">\n\t\t\t\t\t\t\t\t\t\t<a class=\"elementor-button elementor-button-link elementor-size-sm elementor-animation-grow\" href=\"#\">\n\t\t\t\t\t\t<span class=\"elementor-button-content-wrapper\">\n\t\t\t\t\t\t\t\t\t<span class=\"elementor-button-text\">Souscrire maintenant<\/span>\n\t\t\t\t\t<\/span>\n\t\t\t\t\t<\/a>\n\t\t\t\t\t\t\t\t<\/div>\n\t\t<div class=\"elementor-element elementor-element-1bc918ab e-con-full e-flex e-con e-child\" data-id=\"1bc918ab\" data-element_type=\"container\" data-e-type=\"container\">\n\t\t\t\t<div class=\"elementor-element elementor-element-2e5a9303 elementor-widget elementor-widget-heading\" data-id=\"2e5a9303\" data-element_type=\"widget\" data-e-type=\"widget\" data-widget_type=\"heading.default\">\n\t\t\t\t\t<h2 class=\"elementor-heading-title elementor-size-default\">Qu'est-ce que la Carte GN ? <\/h2>\t\t\t\t<\/div>\n\t\t\t\t<div class=\"elementor-element elementor-element-2e45f063 elementor-widget elementor-widget-text-editor\" data-id=\"2e45f063\" data-element_type=\"widget\" data-e-type=\"widget\" data-widget_type=\"text-editor.default\">\n\t\t\t\t\t\t\t\t\t<p>La Carte GN se compose d&#8217;une assurance individuelle sur vos jeux et d&#8217;avantages aupr\u00e8s de nos partenaires. Elle se d\u00e9cline en deux formules :<\/p>\t\t\t\t\t\t\t\t<\/div>\n\t\t\t\t<div class=\"elementor-element elementor-element-d73294d elementor-widget elementor-widget-text-editor\" data-id=\"d73294d\" data-element_type=\"widget\" data-e-type=\"widget\" data-widget_type=\"text-editor.default\">\n\t\t\t\t\t\t\t\t\t<p>\u00a0\u00a0<em>* Une association conventionn\u00e9e est une association membre de la F\u00e9d\u00e9GN assur\u00e9e par l\u2019interm\u00e9diaire du contrat de groupe f\u00e9d\u00e9ral.<\/em><\/p><p><em>** Les garanties de la Carte GN+ sont valables quelque soit l&#8217;organisateur du jeu.<\/em><\/p>\t\t\t\t\t\t\t\t<\/div>\n\t\t\t\t<\/div>\n\t\t<div class=\"elementor-element elementor-element-3c4e049c e-con-full e-flex e-con e-child\" data-id=\"3c4e049c\" data-element_type=\"container\" data-e-type=\"container\">\n\t\t<div class=\"elementor-element elementor-element-1da90870 e-con-full e-flex e-con e-child\" data-id=\"1da90870\" data-element_type=\"container\" data-e-type=\"container\">\n\t\t\t\t<div class=\"elementor-element elementor-element-4613b60d elementor-widget elementor-widget-heading\" data-id=\"4613b60d\" data-element_type=\"widget\" data-e-type=\"widget\" data-widget_type=\"heading.default\">\n\t\t\t\t\t<h2 class=\"elementor-heading-title elementor-size-default\">Concr\u00e8tement, quelle est la diff\u00e9rence entre une Carte GN et une Carte GN+ ?<\/h2>\t\t\t\t<\/div>\n\t\t\t\t<div class=\"elementor-element elementor-element-936e8b6 elementor-widget elementor-widget-text-editor\" data-id=\"936e8b6\" data-element_type=\"widget\" data-e-type=\"widget\" data-widget_type=\"text-editor.default\">\n\t\t\t\t\t\t\t\t\t<p>La couverture des deux cartes est identique dans les faits, c&#8217;est \u00e0 dire que toutes les garanties sont les m\u00eames quelque soit la formule choisie.<\/p><p>La diff\u00e9rence se situe au niveau de l&#8217;\u00e9tendue des garanties. Les garanties de la\u00a0<strong>Carte GN<\/strong>\u00a0sont limit\u00e9es \u00e0 la pr\u00e9paration et la pratique pour les\u00a0<strong>jeux organis\u00e9es par les associations conventionn\u00e9es<\/strong>, c&#8217;est \u00e0 dire les association membres de la F\u00e9d\u00e9GN ayant choisi de s&#8217;assurer par le biais du contrat de groupe conclu par la F\u00e9d\u00e9GN. Celles de la\u00a0<strong>Carte GN +<\/strong>\u00a0s&#8217;\u00e9tendent \u00e0 toutes les activit\u00e9s couvertes par l&#8217;assurance,<strong>\u00a0quel qu&#8217;en soit l&#8217;organisateur !<\/strong><\/p><p><strong>Sachez \u00e9galement qu&#8217;il est possible de passer d&#8217;une Carte GN \u00e0 une Carte GN+ en cours d&#8217;ann\u00e9e !<\/strong><\/p>\t\t\t\t\t\t\t\t<\/div>\n\t\t\t\t<\/div>\n\t\t\t\t<div class=\"elementor-element elementor-element-1a92429 elementor-widget elementor-widget-heading\" data-id=\"1a92429\" data-element_type=\"widget\" data-e-type=\"widget\" data-widget_type=\"heading.default\">\n\t\t\t\t\t<h2 class=\"elementor-heading-title elementor-size-default\">Quelles sont les activit\u00e9s couvertes ?<\/h2>\t\t\t\t<\/div>\n\t\t\t\t<div class=\"elementor-element elementor-element-15d9b25 elementor-widget elementor-widget-text-editor\" data-id=\"15d9b25\" data-element_type=\"widget\" data-e-type=\"widget\" data-widget_type=\"text-editor.default\">\n\t\t\t\t\t\t\t\t\t<p>Le contrat d&#8217;assurance couvre la pratique et la pr\u00e9paration de jeux de r\u00f4les grandeur nature, et notamment, sans que cette liste soit exhaustive,\u00a0Murder Party,\u00a0Soir\u00e9e enqu\u00eate,\u00a0Paintball<strong>*<\/strong>,\u00a0Airsoft<strong>*<\/strong>,\u00a0Huis-Clos,\u00a0Rallye d&#8217;aventure,\u00a0Jeu de piste sc\u00e9naris\u00e9, et de fa\u00e7on g\u00e9n\u00e9rale, toute activit\u00e9 ludique se d\u00e9roulant en partie au moins en &#8220;grandeur nature&#8221; o\u00f9 les participants incarnent des personnages, avec ou sans accessoires.<\/p><p><em>*\u00a0Les activit\u00e9s Paintball et Airsoft sont couvertes sous r\u00e9serve du strict respect des r\u00e8gles de s\u00e9curit\u00e9 \u00e9dict\u00e9es notamment par la F\u00e9d\u00e9GN<\/em><\/p><p><strong>Sont \u00e9galement couverts :<\/strong><\/p><ul><li>Les activit\u00e9s assimil\u00e9es au jeu de r\u00f4le grandeur nature, et notamment, sans que la liste soit exhaustive, Trollball, Quidditch, Archery tag, Escrime de GN (aussi appel\u00e9e Escrime Ludique), et de fa\u00e7on g\u00e9n\u00e9rale, toute activit\u00e9 ludique pouvant se d\u00e9rouler au sein d&#8217;un jeu de r\u00f4le grandeur nature.<br \/><br \/><\/li><li>Les activit\u00e9s suivants du moment qu&#8217;elles sont li\u00e9es \u00e0 un \u00e9v\u00e9nement de jeu de r\u00f4le grandeur nature :<ul><li>Les stages et s\u00e9jours \u00e0 vocation de loisirs,<\/li><li>Les d\u00e9placement n\u00e9cessit\u00e9s par un jeu, une manifestation, une r\u00e9union,<\/li><li>La participation \u00e0 des congr\u00e8s, salons, conf\u00e9rences, r\u00e9unions, s\u00e9minaires, formations,<\/li><li>La participation \u00e0 des manifestations ou salons organis\u00e9s par un tiers;<br \/><br \/><\/li><\/ul><\/li><li>Les activit\u00e9s suivantes sans rapport direct avec un jeu de r\u00f4le grandeur nature :<ul><li>Les activit\u00e9s annexes telles que f\u00eates, repas, sorties, manifestations diverses, organis\u00e9es par la F\u00e9d\u00e9GN et\/ou ses associations membres conventionn\u00e9es<\/li><li>Le jeu de r\u00f4le sur table<\/li><\/ul><\/li><\/ul><ul><li style=\"list-style-type: none;\"><ul><li style=\"list-style-type: none;\">\u00a0<\/li><\/ul><\/li><\/ul>\t\t\t\t\t\t\t\t<\/div>\n\t\t\t\t<div class=\"elementor-element elementor-element-ed3ae7f elementor-widget elementor-widget-text-editor\" data-id=\"ed3ae7f\" data-element_type=\"widget\" data-e-type=\"widget\" data-widget_type=\"text-editor.default\">\n\t\t\t\t\t\t\t\t\t<ul><li style=\"list-style-type: none;\"><ul><li style=\"list-style-type: none;\">Vous pouvez \u00e9galement acc\u00e9der aux contrats sur la\u00a0<a href=\"https:\/\/blog.fedegn.org\/wordpress\/assurance\/\" rel=\"alternate\">page d\u00e9di\u00e9e \u00e0 l&#8217;assurance<\/a>.<\/li><\/ul><\/li><\/ul>\t\t\t\t\t\t\t\t<\/div>\n\t\t\t\t<div class=\"elementor-element elementor-element-8736dcd elementor-widget elementor-widget-heading\" data-id=\"8736dcd\" data-element_type=\"widget\" data-e-type=\"widget\" data-widget_type=\"heading.default\">\n\t\t\t\t\t<h2 class=\"elementor-heading-title elementor-size-default\">Comment souscrire ?<\/h2>\t\t\t\t<\/div>\n\t\t\t\t<div class=\"elementor-element elementor-element-381e9b0 elementor-widget elementor-widget-text-editor\" data-id=\"381e9b0\" data-element_type=\"widget\" data-e-type=\"widget\" data-widget_type=\"text-editor.default\">\n\t\t\t\t\t\t\t\t\t<ul><li style=\"list-style-type: none;\"><ul><li style=\"list-style-type: none;\">Pour souscrire une Carte GN, vous pouvez soit le faire directement aupr\u00e8s d&#8217;une association membre conventionn\u00e9e si elle le propose (attention, ce n&#8217;est pas une obligation pour l&#8217;association), soit le faire en ligne sur ce site:<\/li><\/ul><\/li><\/ul>\t\t\t\t\t\t\t\t<\/div>\n\t\t\t\t<div class=\"elementor-element elementor-element-bfbca33 elementor-align-center elementor-widget elementor-widget-button\" data-id=\"bfbca33\" data-element_type=\"widget\" data-e-type=\"widget\" data-widget_type=\"button.default\">\n\t\t\t\t\t\t\t\t\t\t<a class=\"elementor-button elementor-button-link elementor-size-sm elementor-animation-grow\" href=\"https:\/\/fr.wikipedia.org\/wiki\/Airsoft\">\n\t\t\t\t\t\t<span class=\"elementor-button-content-wrapper\">\n\t\t\t\t\t\t\t\t\t<span class=\"elementor-button-text\">Souscrire<\/span>\n\t\t\t\t\t<\/span>\n\t\t\t\t\t<\/a>\n\t\t\t\t\t\t\t\t<\/div>\n\t\t\t\t<\/div>\n\t\t\t\t\t<\/div>\n\t\t\t\t<\/div>\n\t\t\t\t<\/div>\n\t\t","protected":false},"excerpt":{"rendered":"<p>Souscrire maintenant Qu&#8217;est-ce que la Carte GN ? La Carte GN se compose d&#8217;une assurance individuelle sur vos jeux et d&#8217;avantages aupr\u00e8s de nos partenaires. Elle se d\u00e9cline en deux formules : \u00a0\u00a0* Une association conventionn\u00e9e est une association membre de la F\u00e9d\u00e9GN assur\u00e9e par l\u2019interm\u00e9diaire du contrat de groupe f\u00e9d\u00e9ral. ** Les garanties de [&hellip;]<\/p>\n","protected":false},"author":1,"featured_media":0,"parent":0,"menu_order":0,"comment_status":"closed","ping_status":"closed","template":"","meta":{"ocean_post_layout":"","ocean_both_sidebars_style":"","ocean_both_sidebars_content_width":0,"ocean_both_sidebars_sidebars_width":0,"ocean_sidebar":"","ocean_second_sidebar":"","ocean_disable_margins":"enable","ocean_add_body_class":"","ocean_shortcode_before_top_bar":"","ocean_shortcode_after_top_bar":"","ocean_shortcode_before_header":"","ocean_shortcode_after_header":"","ocean_has_shortcode":"","ocean_shortcode_after_title":"","ocean_shortcode_before_footer_widgets":"","ocean_shortcode_after_footer_widgets":"","ocean_shortcode_before_footer_bottom":"","ocean_shortcode_after_footer_bottom":"","ocean_display_top_bar":"default","ocean_display_header":"default","ocean_header_style":"","ocean_center_header_left_menu":"","ocean_custom_header_template":"","ocean_custom_logo":0,"ocean_custom_retina_logo":0,"ocean_custom_logo_max_width":0,"ocean_custom_logo_tablet_max_width":0,"ocean_custom_logo_mobile_max_width":0,"ocean_custom_logo_max_height":0,"ocean_custom_logo_tablet_max_height":0,"ocean_custom_logo_mobile_max_height":0,"ocean_header_custom_menu":"","ocean_menu_typo_font_family":"","ocean_menu_typo_font_subset":"","ocean_menu_typo_font_size":0,"ocean_menu_typo_font_size_tablet":0,"ocean_menu_typo_font_size_mobile":0,"ocean_menu_typo_font_size_unit":"px","ocean_menu_typo_font_weight":"","ocean_menu_typo_font_weight_tablet":"","ocean_menu_typo_font_weight_mobile":"","ocean_menu_typo_transform":"","ocean_menu_typo_transform_tablet":"","ocean_menu_typo_transform_mobile":"","ocean_menu_typo_line_height":0,"ocean_menu_typo_line_height_tablet":0,"ocean_menu_typo_line_height_mobile":0,"ocean_menu_typo_line_height_unit":"","ocean_menu_typo_spacing":0,"ocean_menu_typo_spacing_tablet":0,"ocean_menu_typo_spacing_mobile":0,"ocean_menu_typo_spacing_unit":"","ocean_menu_link_color":"","ocean_menu_link_color_hover":"","ocean_menu_link_color_active":"","ocean_menu_link_background":"","ocean_menu_link_hover_background":"","ocean_menu_link_active_background":"","ocean_menu_social_links_bg":"","ocean_menu_social_hover_links_bg":"","ocean_menu_social_links_color":"","ocean_menu_social_hover_links_color":"","ocean_disable_title":"on","ocean_disable_heading":"default","ocean_post_title":"","ocean_post_subheading":"","ocean_post_title_style":"","ocean_post_title_background_color":"","ocean_post_title_background":0,"ocean_post_title_bg_image_position":"","ocean_post_title_bg_image_attachment":"","ocean_post_title_bg_image_repeat":"","ocean_post_title_bg_image_size":"","ocean_post_title_height":0,"ocean_post_title_bg_overlay":0.5,"ocean_post_title_bg_overlay_color":"","ocean_disable_breadcrumbs":"default","ocean_breadcrumbs_color":"","ocean_breadcrumbs_separator_color":"","ocean_breadcrumbs_links_color":"","ocean_breadcrumbs_links_hover_color":"","ocean_display_footer_widgets":"default","ocean_display_footer_bottom":"default","ocean_custom_footer_template":"","footnotes":""},"class_list":["post-93","page","type-page","status-publish","hentry","entry"],"yoast_head":"<!-- This site is optimized with the Yoast SEO plugin v27.5 - https:\/\/yoast.com\/product\/yoast-seo-wordpress\/ -->\n<title>Carte GN - F\u00e9d\u00e9GN<\/title>\n<meta name=\"robots\" content=\"index, follow, max-snippet:-1, max-image-preview:large, max-video-preview:-1\" \/>\n<link rel=\"canonical\" href=\"https:\/\/blog.fedegn.org\/wordpress\/carte-gn\/\" \/>\n<meta property=\"og:locale\" content=\"en_US\" \/>\n<meta property=\"og:type\" content=\"article\" \/>\n<meta property=\"og:title\" content=\"Carte GN - F\u00e9d\u00e9GN\" \/>\n<meta property=\"og:description\" content=\"Souscrire maintenant Qu&#8217;est-ce que la Carte GN ? La Carte GN se compose d&#8217;une assurance individuelle sur vos jeux et d&#8217;avantages aupr\u00e8s de nos partenaires. Elle se d\u00e9cline en deux formules : \u00a0\u00a0* Une association conventionn\u00e9e est une association membre de la F\u00e9d\u00e9GN assur\u00e9e par l\u2019interm\u00e9diaire du contrat de groupe f\u00e9d\u00e9ral. ** Les garanties de [&hellip;]\" \/>\n<meta property=\"og:url\" content=\"https:\/\/blog.fedegn.org\/wordpress\/carte-gn\/\" \/>\n<meta property=\"og:site_name\" content=\"F\u00e9d\u00e9GN\" \/>\n<meta property=\"article:modified_time\" content=\"2025-10-28T17:10:32+00:00\" \/>\n<meta name=\"twitter:card\" content=\"summary_large_image\" \/>\n<meta name=\"twitter:label1\" content=\"Est. reading time\" \/>\n\t<meta name=\"twitter:data1\" content=\"3 minutes\" \/>\n<script type=\"application\/ld+json\" class=\"yoast-schema-graph\">{\"@context\":\"https:\\\/\\\/schema.org\",\"@graph\":[{\"@type\":\"WebPage\",\"@id\":\"https:\\\/\\\/blog.fedegn.org\\\/wordpress\\\/carte-gn\\\/\",\"url\":\"https:\\\/\\\/blog.fedegn.org\\\/wordpress\\\/carte-gn\\\/\",\"name\":\"Carte GN - F\u00e9d\u00e9GN\",\"isPartOf\":{\"@id\":\"https:\\\/\\\/blog.fedegn.org\\\/wordpress\\\/#website\"},\"datePublished\":\"2025-10-22T09:59:22+00:00\",\"dateModified\":\"2025-10-28T17:10:32+00:00\",\"breadcrumb\":{\"@id\":\"https:\\\/\\\/blog.fedegn.org\\\/wordpress\\\/carte-gn\\\/#breadcrumb\"},\"inLanguage\":\"en-US\",\"potentialAction\":[{\"@type\":\"ReadAction\",\"target\":[\"https:\\\/\\\/blog.fedegn.org\\\/wordpress\\\/carte-gn\\\/\"]}]},{\"@type\":\"BreadcrumbList\",\"@id\":\"https:\\\/\\\/blog.fedegn.org\\\/wordpress\\\/carte-gn\\\/#breadcrumb\",\"itemListElement\":[{\"@type\":\"ListItem\",\"position\":1,\"name\":\"Accueil\",\"item\":\"https:\\\/\\\/blog.fedegn.org\\\/wordpress\\\/\"},{\"@type\":\"ListItem\",\"position\":2,\"name\":\"Carte GN\"}]},{\"@type\":\"WebSite\",\"@id\":\"https:\\\/\\\/blog.fedegn.org\\\/wordpress\\\/#website\",\"url\":\"https:\\\/\\\/blog.fedegn.org\\\/wordpress\\\/\",\"name\":\"F\u00e9d\u00e9GN\",\"description\":\"\",\"publisher\":{\"@id\":\"https:\\\/\\\/blog.fedegn.org\\\/wordpress\\\/#organization\"},\"potentialAction\":[{\"@type\":\"SearchAction\",\"target\":{\"@type\":\"EntryPoint\",\"urlTemplate\":\"https:\\\/\\\/blog.fedegn.org\\\/wordpress\\\/?s={search_term_string}\"},\"query-input\":{\"@type\":\"PropertyValueSpecification\",\"valueRequired\":true,\"valueName\":\"search_term_string\"}}],\"inLanguage\":\"en-US\"},{\"@type\":\"Organization\",\"@id\":\"https:\\\/\\\/blog.fedegn.org\\\/wordpress\\\/#organization\",\"name\":\"F\u00e9d\u00e9GN\",\"url\":\"https:\\\/\\\/blog.fedegn.org\\\/wordpress\\\/\",\"logo\":{\"@type\":\"ImageObject\",\"inLanguage\":\"en-US\",\"@id\":\"https:\\\/\\\/blog.fedegn.org\\\/wordpress\\\/#\\\/schema\\\/logo\\\/image\\\/\",\"url\":\"https:\\\/\\\/blog.fedegn.org\\\/wordpress\\\/wp-content\\\/uploads\\\/2025\\\/10\\\/Logo_FedeGN-scaled.png\",\"contentUrl\":\"https:\\\/\\\/blog.fedegn.org\\\/wordpress\\\/wp-content\\\/uploads\\\/2025\\\/10\\\/Logo_FedeGN-scaled.png\",\"width\":2560,\"height\":1248,\"caption\":\"F\u00e9d\u00e9GN\"},\"image\":{\"@id\":\"https:\\\/\\\/blog.fedegn.org\\\/wordpress\\\/#\\\/schema\\\/logo\\\/image\\\/\"}}]}<\/script>\n<!-- \/ Yoast SEO plugin. -->","yoast_head_json":{"title":"Carte GN - F\u00e9d\u00e9GN","robots":{"index":"index","follow":"follow","max-snippet":"max-snippet:-1","max-image-preview":"max-image-preview:large","max-video-preview":"max-video-preview:-1"},"canonical":"https:\/\/blog.fedegn.org\/wordpress\/carte-gn\/","og_locale":"en_US","og_type":"article","og_title":"Carte GN - F\u00e9d\u00e9GN","og_description":"Souscrire maintenant Qu&#8217;est-ce que la Carte GN ? La Carte GN se compose d&#8217;une assurance individuelle sur vos jeux et d&#8217;avantages aupr\u00e8s de nos partenaires. Elle se d\u00e9cline en deux formules : \u00a0\u00a0* Une association conventionn\u00e9e est une association membre de la F\u00e9d\u00e9GN assur\u00e9e par l\u2019interm\u00e9diaire du contrat de groupe f\u00e9d\u00e9ral. ** Les garanties de [&hellip;]","og_url":"https:\/\/blog.fedegn.org\/wordpress\/carte-gn\/","og_site_name":"F\u00e9d\u00e9GN","article_modified_time":"2025-10-28T17:10:32+00:00","twitter_card":"summary_large_image","twitter_misc":{"Est. reading time":"3 minutes"},"schema":{"@context":"https:\/\/schema.org","@graph":[{"@type":"WebPage","@id":"https:\/\/blog.fedegn.org\/wordpress\/carte-gn\/","url":"https:\/\/blog.fedegn.org\/wordpress\/carte-gn\/","name":"Carte GN - F\u00e9d\u00e9GN","isPartOf":{"@id":"https:\/\/blog.fedegn.org\/wordpress\/#website"},"datePublished":"2025-10-22T09:59:22+00:00","dateModified":"2025-10-28T17:10:32+00:00","breadcrumb":{"@id":"https:\/\/blog.fedegn.org\/wordpress\/carte-gn\/#breadcrumb"},"inLanguage":"en-US","potentialAction":[{"@type":"ReadAction","target":["https:\/\/blog.fedegn.org\/wordpress\/carte-gn\/"]}]},{"@type":"BreadcrumbList","@id":"https:\/\/blog.fedegn.org\/wordpress\/carte-gn\/#breadcrumb","itemListElement":[{"@type":"ListItem","position":1,"name":"Accueil","item":"https:\/\/blog.fedegn.org\/wordpress\/"},{"@type":"ListItem","position":2,"name":"Carte GN"}]},{"@type":"WebSite","@id":"https:\/\/blog.fedegn.org\/wordpress\/#website","url":"https:\/\/blog.fedegn.org\/wordpress\/","name":"F\u00e9d\u00e9GN","description":"","publisher":{"@id":"https:\/\/blog.fedegn.org\/wordpress\/#organization"},"potentialAction":[{"@type":"SearchAction","target":{"@type":"EntryPoint","urlTemplate":"https:\/\/blog.fedegn.org\/wordpress\/?s={search_term_string}"},"query-input":{"@type":"PropertyValueSpecification","valueRequired":true,"valueName":"search_term_string"}}],"inLanguage":"en-US"},{"@type":"Organization","@id":"https:\/\/blog.fedegn.org\/wordpress\/#organization","name":"F\u00e9d\u00e9GN","url":"https:\/\/blog.fedegn.org\/wordpress\/","logo":{"@type":"ImageObject","inLanguage":"en-US","@id":"https:\/\/blog.fedegn.org\/wordpress\/#\/schema\/logo\/image\/","url":"https:\/\/blog.fedegn.org\/wordpress\/wp-content\/uploads\/2025\/10\/Logo_FedeGN-scaled.png","contentUrl":"https:\/\/blog.fedegn.org\/wordpress\/wp-content\/uploads\/2025\/10\/Logo_FedeGN-scaled.png","width":2560,"height":1248,"caption":"F\u00e9d\u00e9GN"},"image":{"@id":"https:\/\/blog.fedegn.org\/wordpress\/#\/schema\/logo\/image\/"}}]}},"_links":{"self":[{"href":"https:\/\/blog.fedegn.org\/wordpress\/wp-json\/wp\/v2\/pages\/93","targetHints":{"allow":["GET"]}}],"collection":[{"href":"https:\/\/blog.fedegn.org\/wordpress\/wp-json\/wp\/v2\/pages"}],"about":[{"href":"https:\/\/blog.fedegn.org\/wordpress\/wp-json\/wp\/v2\/types\/page"}],"author":[{"embeddable":true,"href":"https:\/\/blog.fedegn.org\/wordpress\/wp-json\/wp\/v2\/users\/1"}],"replies":[{"embeddable":true,"href":"https:\/\/blog.fedegn.org\/wordpress\/wp-json\/wp\/v2\/comments?post=93"}],"version-history":[{"count":8,"href":"https:\/\/blog.fedegn.org\/wordpress\/wp-json\/wp\/v2\/pages\/93\/revisions"}],"predecessor-version":[{"id":408,"href":"https:\/\/blog.fedegn.org\/wordpress\/wp-json\/wp\/v2\/pages\/93\/revisions\/408"}],"wp:attachment":[{"href":"https:\/\/blog.fedegn.org\/wordpress\/wp-json\/wp\/v2\/media?parent=93"}],"curies":[{"name":"wp","href":"https:\/\/api.w.org\/{rel}","templated":true}]}}