{"id":86,"date":"2025-10-22T11:57:48","date_gmt":"2025-10-22T09:57:48","guid":{"rendered":"http:\/\/fdgn.local\/?page_id=86"},"modified":"2025-10-31T18:29:49","modified_gmt":"2025-10-31T17:29:49","slug":"notre-logo","status":"publish","type":"page","link":"https:\/\/blog.fedegn.org\/wordpress\/notre-logo\/","title":{"rendered":"Notre logo"},"content":{"rendered":"\t\t<div data-elementor-type=\"wp-page\" data-elementor-id=\"86\" class=\"elementor elementor-86\">\n\t\t\t\t<div class=\"elementor-element elementor-element-42c2897c e-flex e-con-boxed e-con e-parent\" data-id=\"42c2897c\" data-element_type=\"container\" data-e-type=\"container\">\n\t\t\t\t\t<div class=\"e-con-inner\">\n\t\t<div class=\"elementor-element elementor-element-68ae9975 e-con-full e-flex e-con e-child\" data-id=\"68ae9975\" data-element_type=\"container\" data-e-type=\"container\">\n\t\t\t\t<div class=\"elementor-element elementor-element-30607e98 elementor-widget elementor-widget-heading\" data-id=\"30607e98\" data-element_type=\"widget\" data-e-type=\"widget\" data-widget_type=\"heading.default\">\n\t\t\t\t\t<h2 class=\"elementor-heading-title elementor-size-default\">Notre logo<\/h2>\t\t\t\t<\/div>\n\t\t\t\t<div class=\"elementor-element elementor-element-2f1e8c13 elementor-widget elementor-widget-text-editor\" data-id=\"2f1e8c13\" data-element_type=\"widget\" data-e-type=\"widget\" data-widget_type=\"text-editor.default\">\n\t\t\t\t\t\t\t\t\t<p>Vous souhaitez promouvoir la F\u00e9d\u00e9GN et ses actions et avez besoin pour cela de notre logo ?<\/p>\t\t\t\t\t\t\t\t<\/div>\n\t\t\t\t<div class=\"elementor-element elementor-element-1588462 elementor-align-right elementor-widget elementor-widget-button\" data-id=\"1588462\" data-element_type=\"widget\" data-e-type=\"widget\" data-widget_type=\"button.default\">\n\t\t\t\t\t\t\t\t\t\t<a class=\"elementor-button elementor-button-link elementor-size-sm\" href=\"https:\/\/blog.fedegn.org\/wordpress\/wp-content\/uploads\/2025\/10\/Charte-logo-1.pdf\">\n\t\t\t\t\t\t<span class=\"elementor-button-content-wrapper\">\n\t\t\t\t\t\t<span class=\"elementor-button-icon\">\n\t\t\t\t<svg aria-hidden=\"true\" class=\"e-font-icon-svg e-fas-download\" viewBox=\"0 0 512 512\" xmlns=\"http:\/\/www.w3.org\/2000\/svg\"><path d=\"M216 0h80c13.3 0 24 10.7 24 24v168h87.7c17.8 0 26.7 21.5 14.1 34.1L269.7 378.3c-7.5 7.5-19.8 7.5-27.3 0L90.1 226.1c-12.6-12.6-3.7-34.1 14.1-34.1H192V24c0-13.3 10.7-24 24-24zm296 376v112c0 13.3-10.7 24-24 24H24c-13.3 0-24-10.7-24-24V376c0-13.3 10.7-24 24-24h146.7l49 49c20.1 20.1 52.5 20.1 72.6 0l49-49H488c13.3 0 24 10.7 24 24zm-124 88c0-11-9-20-20-20s-20 9-20 20 9 20 20 20 20-9 20-20zm64 0c0-11-9-20-20-20s-20 9-20 20 9 20 20 20 20-9 20-20z\"><\/path><\/svg>\t\t\t<\/span>\n\t\t\t\t\t\t\t\t\t<span class=\"elementor-button-text\">Charte d'utilisation<\/span>\n\t\t\t\t\t<\/span>\n\t\t\t\t\t<\/a>\n\t\t\t\t\t\t\t\t<\/div>\n\t\t\t\t<div class=\"elementor-element elementor-element-12fbc56 elementor-widget elementor-widget-text-editor\" data-id=\"12fbc56\" data-element_type=\"widget\" data-e-type=\"widget\" data-widget_type=\"text-editor.default\">\n\t\t\t\t\t\t\t\t\t<p>Vous trouverez sur cette page le logo de la F\u00e9d\u00e9GN et sa d\u00e9clinaison pour nos membres, un pack contenant ces logos, ainsi que la charte graphique et les caract\u00e9ristiques techniques des couleurs.<\/p>\t\t\t\t\t\t\t\t<\/div>\n\t\t\t\t<div class=\"elementor-element elementor-element-f077ec5 elementor-align-right elementor-widget elementor-widget-button\" data-id=\"f077ec5\" data-element_type=\"widget\" data-e-type=\"widget\" data-widget_type=\"button.default\">\n\t\t\t\t\t\t\t\t\t\t<a class=\"elementor-button elementor-button-link elementor-size-sm\" href=\"https:\/\/blog.fedegn.org\/wordpress\/wp-content\/uploads\/2025\/10\/pack_logo.zip\">\n\t\t\t\t\t\t<span class=\"elementor-button-content-wrapper\">\n\t\t\t\t\t\t<span class=\"elementor-button-icon\">\n\t\t\t\t<svg aria-hidden=\"true\" class=\"e-font-icon-svg e-fas-download\" viewBox=\"0 0 512 512\" xmlns=\"http:\/\/www.w3.org\/2000\/svg\"><path d=\"M216 0h80c13.3 0 24 10.7 24 24v168h87.7c17.8 0 26.7 21.5 14.1 34.1L269.7 378.3c-7.5 7.5-19.8 7.5-27.3 0L90.1 226.1c-12.6-12.6-3.7-34.1 14.1-34.1H192V24c0-13.3 10.7-24 24-24zm296 376v112c0 13.3-10.7 24-24 24H24c-13.3 0-24-10.7-24-24V376c0-13.3 10.7-24 24-24h146.7l49 49c20.1 20.1 52.5 20.1 72.6 0l49-49H488c13.3 0 24 10.7 24 24zm-124 88c0-11-9-20-20-20s-20 9-20 20 9 20 20 20 20-9 20-20zm64 0c0-11-9-20-20-20s-20 9-20 20 9 20 20 20 20-9 20-20z\"><\/path><\/svg>\t\t\t<\/span>\n\t\t\t\t\t\t\t\t\t<span class=\"elementor-button-text\">Pack des logos<\/span>\n\t\t\t\t\t<\/span>\n\t\t\t\t\t<\/a>\n\t\t\t\t\t\t\t\t<\/div>\n\t\t\t\t<div class=\"elementor-element elementor-element-74eb743d elementor-widget elementor-widget-image\" data-id=\"74eb743d\" data-element_type=\"widget\" data-e-type=\"widget\" data-widget_type=\"image.default\">\n\t\t\t\t\t\t\t\t\t\t\t\t\t\t\t<img fetchpriority=\"high\" decoding=\"async\" width=\"480\" height=\"235\" src=\"https:\/\/blog.fedegn.org\/wordpress\/wp-content\/uploads\/2025\/10\/logo1_480_235.png\" class=\"attachment-full size-full wp-image-389\" alt=\"\" srcset=\"https:\/\/blog.fedegn.org\/wordpress\/wp-content\/uploads\/2025\/10\/logo1_480_235.png 480w, https:\/\/blog.fedegn.org\/wordpress\/wp-content\/uploads\/2025\/10\/logo1_480_235-300x147.png 300w\" sizes=\"(max-width: 480px) 100vw, 480px\" \/>\t\t\t\t\t\t\t\t\t\t\t\t\t\t\t<\/div>\n\t\t\t\t<div class=\"elementor-element elementor-element-03ac642 elementor-widget elementor-widget-image\" data-id=\"03ac642\" data-element_type=\"widget\" data-e-type=\"widget\" data-widget_type=\"image.default\">\n\t\t\t\t\t\t\t\t\t\t\t\t\t\t\t<img decoding=\"async\" width=\"480\" height=\"234\" src=\"https:\/\/blog.fedegn.org\/wordpress\/wp-content\/uploads\/2025\/10\/logo2_membre_480_235.png\" class=\"attachment-full size-full wp-image-390\" alt=\"\" srcset=\"https:\/\/blog.fedegn.org\/wordpress\/wp-content\/uploads\/2025\/10\/logo2_membre_480_235.png 480w, https:\/\/blog.fedegn.org\/wordpress\/wp-content\/uploads\/2025\/10\/logo2_membre_480_235-300x146.png 300w\" sizes=\"(max-width: 480px) 100vw, 480px\" \/>\t\t\t\t\t\t\t\t\t\t\t\t\t\t\t<\/div>\n\t\t\t\t<div class=\"elementor-element elementor-element-93c52fc elementor-widget elementor-widget-image\" data-id=\"93c52fc\" data-element_type=\"widget\" data-e-type=\"widget\" data-widget_type=\"image.default\">\n\t\t\t\t\t\t\t\t\t\t\t\t\t\t\t<img decoding=\"async\" width=\"480\" height=\"234\" src=\"https:\/\/blog.fedegn.org\/wordpress\/wp-content\/uploads\/2025\/10\/logo3_noiretblanc_480_235.png\" class=\"attachment-full size-full wp-image-391\" alt=\"\" srcset=\"https:\/\/blog.fedegn.org\/wordpress\/wp-content\/uploads\/2025\/10\/logo3_noiretblanc_480_235.png 480w, https:\/\/blog.fedegn.org\/wordpress\/wp-content\/uploads\/2025\/10\/logo3_noiretblanc_480_235-300x146.png 300w\" sizes=\"(max-width: 480px) 100vw, 480px\" \/>\t\t\t\t\t\t\t\t\t\t\t\t\t\t\t<\/div>\n\t\t\t\t<\/div>\n\t\t\t\t\t<\/div>\n\t\t\t\t<\/div>\n\t\t\t\t<\/div>\n\t\t","protected":false},"excerpt":{"rendered":"<p>Notre logo Vous souhaitez promouvoir la F\u00e9d\u00e9GN et ses actions et avez besoin pour cela de notre logo ? Charte d&#8217;utilisation Vous trouverez sur cette page le logo de la F\u00e9d\u00e9GN et sa d\u00e9clinaison pour nos membres, un pack contenant ces logos, ainsi que la charte graphique et les caract\u00e9ristiques techniques des couleurs. Pack des [&hellip;]<\/p>\n","protected":false},"author":1,"featured_media":0,"parent":0,"menu_order":0,"comment_status":"closed","ping_status":"closed","template":"","meta":{"ocean_post_layout":"","ocean_both_sidebars_style":"","ocean_both_sidebars_content_width":0,"ocean_both_sidebars_sidebars_width":0,"ocean_sidebar":"","ocean_second_sidebar":"","ocean_disable_margins":"enable","ocean_add_body_class":"","ocean_shortcode_before_top_bar":"","ocean_shortcode_after_top_bar":"","ocean_shortcode_before_header":"","ocean_shortcode_after_header":"","ocean_has_shortcode":"","ocean_shortcode_after_title":"","ocean_shortcode_before_footer_widgets":"","ocean_shortcode_after_footer_widgets":"","ocean_shortcode_before_footer_bottom":"","ocean_shortcode_after_footer_bottom":"","ocean_display_top_bar":"default","ocean_display_header":"default","ocean_header_style":"","ocean_center_header_left_menu":"","ocean_custom_header_template":"","ocean_custom_logo":0,"ocean_custom_retina_logo":0,"ocean_custom_logo_max_width":0,"ocean_custom_logo_tablet_max_width":0,"ocean_custom_logo_mobile_max_width":0,"ocean_custom_logo_max_height":0,"ocean_custom_logo_tablet_max_height":0,"ocean_custom_logo_mobile_max_height":0,"ocean_header_custom_menu":"","ocean_menu_typo_font_family":"","ocean_menu_typo_font_subset":"","ocean_menu_typo_font_size":0,"ocean_menu_typo_font_size_tablet":0,"ocean_menu_typo_font_size_mobile":0,"ocean_menu_typo_font_size_unit":"px","ocean_menu_typo_font_weight":"","ocean_menu_typo_font_weight_tablet":"","ocean_menu_typo_font_weight_mobile":"","ocean_menu_typo_transform":"","ocean_menu_typo_transform_tablet":"","ocean_menu_typo_transform_mobile":"","ocean_menu_typo_line_height":0,"ocean_menu_typo_line_height_tablet":0,"ocean_menu_typo_line_height_mobile":0,"ocean_menu_typo_line_height_unit":"","ocean_menu_typo_spacing":0,"ocean_menu_typo_spacing_tablet":0,"ocean_menu_typo_spacing_mobile":0,"ocean_menu_typo_spacing_unit":"","ocean_menu_link_color":"","ocean_menu_link_color_hover":"","ocean_menu_link_color_active":"","ocean_menu_link_background":"","ocean_menu_link_hover_background":"","ocean_menu_link_active_background":"","ocean_menu_social_links_bg":"","ocean_menu_social_hover_links_bg":"","ocean_menu_social_links_color":"","ocean_menu_social_hover_links_color":"","ocean_disable_title":"on","ocean_disable_heading":"default","ocean_post_title":"","ocean_post_subheading":"","ocean_post_title_style":"","ocean_post_title_background_color":"","ocean_post_title_background":0,"ocean_post_title_bg_image_position":"","ocean_post_title_bg_image_attachment":"","ocean_post_title_bg_image_repeat":"","ocean_post_title_bg_image_size":"","ocean_post_title_height":0,"ocean_post_title_bg_overlay":0.5,"ocean_post_title_bg_overlay_color":"","ocean_disable_breadcrumbs":"default","ocean_breadcrumbs_color":"","ocean_breadcrumbs_separator_color":"","ocean_breadcrumbs_links_color":"","ocean_breadcrumbs_links_hover_color":"","ocean_display_footer_widgets":"default","ocean_display_footer_bottom":"default","ocean_custom_footer_template":"","footnotes":""},"class_list":["post-86","page","type-page","status-publish","hentry","entry"],"yoast_head":"<!-- This site is optimized with the Yoast SEO plugin v27.5 - https:\/\/yoast.com\/product\/yoast-seo-wordpress\/ -->\n<title>Notre logo - F\u00e9d\u00e9GN<\/title>\n<meta name=\"robots\" content=\"index, follow, max-snippet:-1, max-image-preview:large, max-video-preview:-1\" \/>\n<link rel=\"canonical\" href=\"https:\/\/blog.fedegn.org\/wordpress\/notre-logo\/\" \/>\n<meta property=\"og:locale\" content=\"en_US\" \/>\n<meta property=\"og:type\" content=\"article\" \/>\n<meta property=\"og:title\" content=\"Notre logo - F\u00e9d\u00e9GN\" \/>\n<meta property=\"og:description\" content=\"Notre logo Vous souhaitez promouvoir la F\u00e9d\u00e9GN et ses actions et avez besoin pour cela de notre logo ? Charte d&#8217;utilisation Vous trouverez sur cette page le logo de la F\u00e9d\u00e9GN et sa d\u00e9clinaison pour nos membres, un pack contenant ces logos, ainsi que la charte graphique et les caract\u00e9ristiques techniques des couleurs. Pack des [&hellip;]\" \/>\n<meta property=\"og:url\" content=\"https:\/\/blog.fedegn.org\/wordpress\/notre-logo\/\" \/>\n<meta property=\"og:site_name\" content=\"F\u00e9d\u00e9GN\" \/>\n<meta property=\"article:modified_time\" content=\"2025-10-31T17:29:49+00:00\" \/>\n<meta property=\"og:image\" content=\"https:\/\/blog.fedegn.org\/wordpress\/wp-content\/uploads\/2025\/10\/logo1_480_235.png\" \/>\n\t<meta property=\"og:image:width\" content=\"480\" \/>\n\t<meta property=\"og:image:height\" content=\"235\" \/>\n\t<meta property=\"og:image:type\" content=\"image\/png\" \/>\n<meta name=\"twitter:card\" content=\"summary_large_image\" \/>\n<meta name=\"twitter:label1\" content=\"Est. reading time\" \/>\n\t<meta name=\"twitter:data1\" content=\"1 minute\" \/>\n<script type=\"application\/ld+json\" class=\"yoast-schema-graph\">{\"@context\":\"https:\\\/\\\/schema.org\",\"@graph\":[{\"@type\":\"WebPage\",\"@id\":\"https:\\\/\\\/blog.fedegn.org\\\/wordpress\\\/notre-logo\\\/\",\"url\":\"https:\\\/\\\/blog.fedegn.org\\\/wordpress\\\/notre-logo\\\/\",\"name\":\"Notre logo - F\u00e9d\u00e9GN\",\"isPartOf\":{\"@id\":\"https:\\\/\\\/blog.fedegn.org\\\/wordpress\\\/#website\"},\"primaryImageOfPage\":{\"@id\":\"https:\\\/\\\/blog.fedegn.org\\\/wordpress\\\/notre-logo\\\/#primaryimage\"},\"image\":{\"@id\":\"https:\\\/\\\/blog.fedegn.org\\\/wordpress\\\/notre-logo\\\/#primaryimage\"},\"thumbnailUrl\":\"https:\\\/\\\/blog.fedegn.org\\\/wordpress\\\/wp-content\\\/uploads\\\/2025\\\/10\\\/logo1_480_235.png\",\"datePublished\":\"2025-10-22T09:57:48+00:00\",\"dateModified\":\"2025-10-31T17:29:49+00:00\",\"breadcrumb\":{\"@id\":\"https:\\\/\\\/blog.fedegn.org\\\/wordpress\\\/notre-logo\\\/#breadcrumb\"},\"inLanguage\":\"en-US\",\"potentialAction\":[{\"@type\":\"ReadAction\",\"target\":[\"https:\\\/\\\/blog.fedegn.org\\\/wordpress\\\/notre-logo\\\/\"]}]},{\"@type\":\"ImageObject\",\"inLanguage\":\"en-US\",\"@id\":\"https:\\\/\\\/blog.fedegn.org\\\/wordpress\\\/notre-logo\\\/#primaryimage\",\"url\":\"https:\\\/\\\/blog.fedegn.org\\\/wordpress\\\/wp-content\\\/uploads\\\/2025\\\/10\\\/logo1_480_235.png\",\"contentUrl\":\"https:\\\/\\\/blog.fedegn.org\\\/wordpress\\\/wp-content\\\/uploads\\\/2025\\\/10\\\/logo1_480_235.png\",\"width\":480,\"height\":235},{\"@type\":\"BreadcrumbList\",\"@id\":\"https:\\\/\\\/blog.fedegn.org\\\/wordpress\\\/notre-logo\\\/#breadcrumb\",\"itemListElement\":[{\"@type\":\"ListItem\",\"position\":1,\"name\":\"Accueil\",\"item\":\"https:\\\/\\\/blog.fedegn.org\\\/wordpress\\\/\"},{\"@type\":\"ListItem\",\"position\":2,\"name\":\"Notre logo\"}]},{\"@type\":\"WebSite\",\"@id\":\"https:\\\/\\\/blog.fedegn.org\\\/wordpress\\\/#website\",\"url\":\"https:\\\/\\\/blog.fedegn.org\\\/wordpress\\\/\",\"name\":\"F\u00e9d\u00e9GN\",\"description\":\"\",\"publisher\":{\"@id\":\"https:\\\/\\\/blog.fedegn.org\\\/wordpress\\\/#organization\"},\"potentialAction\":[{\"@type\":\"SearchAction\",\"target\":{\"@type\":\"EntryPoint\",\"urlTemplate\":\"https:\\\/\\\/blog.fedegn.org\\\/wordpress\\\/?s={search_term_string}\"},\"query-input\":{\"@type\":\"PropertyValueSpecification\",\"valueRequired\":true,\"valueName\":\"search_term_string\"}}],\"inLanguage\":\"en-US\"},{\"@type\":\"Organization\",\"@id\":\"https:\\\/\\\/blog.fedegn.org\\\/wordpress\\\/#organization\",\"name\":\"F\u00e9d\u00e9GN\",\"url\":\"https:\\\/\\\/blog.fedegn.org\\\/wordpress\\\/\",\"logo\":{\"@type\":\"ImageObject\",\"inLanguage\":\"en-US\",\"@id\":\"https:\\\/\\\/blog.fedegn.org\\\/wordpress\\\/#\\\/schema\\\/logo\\\/image\\\/\",\"url\":\"https:\\\/\\\/blog.fedegn.org\\\/wordpress\\\/wp-content\\\/uploads\\\/2025\\\/10\\\/Logo_FedeGN-scaled.png\",\"contentUrl\":\"https:\\\/\\\/blog.fedegn.org\\\/wordpress\\\/wp-content\\\/uploads\\\/2025\\\/10\\\/Logo_FedeGN-scaled.png\",\"width\":2560,\"height\":1248,\"caption\":\"F\u00e9d\u00e9GN\"},\"image\":{\"@id\":\"https:\\\/\\\/blog.fedegn.org\\\/wordpress\\\/#\\\/schema\\\/logo\\\/image\\\/\"}}]}<\/script>\n<!-- \/ Yoast SEO plugin. -->","yoast_head_json":{"title":"Notre logo - F\u00e9d\u00e9GN","robots":{"index":"index","follow":"follow","max-snippet":"max-snippet:-1","max-image-preview":"max-image-preview:large","max-video-preview":"max-video-preview:-1"},"canonical":"https:\/\/blog.fedegn.org\/wordpress\/notre-logo\/","og_locale":"en_US","og_type":"article","og_title":"Notre logo - F\u00e9d\u00e9GN","og_description":"Notre logo Vous souhaitez promouvoir la F\u00e9d\u00e9GN et ses actions et avez besoin pour cela de notre logo ? Charte d&#8217;utilisation Vous trouverez sur cette page le logo de la F\u00e9d\u00e9GN et sa d\u00e9clinaison pour nos membres, un pack contenant ces logos, ainsi que la charte graphique et les caract\u00e9ristiques techniques des couleurs. Pack des [&hellip;]","og_url":"https:\/\/blog.fedegn.org\/wordpress\/notre-logo\/","og_site_name":"F\u00e9d\u00e9GN","article_modified_time":"2025-10-31T17:29:49+00:00","og_image":[{"width":480,"height":235,"url":"https:\/\/blog.fedegn.org\/wordpress\/wp-content\/uploads\/2025\/10\/logo1_480_235.png","type":"image\/png"}],"twitter_card":"summary_large_image","twitter_misc":{"Est. reading time":"1 minute"},"schema":{"@context":"https:\/\/schema.org","@graph":[{"@type":"WebPage","@id":"https:\/\/blog.fedegn.org\/wordpress\/notre-logo\/","url":"https:\/\/blog.fedegn.org\/wordpress\/notre-logo\/","name":"Notre logo - F\u00e9d\u00e9GN","isPartOf":{"@id":"https:\/\/blog.fedegn.org\/wordpress\/#website"},"primaryImageOfPage":{"@id":"https:\/\/blog.fedegn.org\/wordpress\/notre-logo\/#primaryimage"},"image":{"@id":"https:\/\/blog.fedegn.org\/wordpress\/notre-logo\/#primaryimage"},"thumbnailUrl":"https:\/\/blog.fedegn.org\/wordpress\/wp-content\/uploads\/2025\/10\/logo1_480_235.png","datePublished":"2025-10-22T09:57:48+00:00","dateModified":"2025-10-31T17:29:49+00:00","breadcrumb":{"@id":"https:\/\/blog.fedegn.org\/wordpress\/notre-logo\/#breadcrumb"},"inLanguage":"en-US","potentialAction":[{"@type":"ReadAction","target":["https:\/\/blog.fedegn.org\/wordpress\/notre-logo\/"]}]},{"@type":"ImageObject","inLanguage":"en-US","@id":"https:\/\/blog.fedegn.org\/wordpress\/notre-logo\/#primaryimage","url":"https:\/\/blog.fedegn.org\/wordpress\/wp-content\/uploads\/2025\/10\/logo1_480_235.png","contentUrl":"https:\/\/blog.fedegn.org\/wordpress\/wp-content\/uploads\/2025\/10\/logo1_480_235.png","width":480,"height":235},{"@type":"BreadcrumbList","@id":"https:\/\/blog.fedegn.org\/wordpress\/notre-logo\/#breadcrumb","itemListElement":[{"@type":"ListItem","position":1,"name":"Accueil","item":"https:\/\/blog.fedegn.org\/wordpress\/"},{"@type":"ListItem","position":2,"name":"Notre logo"}]},{"@type":"WebSite","@id":"https:\/\/blog.fedegn.org\/wordpress\/#website","url":"https:\/\/blog.fedegn.org\/wordpress\/","name":"F\u00e9d\u00e9GN","description":"","publisher":{"@id":"https:\/\/blog.fedegn.org\/wordpress\/#organization"},"potentialAction":[{"@type":"SearchAction","target":{"@type":"EntryPoint","urlTemplate":"https:\/\/blog.fedegn.org\/wordpress\/?s={search_term_string}"},"query-input":{"@type":"PropertyValueSpecification","valueRequired":true,"valueName":"search_term_string"}}],"inLanguage":"en-US"},{"@type":"Organization","@id":"https:\/\/blog.fedegn.org\/wordpress\/#organization","name":"F\u00e9d\u00e9GN","url":"https:\/\/blog.fedegn.org\/wordpress\/","logo":{"@type":"ImageObject","inLanguage":"en-US","@id":"https:\/\/blog.fedegn.org\/wordpress\/#\/schema\/logo\/image\/","url":"https:\/\/blog.fedegn.org\/wordpress\/wp-content\/uploads\/2025\/10\/Logo_FedeGN-scaled.png","contentUrl":"https:\/\/blog.fedegn.org\/wordpress\/wp-content\/uploads\/2025\/10\/Logo_FedeGN-scaled.png","width":2560,"height":1248,"caption":"F\u00e9d\u00e9GN"},"image":{"@id":"https:\/\/blog.fedegn.org\/wordpress\/#\/schema\/logo\/image\/"}}]}},"_links":{"self":[{"href":"https:\/\/blog.fedegn.org\/wordpress\/wp-json\/wp\/v2\/pages\/86","targetHints":{"allow":["GET"]}}],"collection":[{"href":"https:\/\/blog.fedegn.org\/wordpress\/wp-json\/wp\/v2\/pages"}],"about":[{"href":"https:\/\/blog.fedegn.org\/wordpress\/wp-json\/wp\/v2\/types\/page"}],"author":[{"embeddable":true,"href":"https:\/\/blog.fedegn.org\/wordpress\/wp-json\/wp\/v2\/users\/1"}],"replies":[{"embeddable":true,"href":"https:\/\/blog.fedegn.org\/wordpress\/wp-json\/wp\/v2\/comments?post=86"}],"version-history":[{"count":8,"href":"https:\/\/blog.fedegn.org\/wordpress\/wp-json\/wp\/v2\/pages\/86\/revisions"}],"predecessor-version":[{"id":505,"href":"https:\/\/blog.fedegn.org\/wordpress\/wp-json\/wp\/v2\/pages\/86\/revisions\/505"}],"wp:attachment":[{"href":"https:\/\/blog.fedegn.org\/wordpress\/wp-json\/wp\/v2\/media?parent=86"}],"curies":[{"name":"wp","href":"https:\/\/api.w.org\/{rel}","templated":true}]}}