{"id":80,"date":"2025-10-22T11:56:09","date_gmt":"2025-10-22T09:56:09","guid":{"rendered":"http:\/\/fdgn.local\/?page_id=80"},"modified":"2025-10-29T16:45:45","modified_gmt":"2025-10-29T15:45:45","slug":"les-cousins-du-gn","status":"publish","type":"page","link":"https:\/\/blog.fedegn.org\/wordpress\/les-cousins-du-gn\/","title":{"rendered":"Les cousins du GN"},"content":{"rendered":"\t\t<div data-elementor-type=\"wp-page\" data-elementor-id=\"80\" class=\"elementor elementor-80\">\n\t\t\t\t<div class=\"elementor-element elementor-element-358e804f e-flex e-con-boxed e-con e-parent\" data-id=\"358e804f\" data-element_type=\"container\" data-e-type=\"container\">\n\t\t\t\t\t<div class=\"e-con-inner\">\n\t\t<div class=\"elementor-element elementor-element-24423f16 e-con-full e-flex e-con e-child\" data-id=\"24423f16\" data-element_type=\"container\" data-e-type=\"container\">\n\t\t\t\t<div class=\"elementor-element elementor-element-b50445c elementor-widget elementor-widget-heading\" data-id=\"b50445c\" data-element_type=\"widget\" data-e-type=\"widget\" data-widget_type=\"heading.default\">\n\t\t\t\t\t<h2 class=\"elementor-heading-title elementor-size-default\">Les Cousins du GN\n<\/h2>\t\t\t\t<\/div>\n\t\t\t\t<div class=\"elementor-element elementor-element-76d9fe9c elementor-widget elementor-widget-text-editor\" data-id=\"76d9fe9c\" data-element_type=\"widget\" data-e-type=\"widget\" data-widget_type=\"text-editor.default\">\n\t\t\t\t\t\t\t\t\t<p>Utilisant des accessoires du GN, des techniques de jeu, des \u00e9l\u00e9ments d\u2019organisation, les types de jeux pr\u00e9sent\u00e9s ici sont proches du jeu de r\u00f4le Grandeur nature. Si proches que les joueurs, les organisateurs, sont souvent les m\u00eames. Ces jeux sont parfois utilis\u00e9s pour assurer la promotion du GN sur des salons, pour organiser des \u00e9v\u00e9nements grand public plus accessibles qu\u2019un jeu plus classique, ou pour animer des \u00e9v\u00e9nements ludiques pour se divertir. Ils peuvent \u00e9galement \u00eatre un vecteur de rassemblement d\u2019un tr\u00e8s grand nombre de joueurs.<\/p><p>Nous \u00e9voquerons donc ici toutes ces activit\u00e9s qui, sans forc\u00e9ment \u00eatre compl\u00e8tement du GN peuvent se revendiquer comme appartenant \u00e0 la communaut\u00e9 des GNistes. Que ce soit le Troll Ball, le Quidditch, les War GN, l&#8217;escrime ludique et bien d&#8217;autres, ils seront les bienvenus ici.<\/p>\t\t\t\t\t\t\t\t<\/div>\n\t\t\t\t<\/div>\n\t\t\t\t\t<\/div>\n\t\t\t\t<\/div>\n\t\t\t\t<\/div>\n\t\t","protected":false},"excerpt":{"rendered":"<p>Les Cousins du GN Utilisant des accessoires du GN, des techniques de jeu, des \u00e9l\u00e9ments d\u2019organisation, les types de jeux pr\u00e9sent\u00e9s ici sont proches du jeu de r\u00f4le Grandeur nature. Si proches que les joueurs, les organisateurs, sont souvent les m\u00eames. Ces jeux sont parfois utilis\u00e9s pour assurer la promotion du GN sur des salons, [&hellip;]<\/p>\n","protected":false},"author":1,"featured_media":0,"parent":0,"menu_order":0,"comment_status":"closed","ping_status":"closed","template":"","meta":{"ocean_post_layout":"","ocean_both_sidebars_style":"","ocean_both_sidebars_content_width":0,"ocean_both_sidebars_sidebars_width":0,"ocean_sidebar":"","ocean_second_sidebar":"","ocean_disable_margins":"enable","ocean_add_body_class":"","ocean_shortcode_before_top_bar":"","ocean_shortcode_after_top_bar":"","ocean_shortcode_before_header":"","ocean_shortcode_after_header":"","ocean_has_shortcode":"","ocean_shortcode_after_title":"","ocean_shortcode_before_footer_widgets":"","ocean_shortcode_after_footer_widgets":"","ocean_shortcode_before_footer_bottom":"","ocean_shortcode_after_footer_bottom":"","ocean_display_top_bar":"default","ocean_display_header":"default","ocean_header_style":"","ocean_center_header_left_menu":"","ocean_custom_header_template":"","ocean_custom_logo":0,"ocean_custom_retina_logo":0,"ocean_custom_logo_max_width":0,"ocean_custom_logo_tablet_max_width":0,"ocean_custom_logo_mobile_max_width":0,"ocean_custom_logo_max_height":0,"ocean_custom_logo_tablet_max_height":0,"ocean_custom_logo_mobile_max_height":0,"ocean_header_custom_menu":"","ocean_menu_typo_font_family":"","ocean_menu_typo_font_subset":"","ocean_menu_typo_font_size":0,"ocean_menu_typo_font_size_tablet":0,"ocean_menu_typo_font_size_mobile":0,"ocean_menu_typo_font_size_unit":"px","ocean_menu_typo_font_weight":"","ocean_menu_typo_font_weight_tablet":"","ocean_menu_typo_font_weight_mobile":"","ocean_menu_typo_transform":"","ocean_menu_typo_transform_tablet":"","ocean_menu_typo_transform_mobile":"","ocean_menu_typo_line_height":0,"ocean_menu_typo_line_height_tablet":0,"ocean_menu_typo_line_height_mobile":0,"ocean_menu_typo_line_height_unit":"","ocean_menu_typo_spacing":0,"ocean_menu_typo_spacing_tablet":0,"ocean_menu_typo_spacing_mobile":0,"ocean_menu_typo_spacing_unit":"","ocean_menu_link_color":"","ocean_menu_link_color_hover":"","ocean_menu_link_color_active":"","ocean_menu_link_background":"","ocean_menu_link_hover_background":"","ocean_menu_link_active_background":"","ocean_menu_social_links_bg":"","ocean_menu_social_hover_links_bg":"","ocean_menu_social_links_color":"","ocean_menu_social_hover_links_color":"","ocean_disable_title":"on","ocean_disable_heading":"default","ocean_post_title":"","ocean_post_subheading":"","ocean_post_title_style":"","ocean_post_title_background_color":"","ocean_post_title_background":0,"ocean_post_title_bg_image_position":"","ocean_post_title_bg_image_attachment":"","ocean_post_title_bg_image_repeat":"","ocean_post_title_bg_image_size":"","ocean_post_title_height":0,"ocean_post_title_bg_overlay":0.5,"ocean_post_title_bg_overlay_color":"","ocean_disable_breadcrumbs":"default","ocean_breadcrumbs_color":"","ocean_breadcrumbs_separator_color":"","ocean_breadcrumbs_links_color":"","ocean_breadcrumbs_links_hover_color":"","ocean_display_footer_widgets":"default","ocean_display_footer_bottom":"default","ocean_custom_footer_template":"","footnotes":""},"class_list":["post-80","page","type-page","status-publish","hentry","entry"],"yoast_head":"<!-- This site is optimized with the Yoast SEO plugin v27.5 - https:\/\/yoast.com\/product\/yoast-seo-wordpress\/ -->\n<title>Les cousins du GN - F\u00e9d\u00e9GN<\/title>\n<meta name=\"robots\" content=\"index, follow, max-snippet:-1, max-image-preview:large, max-video-preview:-1\" \/>\n<link rel=\"canonical\" href=\"https:\/\/blog.fedegn.org\/wordpress\/les-cousins-du-gn\/\" \/>\n<meta property=\"og:locale\" content=\"en_US\" \/>\n<meta property=\"og:type\" content=\"article\" \/>\n<meta property=\"og:title\" content=\"Les cousins du GN - F\u00e9d\u00e9GN\" \/>\n<meta property=\"og:description\" content=\"Les Cousins du GN Utilisant des accessoires du GN, des techniques de jeu, des \u00e9l\u00e9ments d\u2019organisation, les types de jeux pr\u00e9sent\u00e9s ici sont proches du jeu de r\u00f4le Grandeur nature. Si proches que les joueurs, les organisateurs, sont souvent les m\u00eames. Ces jeux sont parfois utilis\u00e9s pour assurer la promotion du GN sur des salons, [&hellip;]\" \/>\n<meta property=\"og:url\" content=\"https:\/\/blog.fedegn.org\/wordpress\/les-cousins-du-gn\/\" \/>\n<meta property=\"og:site_name\" content=\"F\u00e9d\u00e9GN\" \/>\n<meta property=\"article:modified_time\" content=\"2025-10-29T15:45:45+00:00\" \/>\n<meta name=\"twitter:card\" content=\"summary_large_image\" \/>\n<meta name=\"twitter:label1\" content=\"Est. reading time\" \/>\n\t<meta name=\"twitter:data1\" content=\"1 minute\" \/>\n<script type=\"application\/ld+json\" class=\"yoast-schema-graph\">{\"@context\":\"https:\\\/\\\/schema.org\",\"@graph\":[{\"@type\":\"WebPage\",\"@id\":\"https:\\\/\\\/blog.fedegn.org\\\/wordpress\\\/les-cousins-du-gn\\\/\",\"url\":\"https:\\\/\\\/blog.fedegn.org\\\/wordpress\\\/les-cousins-du-gn\\\/\",\"name\":\"Les cousins du GN - F\u00e9d\u00e9GN\",\"isPartOf\":{\"@id\":\"https:\\\/\\\/blog.fedegn.org\\\/wordpress\\\/#website\"},\"datePublished\":\"2025-10-22T09:56:09+00:00\",\"dateModified\":\"2025-10-29T15:45:45+00:00\",\"breadcrumb\":{\"@id\":\"https:\\\/\\\/blog.fedegn.org\\\/wordpress\\\/les-cousins-du-gn\\\/#breadcrumb\"},\"inLanguage\":\"en-US\",\"potentialAction\":[{\"@type\":\"ReadAction\",\"target\":[\"https:\\\/\\\/blog.fedegn.org\\\/wordpress\\\/les-cousins-du-gn\\\/\"]}]},{\"@type\":\"BreadcrumbList\",\"@id\":\"https:\\\/\\\/blog.fedegn.org\\\/wordpress\\\/les-cousins-du-gn\\\/#breadcrumb\",\"itemListElement\":[{\"@type\":\"ListItem\",\"position\":1,\"name\":\"Accueil\",\"item\":\"https:\\\/\\\/blog.fedegn.org\\\/wordpress\\\/\"},{\"@type\":\"ListItem\",\"position\":2,\"name\":\"Les cousins du GN\"}]},{\"@type\":\"WebSite\",\"@id\":\"https:\\\/\\\/blog.fedegn.org\\\/wordpress\\\/#website\",\"url\":\"https:\\\/\\\/blog.fedegn.org\\\/wordpress\\\/\",\"name\":\"F\u00e9d\u00e9GN\",\"description\":\"\",\"publisher\":{\"@id\":\"https:\\\/\\\/blog.fedegn.org\\\/wordpress\\\/#organization\"},\"potentialAction\":[{\"@type\":\"SearchAction\",\"target\":{\"@type\":\"EntryPoint\",\"urlTemplate\":\"https:\\\/\\\/blog.fedegn.org\\\/wordpress\\\/?s={search_term_string}\"},\"query-input\":{\"@type\":\"PropertyValueSpecification\",\"valueRequired\":true,\"valueName\":\"search_term_string\"}}],\"inLanguage\":\"en-US\"},{\"@type\":\"Organization\",\"@id\":\"https:\\\/\\\/blog.fedegn.org\\\/wordpress\\\/#organization\",\"name\":\"F\u00e9d\u00e9GN\",\"url\":\"https:\\\/\\\/blog.fedegn.org\\\/wordpress\\\/\",\"logo\":{\"@type\":\"ImageObject\",\"inLanguage\":\"en-US\",\"@id\":\"https:\\\/\\\/blog.fedegn.org\\\/wordpress\\\/#\\\/schema\\\/logo\\\/image\\\/\",\"url\":\"https:\\\/\\\/blog.fedegn.org\\\/wordpress\\\/wp-content\\\/uploads\\\/2025\\\/10\\\/Logo_FedeGN-scaled.png\",\"contentUrl\":\"https:\\\/\\\/blog.fedegn.org\\\/wordpress\\\/wp-content\\\/uploads\\\/2025\\\/10\\\/Logo_FedeGN-scaled.png\",\"width\":2560,\"height\":1248,\"caption\":\"F\u00e9d\u00e9GN\"},\"image\":{\"@id\":\"https:\\\/\\\/blog.fedegn.org\\\/wordpress\\\/#\\\/schema\\\/logo\\\/image\\\/\"}}]}<\/script>\n<!-- \/ Yoast SEO plugin. -->","yoast_head_json":{"title":"Les cousins du GN - F\u00e9d\u00e9GN","robots":{"index":"index","follow":"follow","max-snippet":"max-snippet:-1","max-image-preview":"max-image-preview:large","max-video-preview":"max-video-preview:-1"},"canonical":"https:\/\/blog.fedegn.org\/wordpress\/les-cousins-du-gn\/","og_locale":"en_US","og_type":"article","og_title":"Les cousins du GN - F\u00e9d\u00e9GN","og_description":"Les Cousins du GN Utilisant des accessoires du GN, des techniques de jeu, des \u00e9l\u00e9ments d\u2019organisation, les types de jeux pr\u00e9sent\u00e9s ici sont proches du jeu de r\u00f4le Grandeur nature. Si proches que les joueurs, les organisateurs, sont souvent les m\u00eames. Ces jeux sont parfois utilis\u00e9s pour assurer la promotion du GN sur des salons, [&hellip;]","og_url":"https:\/\/blog.fedegn.org\/wordpress\/les-cousins-du-gn\/","og_site_name":"F\u00e9d\u00e9GN","article_modified_time":"2025-10-29T15:45:45+00:00","twitter_card":"summary_large_image","twitter_misc":{"Est. reading time":"1 minute"},"schema":{"@context":"https:\/\/schema.org","@graph":[{"@type":"WebPage","@id":"https:\/\/blog.fedegn.org\/wordpress\/les-cousins-du-gn\/","url":"https:\/\/blog.fedegn.org\/wordpress\/les-cousins-du-gn\/","name":"Les cousins du GN - F\u00e9d\u00e9GN","isPartOf":{"@id":"https:\/\/blog.fedegn.org\/wordpress\/#website"},"datePublished":"2025-10-22T09:56:09+00:00","dateModified":"2025-10-29T15:45:45+00:00","breadcrumb":{"@id":"https:\/\/blog.fedegn.org\/wordpress\/les-cousins-du-gn\/#breadcrumb"},"inLanguage":"en-US","potentialAction":[{"@type":"ReadAction","target":["https:\/\/blog.fedegn.org\/wordpress\/les-cousins-du-gn\/"]}]},{"@type":"BreadcrumbList","@id":"https:\/\/blog.fedegn.org\/wordpress\/les-cousins-du-gn\/#breadcrumb","itemListElement":[{"@type":"ListItem","position":1,"name":"Accueil","item":"https:\/\/blog.fedegn.org\/wordpress\/"},{"@type":"ListItem","position":2,"name":"Les cousins du GN"}]},{"@type":"WebSite","@id":"https:\/\/blog.fedegn.org\/wordpress\/#website","url":"https:\/\/blog.fedegn.org\/wordpress\/","name":"F\u00e9d\u00e9GN","description":"","publisher":{"@id":"https:\/\/blog.fedegn.org\/wordpress\/#organization"},"potentialAction":[{"@type":"SearchAction","target":{"@type":"EntryPoint","urlTemplate":"https:\/\/blog.fedegn.org\/wordpress\/?s={search_term_string}"},"query-input":{"@type":"PropertyValueSpecification","valueRequired":true,"valueName":"search_term_string"}}],"inLanguage":"en-US"},{"@type":"Organization","@id":"https:\/\/blog.fedegn.org\/wordpress\/#organization","name":"F\u00e9d\u00e9GN","url":"https:\/\/blog.fedegn.org\/wordpress\/","logo":{"@type":"ImageObject","inLanguage":"en-US","@id":"https:\/\/blog.fedegn.org\/wordpress\/#\/schema\/logo\/image\/","url":"https:\/\/blog.fedegn.org\/wordpress\/wp-content\/uploads\/2025\/10\/Logo_FedeGN-scaled.png","contentUrl":"https:\/\/blog.fedegn.org\/wordpress\/wp-content\/uploads\/2025\/10\/Logo_FedeGN-scaled.png","width":2560,"height":1248,"caption":"F\u00e9d\u00e9GN"},"image":{"@id":"https:\/\/blog.fedegn.org\/wordpress\/#\/schema\/logo\/image\/"}}]}},"_links":{"self":[{"href":"https:\/\/blog.fedegn.org\/wordpress\/wp-json\/wp\/v2\/pages\/80","targetHints":{"allow":["GET"]}}],"collection":[{"href":"https:\/\/blog.fedegn.org\/wordpress\/wp-json\/wp\/v2\/pages"}],"about":[{"href":"https:\/\/blog.fedegn.org\/wordpress\/wp-json\/wp\/v2\/types\/page"}],"author":[{"embeddable":true,"href":"https:\/\/blog.fedegn.org\/wordpress\/wp-json\/wp\/v2\/users\/1"}],"replies":[{"embeddable":true,"href":"https:\/\/blog.fedegn.org\/wordpress\/wp-json\/wp\/v2\/comments?post=80"}],"version-history":[{"count":8,"href":"https:\/\/blog.fedegn.org\/wordpress\/wp-json\/wp\/v2\/pages\/80\/revisions"}],"predecessor-version":[{"id":495,"href":"https:\/\/blog.fedegn.org\/wordpress\/wp-json\/wp\/v2\/pages\/80\/revisions\/495"}],"wp:attachment":[{"href":"https:\/\/blog.fedegn.org\/wordpress\/wp-json\/wp\/v2\/media?parent=80"}],"curies":[{"name":"wp","href":"https:\/\/api.w.org\/{rel}","templated":true}]}}