{"id":61,"date":"2025-10-22T11:51:16","date_gmt":"2025-10-22T09:51:16","guid":{"rendered":"http:\/\/fdgn.local\/?page_id=61"},"modified":"2025-10-28T20:33:00","modified_gmt":"2025-10-28T19:33:00","slug":"les-costumes","status":"publish","type":"page","link":"https:\/\/blog.fedegn.org\/wordpress\/les-costumes\/","title":{"rendered":"Les costumes"},"content":{"rendered":"\t\t<div data-elementor-type=\"wp-page\" data-elementor-id=\"61\" class=\"elementor elementor-61\">\n\t\t\t\t<div class=\"elementor-element elementor-element-32d06ff5 e-flex e-con-boxed e-con e-parent\" data-id=\"32d06ff5\" data-element_type=\"container\" data-e-type=\"container\">\n\t\t\t\t\t<div class=\"e-con-inner\">\n\t\t<div class=\"elementor-element elementor-element-250e639d e-con-full e-flex e-con e-child\" data-id=\"250e639d\" data-element_type=\"container\" data-e-type=\"container\">\n\t\t\t\t<div class=\"elementor-element elementor-element-4de1c69a elementor-widget elementor-widget-heading\" data-id=\"4de1c69a\" data-element_type=\"widget\" data-e-type=\"widget\" data-widget_type=\"heading.default\">\n\t\t\t\t\t<h2 class=\"elementor-heading-title elementor-size-default\">Les costumes<\/h2>\t\t\t\t<\/div>\n\t\t\t\t<div class=\"elementor-element elementor-element-250b9f32 elementor-widget elementor-widget-text-editor\" data-id=\"250b9f32\" data-element_type=\"widget\" data-e-type=\"widget\" data-widget_type=\"text-editor.default\">\n\t\t\t\t\t\t\t\t\t<p>Le costume est un des \u00e9l\u00e9ments incontournables du jeu de r\u00f4le grandeur nature. Qu&#8217;il soit tr\u00e8s \u00e9labor\u00e9, \u00e0 la limite de la reconstitution historique, ou symbolique, il permet aux autres joueurs d&#8217;en savoir un peu plus sur le personnage que vous interpr\u00e9tez. Au-del\u00e0 du v\u00eatement, le costume vaut \u00e9galement par les accessoires que vous y joindrez (une bourse bien remplie, une besace pleine de richesses et de secrets, une valise adapt\u00e9e au transport des m\u00e9dicaments et autres potions, une dague ornement\u00e9e etc.).<\/p>\t\t\t\t\t\t\t\t<\/div>\n\t\t\t\t<div class=\"elementor-element elementor-element-49ddfe0c elementor-widget elementor-widget-image\" data-id=\"49ddfe0c\" data-element_type=\"widget\" data-e-type=\"widget\" data-widget_type=\"image.default\">\n\t\t\t\t\t\t\t\t\t\t\t\t\t\t\t<img fetchpriority=\"high\" decoding=\"async\" width=\"2272\" height=\"1704\" src=\"https:\/\/blog.fedegn.org\/wordpress\/wp-content\/uploads\/2025\/10\/diaporama-17.jpg\" class=\"attachment-full size-full wp-image-414\" alt=\"\" srcset=\"https:\/\/blog.fedegn.org\/wordpress\/wp-content\/uploads\/2025\/10\/diaporama-17.jpg 2272w, https:\/\/blog.fedegn.org\/wordpress\/wp-content\/uploads\/2025\/10\/diaporama-17-300x225.jpg 300w, https:\/\/blog.fedegn.org\/wordpress\/wp-content\/uploads\/2025\/10\/diaporama-17-1024x768.jpg 1024w, https:\/\/blog.fedegn.org\/wordpress\/wp-content\/uploads\/2025\/10\/diaporama-17-768x576.jpg 768w, https:\/\/blog.fedegn.org\/wordpress\/wp-content\/uploads\/2025\/10\/diaporama-17-1536x1152.jpg 1536w, https:\/\/blog.fedegn.org\/wordpress\/wp-content\/uploads\/2025\/10\/diaporama-17-2048x1536.jpg 2048w\" sizes=\"(max-width: 2272px) 100vw, 2272px\" \/>\t\t\t\t\t\t\t\t\t\t\t\t\t\t\t<\/div>\n\t\t\t\t<div class=\"elementor-element elementor-element-95ba6e0 elementor-widget elementor-widget-text-editor\" data-id=\"95ba6e0\" data-element_type=\"widget\" data-e-type=\"widget\" data-widget_type=\"text-editor.default\">\n\t\t\t\t\t\t\t\t\t<p>Le costume est le reflet de la profession d\u00e9finie par votre r\u00f4le (armure de chevalier, cape de magicien, uniforme d&#8217;unit\u00e9 d&#8217;intervention, plastron de guerrier du futur, tenue soign\u00e9e d&#8217;ambassadeur, ou nippes de gueux). Il est plus ou moins facile \u00e0 constituer selon le r\u00f4le que vous interpr\u00e9tez. Si vous d\u00e9butez, ne partez pas dans quelque chose de trop \u00e9labor\u00e9, mais constituez patiemment votre costume pi\u00e8ce par pi\u00e8ce. Selon les \u00e9poques du jeu, il est possible de s&#8217;\u00e9quiper \u00e0 moindre frais dans des fripes, en mettant en avant vos talents de couturiers, ou en plongeant aux tr\u00e9fonds de votre garde-robe.\u00a0<\/p>\t\t\t\t\t\t\t\t<\/div>\n\t\t\t\t<div class=\"elementor-element elementor-element-a44aa9d elementor-widget elementor-widget-image\" data-id=\"a44aa9d\" data-element_type=\"widget\" data-e-type=\"widget\" data-widget_type=\"image.default\">\n\t\t\t\t\t\t\t\t\t\t\t\t\t\t\t<img decoding=\"async\" width=\"1200\" height=\"1600\" src=\"https:\/\/blog.fedegn.org\/wordpress\/wp-content\/uploads\/2025\/10\/diaporama-22.jpg\" class=\"attachment-full size-full wp-image-415\" alt=\"\" srcset=\"https:\/\/blog.fedegn.org\/wordpress\/wp-content\/uploads\/2025\/10\/diaporama-22.jpg 1200w, https:\/\/blog.fedegn.org\/wordpress\/wp-content\/uploads\/2025\/10\/diaporama-22-225x300.jpg 225w, https:\/\/blog.fedegn.org\/wordpress\/wp-content\/uploads\/2025\/10\/diaporama-22-768x1024.jpg 768w, https:\/\/blog.fedegn.org\/wordpress\/wp-content\/uploads\/2025\/10\/diaporama-22-1152x1536.jpg 1152w\" sizes=\"(max-width: 1200px) 100vw, 1200px\" \/>\t\t\t\t\t\t\t\t\t\t\t\t\t\t\t<\/div>\n\t\t\t\t<\/div>\n\t\t\t\t\t<\/div>\n\t\t\t\t<\/div>\n\t\t\t\t<\/div>\n\t\t","protected":false},"excerpt":{"rendered":"<p>Les costumes Le costume est un des \u00e9l\u00e9ments incontournables du jeu de r\u00f4le grandeur nature. Qu&#8217;il soit tr\u00e8s \u00e9labor\u00e9, \u00e0 la limite de la reconstitution historique, ou symbolique, il permet aux autres joueurs d&#8217;en savoir un peu plus sur le personnage que vous interpr\u00e9tez. Au-del\u00e0 du v\u00eatement, le costume vaut \u00e9galement par les accessoires que [&hellip;]<\/p>\n","protected":false},"author":1,"featured_media":0,"parent":0,"menu_order":0,"comment_status":"closed","ping_status":"closed","template":"","meta":{"ocean_post_layout":"","ocean_both_sidebars_style":"","ocean_both_sidebars_content_width":0,"ocean_both_sidebars_sidebars_width":0,"ocean_sidebar":"","ocean_second_sidebar":"","ocean_disable_margins":"enable","ocean_add_body_class":"","ocean_shortcode_before_top_bar":"","ocean_shortcode_after_top_bar":"","ocean_shortcode_before_header":"","ocean_shortcode_after_header":"","ocean_has_shortcode":"","ocean_shortcode_after_title":"","ocean_shortcode_before_footer_widgets":"","ocean_shortcode_after_footer_widgets":"","ocean_shortcode_before_footer_bottom":"","ocean_shortcode_after_footer_bottom":"","ocean_display_top_bar":"default","ocean_display_header":"default","ocean_header_style":"","ocean_center_header_left_menu":"","ocean_custom_header_template":"","ocean_custom_logo":0,"ocean_custom_retina_logo":0,"ocean_custom_logo_max_width":0,"ocean_custom_logo_tablet_max_width":0,"ocean_custom_logo_mobile_max_width":0,"ocean_custom_logo_max_height":0,"ocean_custom_logo_tablet_max_height":0,"ocean_custom_logo_mobile_max_height":0,"ocean_header_custom_menu":"","ocean_menu_typo_font_family":"","ocean_menu_typo_font_subset":"","ocean_menu_typo_font_size":0,"ocean_menu_typo_font_size_tablet":0,"ocean_menu_typo_font_size_mobile":0,"ocean_menu_typo_font_size_unit":"px","ocean_menu_typo_font_weight":"","ocean_menu_typo_font_weight_tablet":"","ocean_menu_typo_font_weight_mobile":"","ocean_menu_typo_transform":"","ocean_menu_typo_transform_tablet":"","ocean_menu_typo_transform_mobile":"","ocean_menu_typo_line_height":0,"ocean_menu_typo_line_height_tablet":0,"ocean_menu_typo_line_height_mobile":0,"ocean_menu_typo_line_height_unit":"","ocean_menu_typo_spacing":0,"ocean_menu_typo_spacing_tablet":0,"ocean_menu_typo_spacing_mobile":0,"ocean_menu_typo_spacing_unit":"","ocean_menu_link_color":"","ocean_menu_link_color_hover":"","ocean_menu_link_color_active":"","ocean_menu_link_background":"","ocean_menu_link_hover_background":"","ocean_menu_link_active_background":"","ocean_menu_social_links_bg":"","ocean_menu_social_hover_links_bg":"","ocean_menu_social_links_color":"","ocean_menu_social_hover_links_color":"","ocean_disable_title":"on","ocean_disable_heading":"default","ocean_post_title":"","ocean_post_subheading":"","ocean_post_title_style":"","ocean_post_title_background_color":"","ocean_post_title_background":0,"ocean_post_title_bg_image_position":"","ocean_post_title_bg_image_attachment":"","ocean_post_title_bg_image_repeat":"","ocean_post_title_bg_image_size":"","ocean_post_title_height":0,"ocean_post_title_bg_overlay":0.5,"ocean_post_title_bg_overlay_color":"","ocean_disable_breadcrumbs":"default","ocean_breadcrumbs_color":"","ocean_breadcrumbs_separator_color":"","ocean_breadcrumbs_links_color":"","ocean_breadcrumbs_links_hover_color":"","ocean_display_footer_widgets":"default","ocean_display_footer_bottom":"default","ocean_custom_footer_template":"","footnotes":""},"class_list":["post-61","page","type-page","status-publish","hentry","entry"],"yoast_head":"<!-- This site is optimized with the Yoast SEO plugin v27.5 - https:\/\/yoast.com\/product\/yoast-seo-wordpress\/ -->\n<title>Les costumes - F\u00e9d\u00e9GN<\/title>\n<meta name=\"robots\" content=\"index, follow, max-snippet:-1, max-image-preview:large, max-video-preview:-1\" \/>\n<link rel=\"canonical\" href=\"https:\/\/blog.fedegn.org\/wordpress\/les-costumes\/\" \/>\n<meta property=\"og:locale\" content=\"en_US\" \/>\n<meta property=\"og:type\" content=\"article\" \/>\n<meta property=\"og:title\" content=\"Les costumes - F\u00e9d\u00e9GN\" \/>\n<meta property=\"og:description\" content=\"Les costumes Le costume est un des \u00e9l\u00e9ments incontournables du jeu de r\u00f4le grandeur nature. Qu&#8217;il soit tr\u00e8s \u00e9labor\u00e9, \u00e0 la limite de la reconstitution historique, ou symbolique, il permet aux autres joueurs d&#8217;en savoir un peu plus sur le personnage que vous interpr\u00e9tez. Au-del\u00e0 du v\u00eatement, le costume vaut \u00e9galement par les accessoires que [&hellip;]\" \/>\n<meta property=\"og:url\" content=\"https:\/\/blog.fedegn.org\/wordpress\/les-costumes\/\" \/>\n<meta property=\"og:site_name\" content=\"F\u00e9d\u00e9GN\" \/>\n<meta property=\"article:modified_time\" content=\"2025-10-28T19:33:00+00:00\" \/>\n<meta property=\"og:image\" content=\"https:\/\/blog.fedegn.org\/wordpress\/wp-content\/uploads\/2025\/10\/diaporama-17.jpg\" \/>\n\t<meta property=\"og:image:width\" content=\"2272\" \/>\n\t<meta property=\"og:image:height\" content=\"1704\" \/>\n\t<meta property=\"og:image:type\" content=\"image\/jpeg\" \/>\n<meta name=\"twitter:card\" content=\"summary_large_image\" \/>\n<meta name=\"twitter:label1\" content=\"Est. reading time\" \/>\n\t<meta name=\"twitter:data1\" content=\"1 minute\" \/>\n<script type=\"application\/ld+json\" class=\"yoast-schema-graph\">{\"@context\":\"https:\\\/\\\/schema.org\",\"@graph\":[{\"@type\":\"WebPage\",\"@id\":\"https:\\\/\\\/blog.fedegn.org\\\/wordpress\\\/les-costumes\\\/\",\"url\":\"https:\\\/\\\/blog.fedegn.org\\\/wordpress\\\/les-costumes\\\/\",\"name\":\"Les costumes - F\u00e9d\u00e9GN\",\"isPartOf\":{\"@id\":\"https:\\\/\\\/blog.fedegn.org\\\/wordpress\\\/#website\"},\"primaryImageOfPage\":{\"@id\":\"https:\\\/\\\/blog.fedegn.org\\\/wordpress\\\/les-costumes\\\/#primaryimage\"},\"image\":{\"@id\":\"https:\\\/\\\/blog.fedegn.org\\\/wordpress\\\/les-costumes\\\/#primaryimage\"},\"thumbnailUrl\":\"https:\\\/\\\/blog.fedegn.org\\\/wordpress\\\/wp-content\\\/uploads\\\/2025\\\/10\\\/diaporama-17.jpg\",\"datePublished\":\"2025-10-22T09:51:16+00:00\",\"dateModified\":\"2025-10-28T19:33:00+00:00\",\"breadcrumb\":{\"@id\":\"https:\\\/\\\/blog.fedegn.org\\\/wordpress\\\/les-costumes\\\/#breadcrumb\"},\"inLanguage\":\"en-US\",\"potentialAction\":[{\"@type\":\"ReadAction\",\"target\":[\"https:\\\/\\\/blog.fedegn.org\\\/wordpress\\\/les-costumes\\\/\"]}]},{\"@type\":\"ImageObject\",\"inLanguage\":\"en-US\",\"@id\":\"https:\\\/\\\/blog.fedegn.org\\\/wordpress\\\/les-costumes\\\/#primaryimage\",\"url\":\"https:\\\/\\\/blog.fedegn.org\\\/wordpress\\\/wp-content\\\/uploads\\\/2025\\\/10\\\/diaporama-17.jpg\",\"contentUrl\":\"https:\\\/\\\/blog.fedegn.org\\\/wordpress\\\/wp-content\\\/uploads\\\/2025\\\/10\\\/diaporama-17.jpg\",\"width\":2272,\"height\":1704},{\"@type\":\"BreadcrumbList\",\"@id\":\"https:\\\/\\\/blog.fedegn.org\\\/wordpress\\\/les-costumes\\\/#breadcrumb\",\"itemListElement\":[{\"@type\":\"ListItem\",\"position\":1,\"name\":\"Accueil\",\"item\":\"https:\\\/\\\/blog.fedegn.org\\\/wordpress\\\/\"},{\"@type\":\"ListItem\",\"position\":2,\"name\":\"Les costumes\"}]},{\"@type\":\"WebSite\",\"@id\":\"https:\\\/\\\/blog.fedegn.org\\\/wordpress\\\/#website\",\"url\":\"https:\\\/\\\/blog.fedegn.org\\\/wordpress\\\/\",\"name\":\"F\u00e9d\u00e9GN\",\"description\":\"\",\"publisher\":{\"@id\":\"https:\\\/\\\/blog.fedegn.org\\\/wordpress\\\/#organization\"},\"potentialAction\":[{\"@type\":\"SearchAction\",\"target\":{\"@type\":\"EntryPoint\",\"urlTemplate\":\"https:\\\/\\\/blog.fedegn.org\\\/wordpress\\\/?s={search_term_string}\"},\"query-input\":{\"@type\":\"PropertyValueSpecification\",\"valueRequired\":true,\"valueName\":\"search_term_string\"}}],\"inLanguage\":\"en-US\"},{\"@type\":\"Organization\",\"@id\":\"https:\\\/\\\/blog.fedegn.org\\\/wordpress\\\/#organization\",\"name\":\"F\u00e9d\u00e9GN\",\"url\":\"https:\\\/\\\/blog.fedegn.org\\\/wordpress\\\/\",\"logo\":{\"@type\":\"ImageObject\",\"inLanguage\":\"en-US\",\"@id\":\"https:\\\/\\\/blog.fedegn.org\\\/wordpress\\\/#\\\/schema\\\/logo\\\/image\\\/\",\"url\":\"https:\\\/\\\/blog.fedegn.org\\\/wordpress\\\/wp-content\\\/uploads\\\/2025\\\/10\\\/Logo_FedeGN-scaled.png\",\"contentUrl\":\"https:\\\/\\\/blog.fedegn.org\\\/wordpress\\\/wp-content\\\/uploads\\\/2025\\\/10\\\/Logo_FedeGN-scaled.png\",\"width\":2560,\"height\":1248,\"caption\":\"F\u00e9d\u00e9GN\"},\"image\":{\"@id\":\"https:\\\/\\\/blog.fedegn.org\\\/wordpress\\\/#\\\/schema\\\/logo\\\/image\\\/\"}}]}<\/script>\n<!-- \/ Yoast SEO plugin. -->","yoast_head_json":{"title":"Les costumes - F\u00e9d\u00e9GN","robots":{"index":"index","follow":"follow","max-snippet":"max-snippet:-1","max-image-preview":"max-image-preview:large","max-video-preview":"max-video-preview:-1"},"canonical":"https:\/\/blog.fedegn.org\/wordpress\/les-costumes\/","og_locale":"en_US","og_type":"article","og_title":"Les costumes - F\u00e9d\u00e9GN","og_description":"Les costumes Le costume est un des \u00e9l\u00e9ments incontournables du jeu de r\u00f4le grandeur nature. Qu&#8217;il soit tr\u00e8s \u00e9labor\u00e9, \u00e0 la limite de la reconstitution historique, ou symbolique, il permet aux autres joueurs d&#8217;en savoir un peu plus sur le personnage que vous interpr\u00e9tez. Au-del\u00e0 du v\u00eatement, le costume vaut \u00e9galement par les accessoires que [&hellip;]","og_url":"https:\/\/blog.fedegn.org\/wordpress\/les-costumes\/","og_site_name":"F\u00e9d\u00e9GN","article_modified_time":"2025-10-28T19:33:00+00:00","og_image":[{"width":2272,"height":1704,"url":"https:\/\/blog.fedegn.org\/wordpress\/wp-content\/uploads\/2025\/10\/diaporama-17.jpg","type":"image\/jpeg"}],"twitter_card":"summary_large_image","twitter_misc":{"Est. reading time":"1 minute"},"schema":{"@context":"https:\/\/schema.org","@graph":[{"@type":"WebPage","@id":"https:\/\/blog.fedegn.org\/wordpress\/les-costumes\/","url":"https:\/\/blog.fedegn.org\/wordpress\/les-costumes\/","name":"Les costumes - F\u00e9d\u00e9GN","isPartOf":{"@id":"https:\/\/blog.fedegn.org\/wordpress\/#website"},"primaryImageOfPage":{"@id":"https:\/\/blog.fedegn.org\/wordpress\/les-costumes\/#primaryimage"},"image":{"@id":"https:\/\/blog.fedegn.org\/wordpress\/les-costumes\/#primaryimage"},"thumbnailUrl":"https:\/\/blog.fedegn.org\/wordpress\/wp-content\/uploads\/2025\/10\/diaporama-17.jpg","datePublished":"2025-10-22T09:51:16+00:00","dateModified":"2025-10-28T19:33:00+00:00","breadcrumb":{"@id":"https:\/\/blog.fedegn.org\/wordpress\/les-costumes\/#breadcrumb"},"inLanguage":"en-US","potentialAction":[{"@type":"ReadAction","target":["https:\/\/blog.fedegn.org\/wordpress\/les-costumes\/"]}]},{"@type":"ImageObject","inLanguage":"en-US","@id":"https:\/\/blog.fedegn.org\/wordpress\/les-costumes\/#primaryimage","url":"https:\/\/blog.fedegn.org\/wordpress\/wp-content\/uploads\/2025\/10\/diaporama-17.jpg","contentUrl":"https:\/\/blog.fedegn.org\/wordpress\/wp-content\/uploads\/2025\/10\/diaporama-17.jpg","width":2272,"height":1704},{"@type":"BreadcrumbList","@id":"https:\/\/blog.fedegn.org\/wordpress\/les-costumes\/#breadcrumb","itemListElement":[{"@type":"ListItem","position":1,"name":"Accueil","item":"https:\/\/blog.fedegn.org\/wordpress\/"},{"@type":"ListItem","position":2,"name":"Les costumes"}]},{"@type":"WebSite","@id":"https:\/\/blog.fedegn.org\/wordpress\/#website","url":"https:\/\/blog.fedegn.org\/wordpress\/","name":"F\u00e9d\u00e9GN","description":"","publisher":{"@id":"https:\/\/blog.fedegn.org\/wordpress\/#organization"},"potentialAction":[{"@type":"SearchAction","target":{"@type":"EntryPoint","urlTemplate":"https:\/\/blog.fedegn.org\/wordpress\/?s={search_term_string}"},"query-input":{"@type":"PropertyValueSpecification","valueRequired":true,"valueName":"search_term_string"}}],"inLanguage":"en-US"},{"@type":"Organization","@id":"https:\/\/blog.fedegn.org\/wordpress\/#organization","name":"F\u00e9d\u00e9GN","url":"https:\/\/blog.fedegn.org\/wordpress\/","logo":{"@type":"ImageObject","inLanguage":"en-US","@id":"https:\/\/blog.fedegn.org\/wordpress\/#\/schema\/logo\/image\/","url":"https:\/\/blog.fedegn.org\/wordpress\/wp-content\/uploads\/2025\/10\/Logo_FedeGN-scaled.png","contentUrl":"https:\/\/blog.fedegn.org\/wordpress\/wp-content\/uploads\/2025\/10\/Logo_FedeGN-scaled.png","width":2560,"height":1248,"caption":"F\u00e9d\u00e9GN"},"image":{"@id":"https:\/\/blog.fedegn.org\/wordpress\/#\/schema\/logo\/image\/"}}]}},"_links":{"self":[{"href":"https:\/\/blog.fedegn.org\/wordpress\/wp-json\/wp\/v2\/pages\/61","targetHints":{"allow":["GET"]}}],"collection":[{"href":"https:\/\/blog.fedegn.org\/wordpress\/wp-json\/wp\/v2\/pages"}],"about":[{"href":"https:\/\/blog.fedegn.org\/wordpress\/wp-json\/wp\/v2\/types\/page"}],"author":[{"embeddable":true,"href":"https:\/\/blog.fedegn.org\/wordpress\/wp-json\/wp\/v2\/users\/1"}],"replies":[{"embeddable":true,"href":"https:\/\/blog.fedegn.org\/wordpress\/wp-json\/wp\/v2\/comments?post=61"}],"version-history":[{"count":5,"href":"https:\/\/blog.fedegn.org\/wordpress\/wp-json\/wp\/v2\/pages\/61\/revisions"}],"predecessor-version":[{"id":418,"href":"https:\/\/blog.fedegn.org\/wordpress\/wp-json\/wp\/v2\/pages\/61\/revisions\/418"}],"wp:attachment":[{"href":"https:\/\/blog.fedegn.org\/wordpress\/wp-json\/wp\/v2\/media?parent=61"}],"curies":[{"name":"wp","href":"https:\/\/api.w.org\/{rel}","templated":true}]}}