{"id":595,"date":"2025-12-29T16:27:23","date_gmt":"2025-12-29T15:27:23","guid":{"rendered":"https:\/\/blog.fedegn.org\/wordpress\/?page_id=595"},"modified":"2025-12-30T16:53:52","modified_gmt":"2025-12-30T15:53:52","slug":"les-annees-20","status":"publish","type":"page","link":"https:\/\/blog.fedegn.org\/wordpress\/les-annees-20\/","title":{"rendered":"Les ann\u00e9es 20"},"content":{"rendered":"\t\t<div data-elementor-type=\"wp-page\" data-elementor-id=\"595\" class=\"elementor elementor-595\">\n\t\t\t\t<div class=\"elementor-element elementor-element-2d62efd e-flex e-con-boxed e-con e-parent\" data-id=\"2d62efd\" data-element_type=\"container\" data-e-type=\"container\">\n\t\t\t\t\t<div class=\"e-con-inner\">\n\t\t<div class=\"elementor-element elementor-element-70a17526 e-con-full e-flex e-con e-child\" data-id=\"70a17526\" data-element_type=\"container\" data-e-type=\"container\">\n\t\t\t\t<div class=\"elementor-element elementor-element-2fc109d2 elementor-widget elementor-widget-heading\" data-id=\"2fc109d2\" data-element_type=\"widget\" data-e-type=\"widget\" data-widget_type=\"heading.default\">\n\t\t\t\t\t<h2 class=\"elementor-heading-title elementor-size-default\">Les Ann\u00e9es 20<\/h2>\t\t\t\t<\/div>\n\t\t\t\t<div class=\"elementor-element elementor-element-53182673 elementor-widget elementor-widget-image\" data-id=\"53182673\" data-element_type=\"widget\" data-e-type=\"widget\" data-widget_type=\"image.default\">\n\t\t\t\t\t\t\t\t\t\t\t\t\t\t\t<img fetchpriority=\"high\" decoding=\"async\" width=\"2000\" height=\"1500\" src=\"https:\/\/blog.fedegn.org\/wordpress\/wp-content\/uploads\/2025\/12\/annee-20-1.png\" class=\"attachment-full size-full wp-image-702\" alt=\"\" srcset=\"https:\/\/blog.fedegn.org\/wordpress\/wp-content\/uploads\/2025\/12\/annee-20-1.png 2000w, https:\/\/blog.fedegn.org\/wordpress\/wp-content\/uploads\/2025\/12\/annee-20-1-300x225.png 300w, https:\/\/blog.fedegn.org\/wordpress\/wp-content\/uploads\/2025\/12\/annee-20-1-1024x768.png 1024w, https:\/\/blog.fedegn.org\/wordpress\/wp-content\/uploads\/2025\/12\/annee-20-1-768x576.png 768w, https:\/\/blog.fedegn.org\/wordpress\/wp-content\/uploads\/2025\/12\/annee-20-1-1536x1152.png 1536w\" sizes=\"(max-width: 2000px) 100vw, 2000px\" \/>\t\t\t\t\t\t\t\t\t\t\t\t\t\t\t<\/div>\n\t\t\t\t<div class=\"elementor-element elementor-element-1b508f7 elementor-widget elementor-widget-text-editor\" data-id=\"1b508f7\" data-element_type=\"widget\" data-e-type=\"widget\" data-widget_type=\"text-editor.default\">\n\t\t\t\t\t\t\t\t\t<p>Au sortir de la premi\u00e8re guerre mondiale, certains pays connaissent une crise de r\u00e9gime imm\u00e9diate \u00a0(Italie, Allemagne, et des pays de l&#8217;Europe orientale), mettant \u00e0 mal les plans de coh\u00e9sion avanc\u00e9s par la nouvelle Soci\u00e9t\u00e9 des Nations. Le conflit d\u00e9bouche sur l&#8217;\u00e9mergence de libert\u00e9s originales, telles que l&#8217;\u00e9galit\u00e9 des droits politiques entre sexes et classes sociales. En Russie, la r\u00e9volution de 1917 instaure un nouveau r\u00e9gime socialiste renversant les classes poss\u00e9dantes traditionnelles, qui prend le contre-pied du mod\u00e8le de d\u00e9mocratie lib\u00e9rale. Pour se prot\u00e9ger de ce revirement et de la mont\u00e9e rapide de l&#8217;extr\u00eame gauche, les pays proches envisagent le recours ou l&#8217;affirmation de l&#8217;autoritarisme, mais sans s&#8217;y r\u00e9signer.<\/p><p>Les questions internationales li\u00e9es aux r\u00e9parations de guerre, avec rivalit\u00e9s et tensions diplomatiques, pr\u00e9occupent les citoyens comme les gouvernements, qui ressentent une grande d\u00e9ception apr\u00e8s la guerre. Les diff\u00e9rends profonds que la guerre a exacerb\u00e9s ou cr\u00e9\u00e9s vont rapidement mener \u00e0 l&#8217;\u00e9chec des n\u00e9gociations internationales. La question cruciale du d\u00e9sarmement oscille de fiasco en fiasco tout au long de la d\u00e9cennie, l&#8217;ann\u00e9e 1933 marquant ensuite le tournant vers un mouvement inverse : un r\u00e9armement. Le probl\u00e8me des r\u00e9parations financi\u00e8res et \u00e9nerg\u00e9tiques mine les relations internationales d\u00e8s la sortie de la guerre, jusqu&#8217;\u00e0 1929. Le plan Young de 1930, puis la conf\u00e9rence de Lausanne de 1932, qui fixent \u00ab d\u00e9finitivement \u00bb les clauses de remboursement par l&#8217;Allemagne, d\u00e9rivent d&#8217;une longue suite d&#8217;\u00e9checs depuis 1921. Le second accord sera par ailleurs caduc, la crise de 1929 \u00e9tant survenue.<\/p><p>Cette \u00e9poque riche en \u00e9v\u00e9nements est une source d&#8217;inspiration pour de nombreux sc\u00e9naristes de jeux de r\u00f4les grandeur nature. Que ce soit en se basant sur les faits historiques, sur des h\u00e9ros de litt\u00e9rature (Ars\u00e8ne Lupin, Hercule Poirot, Sherlock Holmes), ou sur des histoires plus fantastiques issues de jeux de r\u00f4les comme &#8220;Mal\u00e9fices&#8221;, &#8220;L&#8217;Appel de Cthulhu&#8221;, ce ne sont pas les types de jeux qui manquent.<\/p>\t\t\t\t\t\t\t\t<\/div>\n\t\t\t\t<\/div>\n\t\t\t\t\t<\/div>\n\t\t\t\t<\/div>\n\t\t<div class=\"elementor-element elementor-element-87174f5 e-flex e-con-boxed e-con e-parent\" data-id=\"87174f5\" data-element_type=\"container\" data-e-type=\"container\">\n\t\t\t\t\t<div class=\"e-con-inner\">\n\t\t\t\t<div class=\"elementor-element elementor-element-2da464f elementor-widget elementor-widget-image\" data-id=\"2da464f\" data-element_type=\"widget\" data-e-type=\"widget\" data-widget_type=\"image.default\">\n\t\t\t\t\t\t\t\t\t\t\t\t\t\t\t<img decoding=\"async\" width=\"1024\" height=\"768\" src=\"https:\/\/blog.fedegn.org\/wordpress\/wp-content\/uploads\/2025\/12\/annees-20-2-1024x768.png\" class=\"attachment-large size-large wp-image-703\" alt=\"\" srcset=\"https:\/\/blog.fedegn.org\/wordpress\/wp-content\/uploads\/2025\/12\/annees-20-2-1024x768.png 1024w, https:\/\/blog.fedegn.org\/wordpress\/wp-content\/uploads\/2025\/12\/annees-20-2-300x225.png 300w, https:\/\/blog.fedegn.org\/wordpress\/wp-content\/uploads\/2025\/12\/annees-20-2-768x576.png 768w, https:\/\/blog.fedegn.org\/wordpress\/wp-content\/uploads\/2025\/12\/annees-20-2-1536x1152.png 1536w, https:\/\/blog.fedegn.org\/wordpress\/wp-content\/uploads\/2025\/12\/annees-20-2-2048x1536.png 2048w\" sizes=\"(max-width: 1024px) 100vw, 1024px\" \/>\t\t\t\t\t\t\t\t\t\t\t\t\t\t\t<\/div>\n\t\t\t\t\t<\/div>\n\t\t\t\t<\/div>\n\t\t\t\t<\/div>\n\t\t","protected":false},"excerpt":{"rendered":"<p>Les Ann\u00e9es 20 Au sortir de la premi\u00e8re guerre mondiale, certains pays connaissent une crise de r\u00e9gime imm\u00e9diate \u00a0(Italie, Allemagne, et des pays de l&#8217;Europe orientale), mettant \u00e0 mal les plans de coh\u00e9sion avanc\u00e9s par la nouvelle Soci\u00e9t\u00e9 des Nations. Le conflit d\u00e9bouche sur l&#8217;\u00e9mergence de libert\u00e9s originales, telles que l&#8217;\u00e9galit\u00e9 des droits politiques entre [&hellip;]<\/p>\n","protected":false},"author":1,"featured_media":0,"parent":0,"menu_order":0,"comment_status":"closed","ping_status":"closed","template":"","meta":{"ocean_post_layout":"","ocean_both_sidebars_style":"","ocean_both_sidebars_content_width":0,"ocean_both_sidebars_sidebars_width":0,"ocean_sidebar":"","ocean_second_sidebar":"","ocean_disable_margins":"enable","ocean_add_body_class":"","ocean_shortcode_before_top_bar":"","ocean_shortcode_after_top_bar":"","ocean_shortcode_before_header":"","ocean_shortcode_after_header":"","ocean_has_shortcode":"","ocean_shortcode_after_title":"","ocean_shortcode_before_footer_widgets":"","ocean_shortcode_after_footer_widgets":"","ocean_shortcode_before_footer_bottom":"","ocean_shortcode_after_footer_bottom":"","ocean_display_top_bar":"default","ocean_display_header":"default","ocean_header_style":"","ocean_center_header_left_menu":"","ocean_custom_header_template":"","ocean_custom_logo":0,"ocean_custom_retina_logo":0,"ocean_custom_logo_max_width":0,"ocean_custom_logo_tablet_max_width":0,"ocean_custom_logo_mobile_max_width":0,"ocean_custom_logo_max_height":0,"ocean_custom_logo_tablet_max_height":0,"ocean_custom_logo_mobile_max_height":0,"ocean_header_custom_menu":"","ocean_menu_typo_font_family":"","ocean_menu_typo_font_subset":"","ocean_menu_typo_font_size":0,"ocean_menu_typo_font_size_tablet":0,"ocean_menu_typo_font_size_mobile":0,"ocean_menu_typo_font_size_unit":"px","ocean_menu_typo_font_weight":"","ocean_menu_typo_font_weight_tablet":"","ocean_menu_typo_font_weight_mobile":"","ocean_menu_typo_transform":"","ocean_menu_typo_transform_tablet":"","ocean_menu_typo_transform_mobile":"","ocean_menu_typo_line_height":0,"ocean_menu_typo_line_height_tablet":0,"ocean_menu_typo_line_height_mobile":0,"ocean_menu_typo_line_height_unit":"","ocean_menu_typo_spacing":0,"ocean_menu_typo_spacing_tablet":0,"ocean_menu_typo_spacing_mobile":0,"ocean_menu_typo_spacing_unit":"","ocean_menu_link_color":"","ocean_menu_link_color_hover":"","ocean_menu_link_color_active":"","ocean_menu_link_background":"","ocean_menu_link_hover_background":"","ocean_menu_link_active_background":"","ocean_menu_social_links_bg":"","ocean_menu_social_hover_links_bg":"","ocean_menu_social_links_color":"","ocean_menu_social_hover_links_color":"","ocean_disable_title":"default","ocean_disable_heading":"default","ocean_post_title":"","ocean_post_subheading":"","ocean_post_title_style":"","ocean_post_title_background_color":"","ocean_post_title_background":0,"ocean_post_title_bg_image_position":"","ocean_post_title_bg_image_attachment":"","ocean_post_title_bg_image_repeat":"","ocean_post_title_bg_image_size":"","ocean_post_title_height":0,"ocean_post_title_bg_overlay":0.5,"ocean_post_title_bg_overlay_color":"","ocean_disable_breadcrumbs":"default","ocean_breadcrumbs_color":"","ocean_breadcrumbs_separator_color":"","ocean_breadcrumbs_links_color":"","ocean_breadcrumbs_links_hover_color":"","ocean_display_footer_widgets":"default","ocean_display_footer_bottom":"default","ocean_custom_footer_template":"","footnotes":""},"class_list":["post-595","page","type-page","status-publish","hentry","entry"],"yoast_head":"<!-- This site is optimized with the Yoast SEO plugin v27.5 - https:\/\/yoast.com\/product\/yoast-seo-wordpress\/ -->\n<title>Les ann\u00e9es 20 - F\u00e9d\u00e9GN<\/title>\n<meta name=\"robots\" content=\"index, follow, max-snippet:-1, max-image-preview:large, max-video-preview:-1\" \/>\n<link rel=\"canonical\" href=\"https:\/\/blog.fedegn.org\/wordpress\/les-annees-20\/\" \/>\n<meta property=\"og:locale\" content=\"en_US\" \/>\n<meta property=\"og:type\" content=\"article\" \/>\n<meta property=\"og:title\" content=\"Les ann\u00e9es 20 - F\u00e9d\u00e9GN\" \/>\n<meta property=\"og:description\" content=\"Les Ann\u00e9es 20 Au sortir de la premi\u00e8re guerre mondiale, certains pays connaissent une crise de r\u00e9gime imm\u00e9diate \u00a0(Italie, Allemagne, et des pays de l&#8217;Europe orientale), mettant \u00e0 mal les plans de coh\u00e9sion avanc\u00e9s par la nouvelle Soci\u00e9t\u00e9 des Nations. Le conflit d\u00e9bouche sur l&#8217;\u00e9mergence de libert\u00e9s originales, telles que l&#8217;\u00e9galit\u00e9 des droits politiques entre [&hellip;]\" \/>\n<meta property=\"og:url\" content=\"https:\/\/blog.fedegn.org\/wordpress\/les-annees-20\/\" \/>\n<meta property=\"og:site_name\" content=\"F\u00e9d\u00e9GN\" \/>\n<meta property=\"article:modified_time\" content=\"2025-12-30T15:53:52+00:00\" \/>\n<meta property=\"og:image\" content=\"https:\/\/blog.fedegn.org\/wordpress\/wp-content\/uploads\/2025\/12\/annee-20-1-1024x768.png\" \/>\n\t<meta property=\"og:image:width\" content=\"1024\" \/>\n\t<meta property=\"og:image:height\" content=\"768\" \/>\n\t<meta property=\"og:image:type\" content=\"image\/png\" \/>\n<meta name=\"twitter:card\" content=\"summary_large_image\" \/>\n<meta name=\"twitter:label1\" content=\"Est. reading time\" \/>\n\t<meta name=\"twitter:data1\" content=\"2 minutes\" \/>\n<script type=\"application\/ld+json\" class=\"yoast-schema-graph\">{\"@context\":\"https:\\\/\\\/schema.org\",\"@graph\":[{\"@type\":\"WebPage\",\"@id\":\"https:\\\/\\\/blog.fedegn.org\\\/wordpress\\\/les-annees-20\\\/\",\"url\":\"https:\\\/\\\/blog.fedegn.org\\\/wordpress\\\/les-annees-20\\\/\",\"name\":\"Les ann\u00e9es 20 - F\u00e9d\u00e9GN\",\"isPartOf\":{\"@id\":\"https:\\\/\\\/blog.fedegn.org\\\/wordpress\\\/#website\"},\"primaryImageOfPage\":{\"@id\":\"https:\\\/\\\/blog.fedegn.org\\\/wordpress\\\/les-annees-20\\\/#primaryimage\"},\"image\":{\"@id\":\"https:\\\/\\\/blog.fedegn.org\\\/wordpress\\\/les-annees-20\\\/#primaryimage\"},\"thumbnailUrl\":\"https:\\\/\\\/blog.fedegn.org\\\/wordpress\\\/wp-content\\\/uploads\\\/2025\\\/12\\\/annee-20-1.png\",\"datePublished\":\"2025-12-29T15:27:23+00:00\",\"dateModified\":\"2025-12-30T15:53:52+00:00\",\"breadcrumb\":{\"@id\":\"https:\\\/\\\/blog.fedegn.org\\\/wordpress\\\/les-annees-20\\\/#breadcrumb\"},\"inLanguage\":\"en-US\",\"potentialAction\":[{\"@type\":\"ReadAction\",\"target\":[\"https:\\\/\\\/blog.fedegn.org\\\/wordpress\\\/les-annees-20\\\/\"]}]},{\"@type\":\"ImageObject\",\"inLanguage\":\"en-US\",\"@id\":\"https:\\\/\\\/blog.fedegn.org\\\/wordpress\\\/les-annees-20\\\/#primaryimage\",\"url\":\"https:\\\/\\\/blog.fedegn.org\\\/wordpress\\\/wp-content\\\/uploads\\\/2025\\\/12\\\/annee-20-1.png\",\"contentUrl\":\"https:\\\/\\\/blog.fedegn.org\\\/wordpress\\\/wp-content\\\/uploads\\\/2025\\\/12\\\/annee-20-1.png\",\"width\":2000,\"height\":1500},{\"@type\":\"BreadcrumbList\",\"@id\":\"https:\\\/\\\/blog.fedegn.org\\\/wordpress\\\/les-annees-20\\\/#breadcrumb\",\"itemListElement\":[{\"@type\":\"ListItem\",\"position\":1,\"name\":\"Accueil\",\"item\":\"https:\\\/\\\/blog.fedegn.org\\\/wordpress\\\/\"},{\"@type\":\"ListItem\",\"position\":2,\"name\":\"Les ann\u00e9es 20\"}]},{\"@type\":\"WebSite\",\"@id\":\"https:\\\/\\\/blog.fedegn.org\\\/wordpress\\\/#website\",\"url\":\"https:\\\/\\\/blog.fedegn.org\\\/wordpress\\\/\",\"name\":\"F\u00e9d\u00e9GN\",\"description\":\"\",\"publisher\":{\"@id\":\"https:\\\/\\\/blog.fedegn.org\\\/wordpress\\\/#organization\"},\"potentialAction\":[{\"@type\":\"SearchAction\",\"target\":{\"@type\":\"EntryPoint\",\"urlTemplate\":\"https:\\\/\\\/blog.fedegn.org\\\/wordpress\\\/?s={search_term_string}\"},\"query-input\":{\"@type\":\"PropertyValueSpecification\",\"valueRequired\":true,\"valueName\":\"search_term_string\"}}],\"inLanguage\":\"en-US\"},{\"@type\":\"Organization\",\"@id\":\"https:\\\/\\\/blog.fedegn.org\\\/wordpress\\\/#organization\",\"name\":\"F\u00e9d\u00e9GN\",\"url\":\"https:\\\/\\\/blog.fedegn.org\\\/wordpress\\\/\",\"logo\":{\"@type\":\"ImageObject\",\"inLanguage\":\"en-US\",\"@id\":\"https:\\\/\\\/blog.fedegn.org\\\/wordpress\\\/#\\\/schema\\\/logo\\\/image\\\/\",\"url\":\"https:\\\/\\\/blog.fedegn.org\\\/wordpress\\\/wp-content\\\/uploads\\\/2025\\\/10\\\/Logo_FedeGN-scaled.png\",\"contentUrl\":\"https:\\\/\\\/blog.fedegn.org\\\/wordpress\\\/wp-content\\\/uploads\\\/2025\\\/10\\\/Logo_FedeGN-scaled.png\",\"width\":2560,\"height\":1248,\"caption\":\"F\u00e9d\u00e9GN\"},\"image\":{\"@id\":\"https:\\\/\\\/blog.fedegn.org\\\/wordpress\\\/#\\\/schema\\\/logo\\\/image\\\/\"}}]}<\/script>\n<!-- \/ Yoast SEO plugin. -->","yoast_head_json":{"title":"Les ann\u00e9es 20 - F\u00e9d\u00e9GN","robots":{"index":"index","follow":"follow","max-snippet":"max-snippet:-1","max-image-preview":"max-image-preview:large","max-video-preview":"max-video-preview:-1"},"canonical":"https:\/\/blog.fedegn.org\/wordpress\/les-annees-20\/","og_locale":"en_US","og_type":"article","og_title":"Les ann\u00e9es 20 - F\u00e9d\u00e9GN","og_description":"Les Ann\u00e9es 20 Au sortir de la premi\u00e8re guerre mondiale, certains pays connaissent une crise de r\u00e9gime imm\u00e9diate \u00a0(Italie, Allemagne, et des pays de l&#8217;Europe orientale), mettant \u00e0 mal les plans de coh\u00e9sion avanc\u00e9s par la nouvelle Soci\u00e9t\u00e9 des Nations. Le conflit d\u00e9bouche sur l&#8217;\u00e9mergence de libert\u00e9s originales, telles que l&#8217;\u00e9galit\u00e9 des droits politiques entre [&hellip;]","og_url":"https:\/\/blog.fedegn.org\/wordpress\/les-annees-20\/","og_site_name":"F\u00e9d\u00e9GN","article_modified_time":"2025-12-30T15:53:52+00:00","og_image":[{"width":1024,"height":768,"url":"https:\/\/blog.fedegn.org\/wordpress\/wp-content\/uploads\/2025\/12\/annee-20-1-1024x768.png","type":"image\/png"}],"twitter_card":"summary_large_image","twitter_misc":{"Est. reading time":"2 minutes"},"schema":{"@context":"https:\/\/schema.org","@graph":[{"@type":"WebPage","@id":"https:\/\/blog.fedegn.org\/wordpress\/les-annees-20\/","url":"https:\/\/blog.fedegn.org\/wordpress\/les-annees-20\/","name":"Les ann\u00e9es 20 - F\u00e9d\u00e9GN","isPartOf":{"@id":"https:\/\/blog.fedegn.org\/wordpress\/#website"},"primaryImageOfPage":{"@id":"https:\/\/blog.fedegn.org\/wordpress\/les-annees-20\/#primaryimage"},"image":{"@id":"https:\/\/blog.fedegn.org\/wordpress\/les-annees-20\/#primaryimage"},"thumbnailUrl":"https:\/\/blog.fedegn.org\/wordpress\/wp-content\/uploads\/2025\/12\/annee-20-1.png","datePublished":"2025-12-29T15:27:23+00:00","dateModified":"2025-12-30T15:53:52+00:00","breadcrumb":{"@id":"https:\/\/blog.fedegn.org\/wordpress\/les-annees-20\/#breadcrumb"},"inLanguage":"en-US","potentialAction":[{"@type":"ReadAction","target":["https:\/\/blog.fedegn.org\/wordpress\/les-annees-20\/"]}]},{"@type":"ImageObject","inLanguage":"en-US","@id":"https:\/\/blog.fedegn.org\/wordpress\/les-annees-20\/#primaryimage","url":"https:\/\/blog.fedegn.org\/wordpress\/wp-content\/uploads\/2025\/12\/annee-20-1.png","contentUrl":"https:\/\/blog.fedegn.org\/wordpress\/wp-content\/uploads\/2025\/12\/annee-20-1.png","width":2000,"height":1500},{"@type":"BreadcrumbList","@id":"https:\/\/blog.fedegn.org\/wordpress\/les-annees-20\/#breadcrumb","itemListElement":[{"@type":"ListItem","position":1,"name":"Accueil","item":"https:\/\/blog.fedegn.org\/wordpress\/"},{"@type":"ListItem","position":2,"name":"Les ann\u00e9es 20"}]},{"@type":"WebSite","@id":"https:\/\/blog.fedegn.org\/wordpress\/#website","url":"https:\/\/blog.fedegn.org\/wordpress\/","name":"F\u00e9d\u00e9GN","description":"","publisher":{"@id":"https:\/\/blog.fedegn.org\/wordpress\/#organization"},"potentialAction":[{"@type":"SearchAction","target":{"@type":"EntryPoint","urlTemplate":"https:\/\/blog.fedegn.org\/wordpress\/?s={search_term_string}"},"query-input":{"@type":"PropertyValueSpecification","valueRequired":true,"valueName":"search_term_string"}}],"inLanguage":"en-US"},{"@type":"Organization","@id":"https:\/\/blog.fedegn.org\/wordpress\/#organization","name":"F\u00e9d\u00e9GN","url":"https:\/\/blog.fedegn.org\/wordpress\/","logo":{"@type":"ImageObject","inLanguage":"en-US","@id":"https:\/\/blog.fedegn.org\/wordpress\/#\/schema\/logo\/image\/","url":"https:\/\/blog.fedegn.org\/wordpress\/wp-content\/uploads\/2025\/10\/Logo_FedeGN-scaled.png","contentUrl":"https:\/\/blog.fedegn.org\/wordpress\/wp-content\/uploads\/2025\/10\/Logo_FedeGN-scaled.png","width":2560,"height":1248,"caption":"F\u00e9d\u00e9GN"},"image":{"@id":"https:\/\/blog.fedegn.org\/wordpress\/#\/schema\/logo\/image\/"}}]}},"_links":{"self":[{"href":"https:\/\/blog.fedegn.org\/wordpress\/wp-json\/wp\/v2\/pages\/595","targetHints":{"allow":["GET"]}}],"collection":[{"href":"https:\/\/blog.fedegn.org\/wordpress\/wp-json\/wp\/v2\/pages"}],"about":[{"href":"https:\/\/blog.fedegn.org\/wordpress\/wp-json\/wp\/v2\/types\/page"}],"author":[{"embeddable":true,"href":"https:\/\/blog.fedegn.org\/wordpress\/wp-json\/wp\/v2\/users\/1"}],"replies":[{"embeddable":true,"href":"https:\/\/blog.fedegn.org\/wordpress\/wp-json\/wp\/v2\/comments?post=595"}],"version-history":[{"count":4,"href":"https:\/\/blog.fedegn.org\/wordpress\/wp-json\/wp\/v2\/pages\/595\/revisions"}],"predecessor-version":[{"id":706,"href":"https:\/\/blog.fedegn.org\/wordpress\/wp-json\/wp\/v2\/pages\/595\/revisions\/706"}],"wp:attachment":[{"href":"https:\/\/blog.fedegn.org\/wordpress\/wp-json\/wp\/v2\/media?parent=595"}],"curies":[{"name":"wp","href":"https:\/\/api.w.org\/{rel}","templated":true}]}}