{"id":593,"date":"2025-12-29T16:26:19","date_gmt":"2025-12-29T15:26:19","guid":{"rendered":"https:\/\/blog.fedegn.org\/wordpress\/?page_id=593"},"modified":"2025-12-30T17:20:04","modified_gmt":"2025-12-30T16:20:04","slug":"le-post-apocalyptique","status":"publish","type":"page","link":"https:\/\/blog.fedegn.org\/wordpress\/le-post-apocalyptique\/","title":{"rendered":"Le post-apocalyptique"},"content":{"rendered":"\t\t<div data-elementor-type=\"wp-page\" data-elementor-id=\"593\" class=\"elementor elementor-593\">\n\t\t\t\t<div class=\"elementor-element elementor-element-427e50fc e-flex e-con-boxed e-con e-parent\" data-id=\"427e50fc\" data-element_type=\"container\" data-e-type=\"container\">\n\t\t\t\t\t<div class=\"e-con-inner\">\n\t\t<div class=\"elementor-element elementor-element-5aa310d8 e-con-full e-flex e-con e-child\" data-id=\"5aa310d8\" data-element_type=\"container\" data-e-type=\"container\">\n\t\t\t\t<div class=\"elementor-element elementor-element-5c8c1161 elementor-widget elementor-widget-heading\" data-id=\"5c8c1161\" data-element_type=\"widget\" data-e-type=\"widget\" data-widget_type=\"heading.default\">\n\t\t\t\t\t<h2 class=\"elementor-heading-title elementor-size-default\">Le post-apocalyptique<\/h2>\t\t\t\t<\/div>\n\t\t\t\t<div class=\"elementor-element elementor-element-f816157 elementor-widget elementor-widget-image\" data-id=\"f816157\" data-element_type=\"widget\" data-e-type=\"widget\" data-widget_type=\"image.default\">\n\t\t\t\t\t\t\t\t\t\t\t\t\t\t\t<img fetchpriority=\"high\" decoding=\"async\" width=\"768\" height=\"563\" src=\"https:\/\/blog.fedegn.org\/wordpress\/wp-content\/uploads\/2025\/12\/post-apo-1-768x563.png\" class=\"attachment-medium_large size-medium_large wp-image-709\" alt=\"\" srcset=\"https:\/\/blog.fedegn.org\/wordpress\/wp-content\/uploads\/2025\/12\/post-apo-1-768x563.png 768w, https:\/\/blog.fedegn.org\/wordpress\/wp-content\/uploads\/2025\/12\/post-apo-1-300x220.png 300w, https:\/\/blog.fedegn.org\/wordpress\/wp-content\/uploads\/2025\/12\/post-apo-1-1024x750.png 1024w, https:\/\/blog.fedegn.org\/wordpress\/wp-content\/uploads\/2025\/12\/post-apo-1-1536x1125.png 1536w, https:\/\/blog.fedegn.org\/wordpress\/wp-content\/uploads\/2025\/12\/post-apo-1.png 2048w\" sizes=\"(max-width: 768px) 100vw, 768px\" \/>\t\t\t\t\t\t\t\t\t\t\t\t\t\t\t<\/div>\n\t\t\t\t<div class=\"elementor-element elementor-element-19104916 elementor-widget elementor-widget-text-editor\" data-id=\"19104916\" data-element_type=\"widget\" data-e-type=\"widget\" data-widget_type=\"text-editor.default\">\n\t\t\t\t\t\t\t\t\t<p>Autre branche de la SF, les jeux \u00e0 th\u00e9matique post apocalyptique se d\u00e9veloppent eux aussi \u00e9galement. Quelles que soient les raisons ayant abouti \u00e0 la chute des civilisations, on y retrouve bien souvent les zombies, morts vivants et autres mutants qui hantent les nuits des joueurs.<\/p>\t\t\t\t\t\t\t\t<\/div>\n\t\t\t\t<div class=\"elementor-element elementor-element-327663ef elementor-widget elementor-widget-image\" data-id=\"327663ef\" data-element_type=\"widget\" data-e-type=\"widget\" data-widget_type=\"image.default\">\n\t\t\t\t\t\t\t\t\t\t\t\t\t\t\t<img decoding=\"async\" width=\"2048\" height=\"1500\" src=\"https:\/\/blog.fedegn.org\/wordpress\/wp-content\/uploads\/2025\/12\/post-apo-2.png\" class=\"attachment-full size-full wp-image-710\" alt=\"\" srcset=\"https:\/\/blog.fedegn.org\/wordpress\/wp-content\/uploads\/2025\/12\/post-apo-2.png 2048w, https:\/\/blog.fedegn.org\/wordpress\/wp-content\/uploads\/2025\/12\/post-apo-2-300x220.png 300w, https:\/\/blog.fedegn.org\/wordpress\/wp-content\/uploads\/2025\/12\/post-apo-2-1024x750.png 1024w, https:\/\/blog.fedegn.org\/wordpress\/wp-content\/uploads\/2025\/12\/post-apo-2-768x563.png 768w, https:\/\/blog.fedegn.org\/wordpress\/wp-content\/uploads\/2025\/12\/post-apo-2-1536x1125.png 1536w\" sizes=\"(max-width: 2048px) 100vw, 2048px\" \/>\t\t\t\t\t\t\t\t\t\t\t\t\t\t\t<\/div>\n\t\t\t\t<\/div>\n\t\t<div class=\"elementor-element elementor-element-460c5be e-con-full e-flex e-con e-child\" data-id=\"460c5be\" data-element_type=\"container\" data-e-type=\"container\">\n\t\t\t\t<div class=\"elementor-element elementor-element-79dccad elementor-widget elementor-widget-text-editor\" data-id=\"79dccad\" data-element_type=\"widget\" data-e-type=\"widget\" data-widget_type=\"text-editor.default\">\n\t\t\t\t\t\t\t\t\t<p>Les amateurs de r\u00e9pliques d&#8217;airsoft se sont largement empar\u00e9s du sujet avec des th\u00e9matiques inspir\u00e9es de Resident Evil ou de Stalker. Mais les amateurs de nerfs ne sont pas en reste. Bref, si vous aimez chasser le zombie, explorer des terres d\u00e9vast\u00e9es ou organiser la survie apr\u00e8s la grande catastrophe, vous appr\u00e9cierez ce style de jeu.<\/p>\t\t\t\t\t\t\t\t<\/div>\n\t\t\t\t<div class=\"elementor-element elementor-element-2e23af2 elementor-widget elementor-widget-image\" data-id=\"2e23af2\" data-element_type=\"widget\" data-e-type=\"widget\" data-widget_type=\"image.default\">\n\t\t\t\t\t\t\t\t\t\t\t\t\t\t\t<img decoding=\"async\" width=\"768\" height=\"576\" src=\"https:\/\/blog.fedegn.org\/wordpress\/wp-content\/uploads\/2025\/12\/post-apo-3-768x576.png\" class=\"attachment-medium_large size-medium_large wp-image-711\" alt=\"\" srcset=\"https:\/\/blog.fedegn.org\/wordpress\/wp-content\/uploads\/2025\/12\/post-apo-3-768x576.png 768w, https:\/\/blog.fedegn.org\/wordpress\/wp-content\/uploads\/2025\/12\/post-apo-3-300x225.png 300w, https:\/\/blog.fedegn.org\/wordpress\/wp-content\/uploads\/2025\/12\/post-apo-3-1024x768.png 1024w, https:\/\/blog.fedegn.org\/wordpress\/wp-content\/uploads\/2025\/12\/post-apo-3-1536x1152.png 1536w, https:\/\/blog.fedegn.org\/wordpress\/wp-content\/uploads\/2025\/12\/post-apo-3.png 2000w\" sizes=\"(max-width: 768px) 100vw, 768px\" \/>\t\t\t\t\t\t\t\t\t\t\t\t\t\t\t<\/div>\n\t\t\t\t<div class=\"elementor-element elementor-element-4b087f3 elementor-widget elementor-widget-text-editor\" data-id=\"4b087f3\" data-element_type=\"widget\" data-e-type=\"widget\" data-widget_type=\"text-editor.default\">\n\t\t\t\t\t\t\t\t\t<p>Vous pouvez trouver des annonces de jeu, des conseils sur la page ci dessous :\u00a0<\/p>\t\t\t\t\t\t\t\t<\/div>\n\t\t\t\t<div class=\"elementor-element elementor-element-78a75d79 elementor-align-center elementor-widget elementor-widget-button\" data-id=\"78a75d79\" data-element_type=\"widget\" data-e-type=\"widget\" data-widget_type=\"button.default\">\n\t\t\t\t\t\t\t\t\t\t<a class=\"elementor-button elementor-button-link elementor-size-sm elementor-animation-grow\" href=\"https:\/\/www.facebook.com\/fedegnneofuturiste\">\n\t\t\t\t\t\t<span class=\"elementor-button-content-wrapper\">\n\t\t\t\t\t\t\t\t\t<span class=\"elementor-button-text\">Page F\u00e9d\u00e9GN N\u00e9o-Futuriste<\/span>\n\t\t\t\t\t<\/span>\n\t\t\t\t\t<\/a>\n\t\t\t\t\t\t\t\t<\/div>\n\t\t\t\t<div class=\"elementor-element elementor-element-f65f7dc elementor-widget elementor-widget-image\" data-id=\"f65f7dc\" data-element_type=\"widget\" data-e-type=\"widget\" data-widget_type=\"image.default\">\n\t\t\t\t\t\t\t\t\t\t\t\t\t\t\t<img loading=\"lazy\" decoding=\"async\" width=\"1024\" height=\"591\" src=\"https:\/\/blog.fedegn.org\/wordpress\/wp-content\/uploads\/2025\/12\/science-fiction-3-1024x591.png\" class=\"attachment-large size-large wp-image-694\" alt=\"\" srcset=\"https:\/\/blog.fedegn.org\/wordpress\/wp-content\/uploads\/2025\/12\/science-fiction-3-1024x591.png 1024w, https:\/\/blog.fedegn.org\/wordpress\/wp-content\/uploads\/2025\/12\/science-fiction-3-300x173.png 300w, https:\/\/blog.fedegn.org\/wordpress\/wp-content\/uploads\/2025\/12\/science-fiction-3-768x443.png 768w, https:\/\/blog.fedegn.org\/wordpress\/wp-content\/uploads\/2025\/12\/science-fiction-3.png 1329w\" sizes=\"(max-width: 1024px) 100vw, 1024px\" \/>\t\t\t\t\t\t\t\t\t\t\t\t\t\t\t<\/div>\n\t\t\t\t<\/div>\n\t\t\t\t\t<\/div>\n\t\t\t\t<\/div>\n\t\t\t\t<\/div>\n\t\t","protected":false},"excerpt":{"rendered":"<p>Le post-apocalyptique Autre branche de la SF, les jeux \u00e0 th\u00e9matique post apocalyptique se d\u00e9veloppent eux aussi \u00e9galement. Quelles que soient les raisons ayant abouti \u00e0 la chute des civilisations, on y retrouve bien souvent les zombies, morts vivants et autres mutants qui hantent les nuits des joueurs. Les amateurs de r\u00e9pliques d&#8217;airsoft se sont [&hellip;]<\/p>\n","protected":false},"author":1,"featured_media":0,"parent":0,"menu_order":0,"comment_status":"closed","ping_status":"closed","template":"","meta":{"ocean_post_layout":"","ocean_both_sidebars_style":"","ocean_both_sidebars_content_width":0,"ocean_both_sidebars_sidebars_width":0,"ocean_sidebar":"","ocean_second_sidebar":"","ocean_disable_margins":"enable","ocean_add_body_class":"","ocean_shortcode_before_top_bar":"","ocean_shortcode_after_top_bar":"","ocean_shortcode_before_header":"","ocean_shortcode_after_header":"","ocean_has_shortcode":"","ocean_shortcode_after_title":"","ocean_shortcode_before_footer_widgets":"","ocean_shortcode_after_footer_widgets":"","ocean_shortcode_before_footer_bottom":"","ocean_shortcode_after_footer_bottom":"","ocean_display_top_bar":"default","ocean_display_header":"default","ocean_header_style":"","ocean_center_header_left_menu":"","ocean_custom_header_template":"","ocean_custom_logo":0,"ocean_custom_retina_logo":0,"ocean_custom_logo_max_width":0,"ocean_custom_logo_tablet_max_width":0,"ocean_custom_logo_mobile_max_width":0,"ocean_custom_logo_max_height":0,"ocean_custom_logo_tablet_max_height":0,"ocean_custom_logo_mobile_max_height":0,"ocean_header_custom_menu":"","ocean_menu_typo_font_family":"","ocean_menu_typo_font_subset":"","ocean_menu_typo_font_size":0,"ocean_menu_typo_font_size_tablet":0,"ocean_menu_typo_font_size_mobile":0,"ocean_menu_typo_font_size_unit":"px","ocean_menu_typo_font_weight":"","ocean_menu_typo_font_weight_tablet":"","ocean_menu_typo_font_weight_mobile":"","ocean_menu_typo_transform":"","ocean_menu_typo_transform_tablet":"","ocean_menu_typo_transform_mobile":"","ocean_menu_typo_line_height":0,"ocean_menu_typo_line_height_tablet":0,"ocean_menu_typo_line_height_mobile":0,"ocean_menu_typo_line_height_unit":"","ocean_menu_typo_spacing":0,"ocean_menu_typo_spacing_tablet":0,"ocean_menu_typo_spacing_mobile":0,"ocean_menu_typo_spacing_unit":"","ocean_menu_link_color":"","ocean_menu_link_color_hover":"","ocean_menu_link_color_active":"","ocean_menu_link_background":"","ocean_menu_link_hover_background":"","ocean_menu_link_active_background":"","ocean_menu_social_links_bg":"","ocean_menu_social_hover_links_bg":"","ocean_menu_social_links_color":"","ocean_menu_social_hover_links_color":"","ocean_disable_title":"default","ocean_disable_heading":"default","ocean_post_title":"","ocean_post_subheading":"","ocean_post_title_style":"","ocean_post_title_background_color":"","ocean_post_title_background":0,"ocean_post_title_bg_image_position":"","ocean_post_title_bg_image_attachment":"","ocean_post_title_bg_image_repeat":"","ocean_post_title_bg_image_size":"","ocean_post_title_height":0,"ocean_post_title_bg_overlay":0.5,"ocean_post_title_bg_overlay_color":"","ocean_disable_breadcrumbs":"default","ocean_breadcrumbs_color":"","ocean_breadcrumbs_separator_color":"","ocean_breadcrumbs_links_color":"","ocean_breadcrumbs_links_hover_color":"","ocean_display_footer_widgets":"default","ocean_display_footer_bottom":"default","ocean_custom_footer_template":"","footnotes":""},"class_list":["post-593","page","type-page","status-publish","hentry","entry"],"yoast_head":"<!-- This site is optimized with the Yoast SEO plugin v27.5 - https:\/\/yoast.com\/product\/yoast-seo-wordpress\/ -->\n<title>Le post-apocalyptique - F\u00e9d\u00e9GN<\/title>\n<meta name=\"robots\" content=\"index, follow, max-snippet:-1, max-image-preview:large, max-video-preview:-1\" \/>\n<link rel=\"canonical\" href=\"https:\/\/blog.fedegn.org\/wordpress\/le-post-apocalyptique\/\" \/>\n<meta property=\"og:locale\" content=\"en_US\" \/>\n<meta property=\"og:type\" content=\"article\" \/>\n<meta property=\"og:title\" content=\"Le post-apocalyptique - F\u00e9d\u00e9GN\" \/>\n<meta property=\"og:description\" content=\"Le post-apocalyptique Autre branche de la SF, les jeux \u00e0 th\u00e9matique post apocalyptique se d\u00e9veloppent eux aussi \u00e9galement. Quelles que soient les raisons ayant abouti \u00e0 la chute des civilisations, on y retrouve bien souvent les zombies, morts vivants et autres mutants qui hantent les nuits des joueurs. Les amateurs de r\u00e9pliques d&#8217;airsoft se sont [&hellip;]\" \/>\n<meta property=\"og:url\" content=\"https:\/\/blog.fedegn.org\/wordpress\/le-post-apocalyptique\/\" \/>\n<meta property=\"og:site_name\" content=\"F\u00e9d\u00e9GN\" \/>\n<meta property=\"article:modified_time\" content=\"2025-12-30T16:20:04+00:00\" \/>\n<meta property=\"og:image\" content=\"https:\/\/blog.fedegn.org\/wordpress\/wp-content\/uploads\/2025\/12\/post-apo-1-1024x750.png\" \/>\n\t<meta property=\"og:image:width\" content=\"1024\" \/>\n\t<meta property=\"og:image:height\" content=\"750\" \/>\n\t<meta property=\"og:image:type\" content=\"image\/png\" \/>\n<meta name=\"twitter:card\" content=\"summary_large_image\" \/>\n<meta name=\"twitter:label1\" content=\"Est. reading time\" \/>\n\t<meta name=\"twitter:data1\" content=\"1 minute\" \/>\n<script type=\"application\/ld+json\" class=\"yoast-schema-graph\">{\"@context\":\"https:\\\/\\\/schema.org\",\"@graph\":[{\"@type\":\"WebPage\",\"@id\":\"https:\\\/\\\/blog.fedegn.org\\\/wordpress\\\/le-post-apocalyptique\\\/\",\"url\":\"https:\\\/\\\/blog.fedegn.org\\\/wordpress\\\/le-post-apocalyptique\\\/\",\"name\":\"Le post-apocalyptique - F\u00e9d\u00e9GN\",\"isPartOf\":{\"@id\":\"https:\\\/\\\/blog.fedegn.org\\\/wordpress\\\/#website\"},\"primaryImageOfPage\":{\"@id\":\"https:\\\/\\\/blog.fedegn.org\\\/wordpress\\\/le-post-apocalyptique\\\/#primaryimage\"},\"image\":{\"@id\":\"https:\\\/\\\/blog.fedegn.org\\\/wordpress\\\/le-post-apocalyptique\\\/#primaryimage\"},\"thumbnailUrl\":\"https:\\\/\\\/blog.fedegn.org\\\/wordpress\\\/wp-content\\\/uploads\\\/2025\\\/12\\\/post-apo-1-768x563.png\",\"datePublished\":\"2025-12-29T15:26:19+00:00\",\"dateModified\":\"2025-12-30T16:20:04+00:00\",\"breadcrumb\":{\"@id\":\"https:\\\/\\\/blog.fedegn.org\\\/wordpress\\\/le-post-apocalyptique\\\/#breadcrumb\"},\"inLanguage\":\"en-US\",\"potentialAction\":[{\"@type\":\"ReadAction\",\"target\":[\"https:\\\/\\\/blog.fedegn.org\\\/wordpress\\\/le-post-apocalyptique\\\/\"]}]},{\"@type\":\"ImageObject\",\"inLanguage\":\"en-US\",\"@id\":\"https:\\\/\\\/blog.fedegn.org\\\/wordpress\\\/le-post-apocalyptique\\\/#primaryimage\",\"url\":\"https:\\\/\\\/blog.fedegn.org\\\/wordpress\\\/wp-content\\\/uploads\\\/2025\\\/12\\\/post-apo-1.png\",\"contentUrl\":\"https:\\\/\\\/blog.fedegn.org\\\/wordpress\\\/wp-content\\\/uploads\\\/2025\\\/12\\\/post-apo-1.png\",\"width\":2048,\"height\":1500},{\"@type\":\"BreadcrumbList\",\"@id\":\"https:\\\/\\\/blog.fedegn.org\\\/wordpress\\\/le-post-apocalyptique\\\/#breadcrumb\",\"itemListElement\":[{\"@type\":\"ListItem\",\"position\":1,\"name\":\"Accueil\",\"item\":\"https:\\\/\\\/blog.fedegn.org\\\/wordpress\\\/\"},{\"@type\":\"ListItem\",\"position\":2,\"name\":\"Le post-apocalyptique\"}]},{\"@type\":\"WebSite\",\"@id\":\"https:\\\/\\\/blog.fedegn.org\\\/wordpress\\\/#website\",\"url\":\"https:\\\/\\\/blog.fedegn.org\\\/wordpress\\\/\",\"name\":\"F\u00e9d\u00e9GN\",\"description\":\"\",\"publisher\":{\"@id\":\"https:\\\/\\\/blog.fedegn.org\\\/wordpress\\\/#organization\"},\"potentialAction\":[{\"@type\":\"SearchAction\",\"target\":{\"@type\":\"EntryPoint\",\"urlTemplate\":\"https:\\\/\\\/blog.fedegn.org\\\/wordpress\\\/?s={search_term_string}\"},\"query-input\":{\"@type\":\"PropertyValueSpecification\",\"valueRequired\":true,\"valueName\":\"search_term_string\"}}],\"inLanguage\":\"en-US\"},{\"@type\":\"Organization\",\"@id\":\"https:\\\/\\\/blog.fedegn.org\\\/wordpress\\\/#organization\",\"name\":\"F\u00e9d\u00e9GN\",\"url\":\"https:\\\/\\\/blog.fedegn.org\\\/wordpress\\\/\",\"logo\":{\"@type\":\"ImageObject\",\"inLanguage\":\"en-US\",\"@id\":\"https:\\\/\\\/blog.fedegn.org\\\/wordpress\\\/#\\\/schema\\\/logo\\\/image\\\/\",\"url\":\"https:\\\/\\\/blog.fedegn.org\\\/wordpress\\\/wp-content\\\/uploads\\\/2025\\\/10\\\/Logo_FedeGN-scaled.png\",\"contentUrl\":\"https:\\\/\\\/blog.fedegn.org\\\/wordpress\\\/wp-content\\\/uploads\\\/2025\\\/10\\\/Logo_FedeGN-scaled.png\",\"width\":2560,\"height\":1248,\"caption\":\"F\u00e9d\u00e9GN\"},\"image\":{\"@id\":\"https:\\\/\\\/blog.fedegn.org\\\/wordpress\\\/#\\\/schema\\\/logo\\\/image\\\/\"}}]}<\/script>\n<!-- \/ Yoast SEO plugin. -->","yoast_head_json":{"title":"Le post-apocalyptique - F\u00e9d\u00e9GN","robots":{"index":"index","follow":"follow","max-snippet":"max-snippet:-1","max-image-preview":"max-image-preview:large","max-video-preview":"max-video-preview:-1"},"canonical":"https:\/\/blog.fedegn.org\/wordpress\/le-post-apocalyptique\/","og_locale":"en_US","og_type":"article","og_title":"Le post-apocalyptique - F\u00e9d\u00e9GN","og_description":"Le post-apocalyptique Autre branche de la SF, les jeux \u00e0 th\u00e9matique post apocalyptique se d\u00e9veloppent eux aussi \u00e9galement. Quelles que soient les raisons ayant abouti \u00e0 la chute des civilisations, on y retrouve bien souvent les zombies, morts vivants et autres mutants qui hantent les nuits des joueurs. Les amateurs de r\u00e9pliques d&#8217;airsoft se sont [&hellip;]","og_url":"https:\/\/blog.fedegn.org\/wordpress\/le-post-apocalyptique\/","og_site_name":"F\u00e9d\u00e9GN","article_modified_time":"2025-12-30T16:20:04+00:00","og_image":[{"width":1024,"height":750,"url":"https:\/\/blog.fedegn.org\/wordpress\/wp-content\/uploads\/2025\/12\/post-apo-1-1024x750.png","type":"image\/png"}],"twitter_card":"summary_large_image","twitter_misc":{"Est. reading time":"1 minute"},"schema":{"@context":"https:\/\/schema.org","@graph":[{"@type":"WebPage","@id":"https:\/\/blog.fedegn.org\/wordpress\/le-post-apocalyptique\/","url":"https:\/\/blog.fedegn.org\/wordpress\/le-post-apocalyptique\/","name":"Le post-apocalyptique - F\u00e9d\u00e9GN","isPartOf":{"@id":"https:\/\/blog.fedegn.org\/wordpress\/#website"},"primaryImageOfPage":{"@id":"https:\/\/blog.fedegn.org\/wordpress\/le-post-apocalyptique\/#primaryimage"},"image":{"@id":"https:\/\/blog.fedegn.org\/wordpress\/le-post-apocalyptique\/#primaryimage"},"thumbnailUrl":"https:\/\/blog.fedegn.org\/wordpress\/wp-content\/uploads\/2025\/12\/post-apo-1-768x563.png","datePublished":"2025-12-29T15:26:19+00:00","dateModified":"2025-12-30T16:20:04+00:00","breadcrumb":{"@id":"https:\/\/blog.fedegn.org\/wordpress\/le-post-apocalyptique\/#breadcrumb"},"inLanguage":"en-US","potentialAction":[{"@type":"ReadAction","target":["https:\/\/blog.fedegn.org\/wordpress\/le-post-apocalyptique\/"]}]},{"@type":"ImageObject","inLanguage":"en-US","@id":"https:\/\/blog.fedegn.org\/wordpress\/le-post-apocalyptique\/#primaryimage","url":"https:\/\/blog.fedegn.org\/wordpress\/wp-content\/uploads\/2025\/12\/post-apo-1.png","contentUrl":"https:\/\/blog.fedegn.org\/wordpress\/wp-content\/uploads\/2025\/12\/post-apo-1.png","width":2048,"height":1500},{"@type":"BreadcrumbList","@id":"https:\/\/blog.fedegn.org\/wordpress\/le-post-apocalyptique\/#breadcrumb","itemListElement":[{"@type":"ListItem","position":1,"name":"Accueil","item":"https:\/\/blog.fedegn.org\/wordpress\/"},{"@type":"ListItem","position":2,"name":"Le post-apocalyptique"}]},{"@type":"WebSite","@id":"https:\/\/blog.fedegn.org\/wordpress\/#website","url":"https:\/\/blog.fedegn.org\/wordpress\/","name":"F\u00e9d\u00e9GN","description":"","publisher":{"@id":"https:\/\/blog.fedegn.org\/wordpress\/#organization"},"potentialAction":[{"@type":"SearchAction","target":{"@type":"EntryPoint","urlTemplate":"https:\/\/blog.fedegn.org\/wordpress\/?s={search_term_string}"},"query-input":{"@type":"PropertyValueSpecification","valueRequired":true,"valueName":"search_term_string"}}],"inLanguage":"en-US"},{"@type":"Organization","@id":"https:\/\/blog.fedegn.org\/wordpress\/#organization","name":"F\u00e9d\u00e9GN","url":"https:\/\/blog.fedegn.org\/wordpress\/","logo":{"@type":"ImageObject","inLanguage":"en-US","@id":"https:\/\/blog.fedegn.org\/wordpress\/#\/schema\/logo\/image\/","url":"https:\/\/blog.fedegn.org\/wordpress\/wp-content\/uploads\/2025\/10\/Logo_FedeGN-scaled.png","contentUrl":"https:\/\/blog.fedegn.org\/wordpress\/wp-content\/uploads\/2025\/10\/Logo_FedeGN-scaled.png","width":2560,"height":1248,"caption":"F\u00e9d\u00e9GN"},"image":{"@id":"https:\/\/blog.fedegn.org\/wordpress\/#\/schema\/logo\/image\/"}}]}},"_links":{"self":[{"href":"https:\/\/blog.fedegn.org\/wordpress\/wp-json\/wp\/v2\/pages\/593","targetHints":{"allow":["GET"]}}],"collection":[{"href":"https:\/\/blog.fedegn.org\/wordpress\/wp-json\/wp\/v2\/pages"}],"about":[{"href":"https:\/\/blog.fedegn.org\/wordpress\/wp-json\/wp\/v2\/types\/page"}],"author":[{"embeddable":true,"href":"https:\/\/blog.fedegn.org\/wordpress\/wp-json\/wp\/v2\/users\/1"}],"replies":[{"embeddable":true,"href":"https:\/\/blog.fedegn.org\/wordpress\/wp-json\/wp\/v2\/comments?post=593"}],"version-history":[{"count":4,"href":"https:\/\/blog.fedegn.org\/wordpress\/wp-json\/wp\/v2\/pages\/593\/revisions"}],"predecessor-version":[{"id":714,"href":"https:\/\/blog.fedegn.org\/wordpress\/wp-json\/wp\/v2\/pages\/593\/revisions\/714"}],"wp:attachment":[{"href":"https:\/\/blog.fedegn.org\/wordpress\/wp-json\/wp\/v2\/media?parent=593"}],"curies":[{"name":"wp","href":"https:\/\/api.w.org\/{rel}","templated":true}]}}