{"id":592,"date":"2025-12-29T16:27:29","date_gmt":"2025-12-29T15:27:29","guid":{"rendered":"https:\/\/blog.fedegn.org\/wordpress\/?page_id=592"},"modified":"2025-12-30T16:45:07","modified_gmt":"2025-12-30T15:45:07","slug":"la-science-fiction","status":"publish","type":"page","link":"https:\/\/blog.fedegn.org\/wordpress\/la-science-fiction\/","title":{"rendered":"La science-fiction"},"content":{"rendered":"\t\t<div data-elementor-type=\"wp-page\" data-elementor-id=\"592\" class=\"elementor elementor-592\">\n\t\t\t\t<div class=\"elementor-element elementor-element-119194c7 e-flex e-con-boxed e-con e-parent\" data-id=\"119194c7\" data-element_type=\"container\" data-e-type=\"container\">\n\t\t\t\t\t<div class=\"e-con-inner\">\n\t\t<div class=\"elementor-element elementor-element-1e47dd06 e-con-full e-flex e-con e-child\" data-id=\"1e47dd06\" data-element_type=\"container\" data-e-type=\"container\">\n\t\t\t\t<div class=\"elementor-element elementor-element-54fea14f elementor-widget elementor-widget-heading\" data-id=\"54fea14f\" data-element_type=\"widget\" data-e-type=\"widget\" data-widget_type=\"heading.default\">\n\t\t\t\t\t<h2 class=\"elementor-heading-title elementor-size-default\">La Science-Fiction<\/h2>\t\t\t\t<\/div>\n\t\t\t\t<div class=\"elementor-element elementor-element-175ccd2 elementor-widget elementor-widget-image\" data-id=\"175ccd2\" data-element_type=\"widget\" data-e-type=\"widget\" data-widget_type=\"image.default\">\n\t\t\t\t\t\t\t\t\t\t\t\t\t\t\t<img fetchpriority=\"high\" decoding=\"async\" width=\"1329\" height=\"768\" src=\"https:\/\/blog.fedegn.org\/wordpress\/wp-content\/uploads\/2025\/12\/science-fiction-1.png\" class=\"attachment-full size-full wp-image-689\" alt=\"\" srcset=\"https:\/\/blog.fedegn.org\/wordpress\/wp-content\/uploads\/2025\/12\/science-fiction-1.png 1329w, https:\/\/blog.fedegn.org\/wordpress\/wp-content\/uploads\/2025\/12\/science-fiction-1-300x173.png 300w, https:\/\/blog.fedegn.org\/wordpress\/wp-content\/uploads\/2025\/12\/science-fiction-1-1024x592.png 1024w, https:\/\/blog.fedegn.org\/wordpress\/wp-content\/uploads\/2025\/12\/science-fiction-1-768x444.png 768w\" sizes=\"(max-width: 1329px) 100vw, 1329px\" \/>\t\t\t\t\t\t\t\t\t\t\t\t\t\t\t<\/div>\n\t\t\t\t<div class=\"elementor-element elementor-element-21e5eb16 elementor-widget elementor-widget-text-editor\" data-id=\"21e5eb16\" data-element_type=\"widget\" data-e-type=\"widget\" data-widget_type=\"text-editor.default\">\n\t\t\t\t\t\t\t\t\t<p>Longtemps, les jeux ont \u00e9t\u00e9 m\u00e9di\u00e9vaux essentiellement pour des raisons techniques et de simulation. En effet, si g\u00e9rer des combats avec des \u00e9p\u00e9es en mousse \u00e9tait relativement ais\u00e9, simuler des combats de vaisseaux spatiaux, des \u00e9changes \u00e0 coups de pistolaser ou des univers post apocalyptiques restait plus compliqu\u00e9. Les quelques organisations se basant sur ce th\u00e8me mettaient en \u0153uvre des comp\u00e9tences peu accessibles en informatique ou se cantonnaient \u00e0 des jeux de petites tailles de type huis clos.<\/p><p>Depuis quelques ann\u00e9es la tendance s&#8217;inverse, puisque pr\u00e8s de 35% des associations interrog\u00e9es disent organiser des jeux dans une th\u00e9matique purement, SF, cyberpunk ou post apocalyptique (source :\u00a0<a href=\"https:\/\/blog.fedegn.org\/wordpress\/wp-content\/uploads\/2025\/12\/Resultats-sondage-associations-2012.pdf\">Enqu\u00eate associations 2012<\/a>).<\/p><p>Cette inversion de tendance peut s&#8217;expliquer par un d\u00e9veloppement d&#8217;une litt\u00e9rature riche en inspiration, mais aussi avec l&#8217;apparition d&#8217;outils (laser tags, r\u00e9pliques d&#8217;airsoft, nerfs) permettant une simulation simple des combats avec des outils devenus financi\u00e8rement accessibles. Les progr\u00e8s techniques ont \u00e9galement permis de b\u00e9n\u00e9ficier d&#8217;outils de simulation (informatiques ou autres) plus adapt\u00e9s \u00e0 l&#8217;interpr\u00e9tation d&#8217;un r\u00f4le dans de tels univers.<\/p><p>Que l&#8217;on soit dans une ambiance Star Wars, Cyberpunk, Strarship troopers, Stargate, ce ne sont plus les sources d&#8217;inspiration qui manquent, m\u00eame si les jeux bas\u00e9s sur ces th\u00e9matiques rassemblent encore moins de joueurs que les jeux m\u00e9di\u00e9vaux.<\/p>\t\t\t\t\t\t\t\t<\/div>\n\t\t\t\t<div class=\"elementor-element elementor-element-3188358e elementor-widget elementor-widget-image\" data-id=\"3188358e\" data-element_type=\"widget\" data-e-type=\"widget\" data-widget_type=\"image.default\">\n\t\t\t\t\t\t\t\t\t\t\t\t\t\t\t<img decoding=\"async\" width=\"2000\" height=\"1500\" src=\"https:\/\/blog.fedegn.org\/wordpress\/wp-content\/uploads\/2025\/12\/science-fiction-2.png\" class=\"attachment-full size-full wp-image-690\" alt=\"\" srcset=\"https:\/\/blog.fedegn.org\/wordpress\/wp-content\/uploads\/2025\/12\/science-fiction-2.png 2000w, https:\/\/blog.fedegn.org\/wordpress\/wp-content\/uploads\/2025\/12\/science-fiction-2-300x225.png 300w, https:\/\/blog.fedegn.org\/wordpress\/wp-content\/uploads\/2025\/12\/science-fiction-2-1024x768.png 1024w, https:\/\/blog.fedegn.org\/wordpress\/wp-content\/uploads\/2025\/12\/science-fiction-2-768x576.png 768w, https:\/\/blog.fedegn.org\/wordpress\/wp-content\/uploads\/2025\/12\/science-fiction-2-1536x1152.png 1536w\" sizes=\"(max-width: 2000px) 100vw, 2000px\" \/>\t\t\t\t\t\t\t\t\t\t\t\t\t\t\t<\/div>\n\t\t\t\t<div class=\"elementor-element elementor-element-caea43b elementor-widget elementor-widget-text-editor\" data-id=\"caea43b\" data-element_type=\"widget\" data-e-type=\"widget\" data-widget_type=\"text-editor.default\">\n\t\t\t\t\t\t\t\t\t<p>Vous pouvez trouver des annonces de jeu, des conseils sur la page ci dessous :\u00a0<\/p>\t\t\t\t\t\t\t\t<\/div>\n\t\t\t\t<\/div>\n\t\t\t\t<div class=\"elementor-element elementor-element-3e4c12f elementor-align-center elementor-widget elementor-widget-button\" data-id=\"3e4c12f\" data-element_type=\"widget\" data-e-type=\"widget\" data-widget_type=\"button.default\">\n\t\t\t\t\t\t\t\t\t\t<a class=\"elementor-button elementor-button-link elementor-size-sm elementor-animation-grow\" href=\"https:\/\/www.facebook.com\/fedegnneofuturiste\">\n\t\t\t\t\t\t<span class=\"elementor-button-content-wrapper\">\n\t\t\t\t\t\t\t\t\t<span class=\"elementor-button-text\">Page F\u00e9d\u00e9GN N\u00e9o-Futuriste <\/span>\n\t\t\t\t\t<\/span>\n\t\t\t\t\t<\/a>\n\t\t\t\t\t\t\t\t<\/div>\n\t\t\t\t<div class=\"elementor-element elementor-element-0f2c48c elementor-widget elementor-widget-image\" data-id=\"0f2c48c\" data-element_type=\"widget\" data-e-type=\"widget\" data-widget_type=\"image.default\">\n\t\t\t\t\t\t\t\t\t\t\t\t\t\t\t<img decoding=\"async\" width=\"1329\" height=\"767\" src=\"https:\/\/blog.fedegn.org\/wordpress\/wp-content\/uploads\/2025\/12\/science-fiction-3.png\" class=\"attachment-full size-full wp-image-694\" alt=\"\" srcset=\"https:\/\/blog.fedegn.org\/wordpress\/wp-content\/uploads\/2025\/12\/science-fiction-3.png 1329w, https:\/\/blog.fedegn.org\/wordpress\/wp-content\/uploads\/2025\/12\/science-fiction-3-300x173.png 300w, https:\/\/blog.fedegn.org\/wordpress\/wp-content\/uploads\/2025\/12\/science-fiction-3-1024x591.png 1024w, https:\/\/blog.fedegn.org\/wordpress\/wp-content\/uploads\/2025\/12\/science-fiction-3-768x443.png 768w\" sizes=\"(max-width: 1329px) 100vw, 1329px\" \/>\t\t\t\t\t\t\t\t\t\t\t\t\t\t\t<\/div>\n\t\t\t\t\t<\/div>\n\t\t\t\t<\/div>\n\t\t\t\t<\/div>\n\t\t","protected":false},"excerpt":{"rendered":"<p>La Science-Fiction Longtemps, les jeux ont \u00e9t\u00e9 m\u00e9di\u00e9vaux essentiellement pour des raisons techniques et de simulation. En effet, si g\u00e9rer des combats avec des \u00e9p\u00e9es en mousse \u00e9tait relativement ais\u00e9, simuler des combats de vaisseaux spatiaux, des \u00e9changes \u00e0 coups de pistolaser ou des univers post apocalyptiques restait plus compliqu\u00e9. Les quelques organisations se basant [&hellip;]<\/p>\n","protected":false},"author":1,"featured_media":0,"parent":0,"menu_order":0,"comment_status":"closed","ping_status":"closed","template":"","meta":{"ocean_post_layout":"","ocean_both_sidebars_style":"","ocean_both_sidebars_content_width":0,"ocean_both_sidebars_sidebars_width":0,"ocean_sidebar":"","ocean_second_sidebar":"","ocean_disable_margins":"enable","ocean_add_body_class":"","ocean_shortcode_before_top_bar":"","ocean_shortcode_after_top_bar":"","ocean_shortcode_before_header":"","ocean_shortcode_after_header":"","ocean_has_shortcode":"","ocean_shortcode_after_title":"","ocean_shortcode_before_footer_widgets":"","ocean_shortcode_after_footer_widgets":"","ocean_shortcode_before_footer_bottom":"","ocean_shortcode_after_footer_bottom":"","ocean_display_top_bar":"default","ocean_display_header":"default","ocean_header_style":"","ocean_center_header_left_menu":"","ocean_custom_header_template":"","ocean_custom_logo":0,"ocean_custom_retina_logo":0,"ocean_custom_logo_max_width":0,"ocean_custom_logo_tablet_max_width":0,"ocean_custom_logo_mobile_max_width":0,"ocean_custom_logo_max_height":0,"ocean_custom_logo_tablet_max_height":0,"ocean_custom_logo_mobile_max_height":0,"ocean_header_custom_menu":"","ocean_menu_typo_font_family":"","ocean_menu_typo_font_subset":"","ocean_menu_typo_font_size":0,"ocean_menu_typo_font_size_tablet":0,"ocean_menu_typo_font_size_mobile":0,"ocean_menu_typo_font_size_unit":"px","ocean_menu_typo_font_weight":"","ocean_menu_typo_font_weight_tablet":"","ocean_menu_typo_font_weight_mobile":"","ocean_menu_typo_transform":"","ocean_menu_typo_transform_tablet":"","ocean_menu_typo_transform_mobile":"","ocean_menu_typo_line_height":0,"ocean_menu_typo_line_height_tablet":0,"ocean_menu_typo_line_height_mobile":0,"ocean_menu_typo_line_height_unit":"","ocean_menu_typo_spacing":0,"ocean_menu_typo_spacing_tablet":0,"ocean_menu_typo_spacing_mobile":0,"ocean_menu_typo_spacing_unit":"","ocean_menu_link_color":"","ocean_menu_link_color_hover":"","ocean_menu_link_color_active":"","ocean_menu_link_background":"","ocean_menu_link_hover_background":"","ocean_menu_link_active_background":"","ocean_menu_social_links_bg":"","ocean_menu_social_hover_links_bg":"","ocean_menu_social_links_color":"","ocean_menu_social_hover_links_color":"","ocean_disable_title":"default","ocean_disable_heading":"default","ocean_post_title":"","ocean_post_subheading":"","ocean_post_title_style":"","ocean_post_title_background_color":"","ocean_post_title_background":0,"ocean_post_title_bg_image_position":"","ocean_post_title_bg_image_attachment":"","ocean_post_title_bg_image_repeat":"","ocean_post_title_bg_image_size":"","ocean_post_title_height":0,"ocean_post_title_bg_overlay":0.5,"ocean_post_title_bg_overlay_color":"","ocean_disable_breadcrumbs":"default","ocean_breadcrumbs_color":"","ocean_breadcrumbs_separator_color":"","ocean_breadcrumbs_links_color":"","ocean_breadcrumbs_links_hover_color":"","ocean_display_footer_widgets":"default","ocean_display_footer_bottom":"default","ocean_custom_footer_template":"","footnotes":""},"class_list":["post-592","page","type-page","status-publish","hentry","entry"],"yoast_head":"<!-- This site is optimized with the Yoast SEO plugin v27.5 - https:\/\/yoast.com\/product\/yoast-seo-wordpress\/ -->\n<title>La science-fiction - F\u00e9d\u00e9GN<\/title>\n<meta name=\"robots\" content=\"index, follow, max-snippet:-1, max-image-preview:large, max-video-preview:-1\" \/>\n<link rel=\"canonical\" href=\"https:\/\/blog.fedegn.org\/wordpress\/la-science-fiction\/\" \/>\n<meta property=\"og:locale\" content=\"en_US\" \/>\n<meta property=\"og:type\" content=\"article\" \/>\n<meta property=\"og:title\" content=\"La science-fiction - F\u00e9d\u00e9GN\" \/>\n<meta property=\"og:description\" content=\"La Science-Fiction Longtemps, les jeux ont \u00e9t\u00e9 m\u00e9di\u00e9vaux essentiellement pour des raisons techniques et de simulation. En effet, si g\u00e9rer des combats avec des \u00e9p\u00e9es en mousse \u00e9tait relativement ais\u00e9, simuler des combats de vaisseaux spatiaux, des \u00e9changes \u00e0 coups de pistolaser ou des univers post apocalyptiques restait plus compliqu\u00e9. Les quelques organisations se basant [&hellip;]\" \/>\n<meta property=\"og:url\" content=\"https:\/\/blog.fedegn.org\/wordpress\/la-science-fiction\/\" \/>\n<meta property=\"og:site_name\" content=\"F\u00e9d\u00e9GN\" \/>\n<meta property=\"article:modified_time\" content=\"2025-12-30T15:45:07+00:00\" \/>\n<meta property=\"og:image\" content=\"https:\/\/blog.fedegn.org\/wordpress\/wp-content\/uploads\/2025\/12\/science-fiction-1.png\" \/>\n\t<meta property=\"og:image:width\" content=\"1329\" \/>\n\t<meta property=\"og:image:height\" content=\"768\" \/>\n\t<meta property=\"og:image:type\" content=\"image\/png\" \/>\n<meta name=\"twitter:card\" content=\"summary_large_image\" \/>\n<meta name=\"twitter:label1\" content=\"Est. reading time\" \/>\n\t<meta name=\"twitter:data1\" content=\"2 minutes\" \/>\n<script type=\"application\/ld+json\" class=\"yoast-schema-graph\">{\"@context\":\"https:\\\/\\\/schema.org\",\"@graph\":[{\"@type\":\"WebPage\",\"@id\":\"https:\\\/\\\/blog.fedegn.org\\\/wordpress\\\/la-science-fiction\\\/\",\"url\":\"https:\\\/\\\/blog.fedegn.org\\\/wordpress\\\/la-science-fiction\\\/\",\"name\":\"La science-fiction - F\u00e9d\u00e9GN\",\"isPartOf\":{\"@id\":\"https:\\\/\\\/blog.fedegn.org\\\/wordpress\\\/#website\"},\"primaryImageOfPage\":{\"@id\":\"https:\\\/\\\/blog.fedegn.org\\\/wordpress\\\/la-science-fiction\\\/#primaryimage\"},\"image\":{\"@id\":\"https:\\\/\\\/blog.fedegn.org\\\/wordpress\\\/la-science-fiction\\\/#primaryimage\"},\"thumbnailUrl\":\"https:\\\/\\\/blog.fedegn.org\\\/wordpress\\\/wp-content\\\/uploads\\\/2025\\\/12\\\/science-fiction-1.png\",\"datePublished\":\"2025-12-29T15:27:29+00:00\",\"dateModified\":\"2025-12-30T15:45:07+00:00\",\"breadcrumb\":{\"@id\":\"https:\\\/\\\/blog.fedegn.org\\\/wordpress\\\/la-science-fiction\\\/#breadcrumb\"},\"inLanguage\":\"en-US\",\"potentialAction\":[{\"@type\":\"ReadAction\",\"target\":[\"https:\\\/\\\/blog.fedegn.org\\\/wordpress\\\/la-science-fiction\\\/\"]}]},{\"@type\":\"ImageObject\",\"inLanguage\":\"en-US\",\"@id\":\"https:\\\/\\\/blog.fedegn.org\\\/wordpress\\\/la-science-fiction\\\/#primaryimage\",\"url\":\"https:\\\/\\\/blog.fedegn.org\\\/wordpress\\\/wp-content\\\/uploads\\\/2025\\\/12\\\/science-fiction-1.png\",\"contentUrl\":\"https:\\\/\\\/blog.fedegn.org\\\/wordpress\\\/wp-content\\\/uploads\\\/2025\\\/12\\\/science-fiction-1.png\",\"width\":1329,\"height\":768},{\"@type\":\"BreadcrumbList\",\"@id\":\"https:\\\/\\\/blog.fedegn.org\\\/wordpress\\\/la-science-fiction\\\/#breadcrumb\",\"itemListElement\":[{\"@type\":\"ListItem\",\"position\":1,\"name\":\"Accueil\",\"item\":\"https:\\\/\\\/blog.fedegn.org\\\/wordpress\\\/\"},{\"@type\":\"ListItem\",\"position\":2,\"name\":\"La science-fiction\"}]},{\"@type\":\"WebSite\",\"@id\":\"https:\\\/\\\/blog.fedegn.org\\\/wordpress\\\/#website\",\"url\":\"https:\\\/\\\/blog.fedegn.org\\\/wordpress\\\/\",\"name\":\"F\u00e9d\u00e9GN\",\"description\":\"\",\"publisher\":{\"@id\":\"https:\\\/\\\/blog.fedegn.org\\\/wordpress\\\/#organization\"},\"potentialAction\":[{\"@type\":\"SearchAction\",\"target\":{\"@type\":\"EntryPoint\",\"urlTemplate\":\"https:\\\/\\\/blog.fedegn.org\\\/wordpress\\\/?s={search_term_string}\"},\"query-input\":{\"@type\":\"PropertyValueSpecification\",\"valueRequired\":true,\"valueName\":\"search_term_string\"}}],\"inLanguage\":\"en-US\"},{\"@type\":\"Organization\",\"@id\":\"https:\\\/\\\/blog.fedegn.org\\\/wordpress\\\/#organization\",\"name\":\"F\u00e9d\u00e9GN\",\"url\":\"https:\\\/\\\/blog.fedegn.org\\\/wordpress\\\/\",\"logo\":{\"@type\":\"ImageObject\",\"inLanguage\":\"en-US\",\"@id\":\"https:\\\/\\\/blog.fedegn.org\\\/wordpress\\\/#\\\/schema\\\/logo\\\/image\\\/\",\"url\":\"https:\\\/\\\/blog.fedegn.org\\\/wordpress\\\/wp-content\\\/uploads\\\/2025\\\/10\\\/Logo_FedeGN-scaled.png\",\"contentUrl\":\"https:\\\/\\\/blog.fedegn.org\\\/wordpress\\\/wp-content\\\/uploads\\\/2025\\\/10\\\/Logo_FedeGN-scaled.png\",\"width\":2560,\"height\":1248,\"caption\":\"F\u00e9d\u00e9GN\"},\"image\":{\"@id\":\"https:\\\/\\\/blog.fedegn.org\\\/wordpress\\\/#\\\/schema\\\/logo\\\/image\\\/\"}}]}<\/script>\n<!-- \/ Yoast SEO plugin. -->","yoast_head_json":{"title":"La science-fiction - F\u00e9d\u00e9GN","robots":{"index":"index","follow":"follow","max-snippet":"max-snippet:-1","max-image-preview":"max-image-preview:large","max-video-preview":"max-video-preview:-1"},"canonical":"https:\/\/blog.fedegn.org\/wordpress\/la-science-fiction\/","og_locale":"en_US","og_type":"article","og_title":"La science-fiction - F\u00e9d\u00e9GN","og_description":"La Science-Fiction Longtemps, les jeux ont \u00e9t\u00e9 m\u00e9di\u00e9vaux essentiellement pour des raisons techniques et de simulation. En effet, si g\u00e9rer des combats avec des \u00e9p\u00e9es en mousse \u00e9tait relativement ais\u00e9, simuler des combats de vaisseaux spatiaux, des \u00e9changes \u00e0 coups de pistolaser ou des univers post apocalyptiques restait plus compliqu\u00e9. Les quelques organisations se basant [&hellip;]","og_url":"https:\/\/blog.fedegn.org\/wordpress\/la-science-fiction\/","og_site_name":"F\u00e9d\u00e9GN","article_modified_time":"2025-12-30T15:45:07+00:00","og_image":[{"width":1329,"height":768,"url":"https:\/\/blog.fedegn.org\/wordpress\/wp-content\/uploads\/2025\/12\/science-fiction-1.png","type":"image\/png"}],"twitter_card":"summary_large_image","twitter_misc":{"Est. reading time":"2 minutes"},"schema":{"@context":"https:\/\/schema.org","@graph":[{"@type":"WebPage","@id":"https:\/\/blog.fedegn.org\/wordpress\/la-science-fiction\/","url":"https:\/\/blog.fedegn.org\/wordpress\/la-science-fiction\/","name":"La science-fiction - F\u00e9d\u00e9GN","isPartOf":{"@id":"https:\/\/blog.fedegn.org\/wordpress\/#website"},"primaryImageOfPage":{"@id":"https:\/\/blog.fedegn.org\/wordpress\/la-science-fiction\/#primaryimage"},"image":{"@id":"https:\/\/blog.fedegn.org\/wordpress\/la-science-fiction\/#primaryimage"},"thumbnailUrl":"https:\/\/blog.fedegn.org\/wordpress\/wp-content\/uploads\/2025\/12\/science-fiction-1.png","datePublished":"2025-12-29T15:27:29+00:00","dateModified":"2025-12-30T15:45:07+00:00","breadcrumb":{"@id":"https:\/\/blog.fedegn.org\/wordpress\/la-science-fiction\/#breadcrumb"},"inLanguage":"en-US","potentialAction":[{"@type":"ReadAction","target":["https:\/\/blog.fedegn.org\/wordpress\/la-science-fiction\/"]}]},{"@type":"ImageObject","inLanguage":"en-US","@id":"https:\/\/blog.fedegn.org\/wordpress\/la-science-fiction\/#primaryimage","url":"https:\/\/blog.fedegn.org\/wordpress\/wp-content\/uploads\/2025\/12\/science-fiction-1.png","contentUrl":"https:\/\/blog.fedegn.org\/wordpress\/wp-content\/uploads\/2025\/12\/science-fiction-1.png","width":1329,"height":768},{"@type":"BreadcrumbList","@id":"https:\/\/blog.fedegn.org\/wordpress\/la-science-fiction\/#breadcrumb","itemListElement":[{"@type":"ListItem","position":1,"name":"Accueil","item":"https:\/\/blog.fedegn.org\/wordpress\/"},{"@type":"ListItem","position":2,"name":"La science-fiction"}]},{"@type":"WebSite","@id":"https:\/\/blog.fedegn.org\/wordpress\/#website","url":"https:\/\/blog.fedegn.org\/wordpress\/","name":"F\u00e9d\u00e9GN","description":"","publisher":{"@id":"https:\/\/blog.fedegn.org\/wordpress\/#organization"},"potentialAction":[{"@type":"SearchAction","target":{"@type":"EntryPoint","urlTemplate":"https:\/\/blog.fedegn.org\/wordpress\/?s={search_term_string}"},"query-input":{"@type":"PropertyValueSpecification","valueRequired":true,"valueName":"search_term_string"}}],"inLanguage":"en-US"},{"@type":"Organization","@id":"https:\/\/blog.fedegn.org\/wordpress\/#organization","name":"F\u00e9d\u00e9GN","url":"https:\/\/blog.fedegn.org\/wordpress\/","logo":{"@type":"ImageObject","inLanguage":"en-US","@id":"https:\/\/blog.fedegn.org\/wordpress\/#\/schema\/logo\/image\/","url":"https:\/\/blog.fedegn.org\/wordpress\/wp-content\/uploads\/2025\/10\/Logo_FedeGN-scaled.png","contentUrl":"https:\/\/blog.fedegn.org\/wordpress\/wp-content\/uploads\/2025\/10\/Logo_FedeGN-scaled.png","width":2560,"height":1248,"caption":"F\u00e9d\u00e9GN"},"image":{"@id":"https:\/\/blog.fedegn.org\/wordpress\/#\/schema\/logo\/image\/"}}]}},"_links":{"self":[{"href":"https:\/\/blog.fedegn.org\/wordpress\/wp-json\/wp\/v2\/pages\/592","targetHints":{"allow":["GET"]}}],"collection":[{"href":"https:\/\/blog.fedegn.org\/wordpress\/wp-json\/wp\/v2\/pages"}],"about":[{"href":"https:\/\/blog.fedegn.org\/wordpress\/wp-json\/wp\/v2\/types\/page"}],"author":[{"embeddable":true,"href":"https:\/\/blog.fedegn.org\/wordpress\/wp-json\/wp\/v2\/users\/1"}],"replies":[{"embeddable":true,"href":"https:\/\/blog.fedegn.org\/wordpress\/wp-json\/wp\/v2\/comments?post=592"}],"version-history":[{"count":10,"href":"https:\/\/blog.fedegn.org\/wordpress\/wp-json\/wp\/v2\/pages\/592\/revisions"}],"predecessor-version":[{"id":700,"href":"https:\/\/blog.fedegn.org\/wordpress\/wp-json\/wp\/v2\/pages\/592\/revisions\/700"}],"wp:attachment":[{"href":"https:\/\/blog.fedegn.org\/wordpress\/wp-json\/wp\/v2\/media?parent=592"}],"curies":[{"name":"wp","href":"https:\/\/api.w.org\/{rel}","templated":true}]}}