{"id":590,"date":"2025-12-29T16:25:02","date_gmt":"2025-12-29T15:25:02","guid":{"rendered":"https:\/\/blog.fedegn.org\/wordpress\/?page_id=590"},"modified":"2025-12-30T16:11:15","modified_gmt":"2025-12-30T15:11:15","slug":"le-medieval-fantastique","status":"publish","type":"page","link":"https:\/\/blog.fedegn.org\/wordpress\/le-medieval-fantastique\/","title":{"rendered":"Le m\u00e9di\u00e9val fantastique"},"content":{"rendered":"\t\t<div data-elementor-type=\"wp-page\" data-elementor-id=\"590\" class=\"elementor elementor-590\">\n\t\t\t\t<div class=\"elementor-element elementor-element-15b6d2a8 e-flex e-con-boxed e-con e-parent\" data-id=\"15b6d2a8\" data-element_type=\"container\" data-e-type=\"container\">\n\t\t\t\t\t<div class=\"e-con-inner\">\n\t\t<div class=\"elementor-element elementor-element-6546490 e-con-full e-flex e-con e-child\" data-id=\"6546490\" data-element_type=\"container\" data-e-type=\"container\">\n\t\t\t\t<div class=\"elementor-element elementor-element-46495910 elementor-widget elementor-widget-heading\" data-id=\"46495910\" data-element_type=\"widget\" data-e-type=\"widget\" data-widget_type=\"heading.default\">\n\t\t\t\t\t<h2 class=\"elementor-heading-title elementor-size-default\">Le M\u00e9di\u00e9val Fantastique<\/h2>\t\t\t\t<\/div>\n\t\t\t\t<div class=\"elementor-element elementor-element-5135c096 elementor-widget elementor-widget-text-editor\" data-id=\"5135c096\" data-element_type=\"widget\" data-e-type=\"widget\" data-widget_type=\"text-editor.default\">\n\t\t\t\t\t\t\t\t\t<p>Les univers m\u00e9di\u00e9vaux fantastiques pr\u00e9dominent toujours l&#8217;activit\u00e9 m\u00eame si cette importance semble s&#8217;att\u00e9nuer avec l&#8217;apparition d&#8217;une multitude de th\u00e9matiques originales.<\/p><p>Ainsi 55% des associations ayant r\u00e9pondu \u00e0\u00a0<a href=\"https:\/\/blog.fedegn.org\/wordpress\/wp-content\/uploads\/2025\/12\/Resultats-sondage-associations-2012.pdf\">l&#8217;enqu\u00eate r\u00e9alis\u00e9e en 2012 par la F\u00e9d\u00e9GN<\/a>\u00a0ont r\u00e9pondu faire jouer dans cet univers. Que ce soit dans des univers issus de la litt\u00e9rature ou du cin\u00e9ma (Le Seigneur des Anneaux), de jeux sur table (warhammer, greyhawk) ou de l\u2019imagination des organisateurs, les univers m\u00e9di\u00e9vaux fantastiques sont reconnaissables \u00e0 leurs cr\u00e9atures tr\u00e8s vari\u00e9es (nains, elfes, humains, gnomes, trolls, etc.) et \u00e0 leur grande libert\u00e9 vis-\u00e0-vis de la r\u00e9alit\u00e9 historique m\u00e9di\u00e9vale (magie, costumes extravagants, monstres impressionnants).<\/p><p>Le m\u00e9di\u00e9val fantastique est l&#8217;un des univers les plus accessibles \u00e0 un d\u00e9butant dans la mesure o\u00f9 l\u2019imagination est reine, et les contraintes restent limit\u00e9es en dehors de celles d\u00e9cid\u00e9es par les organisateurs.<\/p>\t\t\t\t\t\t\t\t<\/div>\n\t\t\t\t<div class=\"elementor-element elementor-element-1ecc7571 elementor-widget elementor-widget-image\" data-id=\"1ecc7571\" data-element_type=\"widget\" data-e-type=\"widget\" data-widget_type=\"image.default\">\n\t\t\t\t\t\t\t\t\t\t\t\t\t\t\t<img fetchpriority=\"high\" decoding=\"async\" width=\"1600\" height=\"1200\" src=\"https:\/\/blog.fedegn.org\/wordpress\/wp-content\/uploads\/2025\/12\/Sans-titre.png\" class=\"attachment-full size-full wp-image-678\" alt=\"\" srcset=\"https:\/\/blog.fedegn.org\/wordpress\/wp-content\/uploads\/2025\/12\/Sans-titre.png 1600w, https:\/\/blog.fedegn.org\/wordpress\/wp-content\/uploads\/2025\/12\/Sans-titre-300x225.png 300w, https:\/\/blog.fedegn.org\/wordpress\/wp-content\/uploads\/2025\/12\/Sans-titre-1024x768.png 1024w, https:\/\/blog.fedegn.org\/wordpress\/wp-content\/uploads\/2025\/12\/Sans-titre-768x576.png 768w, https:\/\/blog.fedegn.org\/wordpress\/wp-content\/uploads\/2025\/12\/Sans-titre-1536x1152.png 1536w\" sizes=\"(max-width: 1600px) 100vw, 1600px\" \/>\t\t\t\t\t\t\t\t\t\t\t\t\t\t\t<\/div>\n\t\t\t\t<div class=\"elementor-element elementor-element-b66091d elementor-widget elementor-widget-text-editor\" data-id=\"b66091d\" data-element_type=\"widget\" data-e-type=\"widget\" data-widget_type=\"text-editor.default\">\n\t\t\t\t\t\t\t\t\t<p>Vous pouvez trouver des annonces de jeu, des conseils sur la page ci dessous :\u00a0<\/p>\t\t\t\t\t\t\t\t<\/div>\n\t\t\t\t<\/div>\n\t\t\t\t<div class=\"elementor-element elementor-element-474d2f9 elementor-align-center elementor-widget elementor-widget-button\" data-id=\"474d2f9\" data-element_type=\"widget\" data-e-type=\"widget\" data-widget_type=\"button.default\">\n\t\t\t\t\t\t\t\t\t\t<a class=\"elementor-button elementor-button-link elementor-size-sm elementor-animation-grow\" href=\"https:\/\/www.facebook.com\/profile.php?id=100064289275233\">\n\t\t\t\t\t\t<span class=\"elementor-button-content-wrapper\">\n\t\t\t\t\t\t\t\t\t<span class=\"elementor-button-text\">Page Facebook F\u00e9d\u00e9GN M\u00e9di\u00e9val<\/span>\n\t\t\t\t\t<\/span>\n\t\t\t\t\t<\/a>\n\t\t\t\t\t\t\t\t<\/div>\n\t\t\t\t\t<\/div>\n\t\t\t\t<\/div>\n\t\t\t\t<\/div>\n\t\t","protected":false},"excerpt":{"rendered":"<p>Le M\u00e9di\u00e9val Fantastique Les univers m\u00e9di\u00e9vaux fantastiques pr\u00e9dominent toujours l&#8217;activit\u00e9 m\u00eame si cette importance semble s&#8217;att\u00e9nuer avec l&#8217;apparition d&#8217;une multitude de th\u00e9matiques originales. Ainsi 55% des associations ayant r\u00e9pondu \u00e0\u00a0l&#8217;enqu\u00eate r\u00e9alis\u00e9e en 2012 par la F\u00e9d\u00e9GN\u00a0ont r\u00e9pondu faire jouer dans cet univers. Que ce soit dans des univers issus de la litt\u00e9rature ou du cin\u00e9ma [&hellip;]<\/p>\n","protected":false},"author":1,"featured_media":0,"parent":0,"menu_order":0,"comment_status":"closed","ping_status":"closed","template":"","meta":{"ocean_post_layout":"","ocean_both_sidebars_style":"","ocean_both_sidebars_content_width":0,"ocean_both_sidebars_sidebars_width":0,"ocean_sidebar":"","ocean_second_sidebar":"","ocean_disable_margins":"enable","ocean_add_body_class":"","ocean_shortcode_before_top_bar":"","ocean_shortcode_after_top_bar":"","ocean_shortcode_before_header":"","ocean_shortcode_after_header":"","ocean_has_shortcode":"","ocean_shortcode_after_title":"","ocean_shortcode_before_footer_widgets":"","ocean_shortcode_after_footer_widgets":"","ocean_shortcode_before_footer_bottom":"","ocean_shortcode_after_footer_bottom":"","ocean_display_top_bar":"default","ocean_display_header":"default","ocean_header_style":"","ocean_center_header_left_menu":"","ocean_custom_header_template":"","ocean_custom_logo":0,"ocean_custom_retina_logo":0,"ocean_custom_logo_max_width":0,"ocean_custom_logo_tablet_max_width":0,"ocean_custom_logo_mobile_max_width":0,"ocean_custom_logo_max_height":0,"ocean_custom_logo_tablet_max_height":0,"ocean_custom_logo_mobile_max_height":0,"ocean_header_custom_menu":"","ocean_menu_typo_font_family":"","ocean_menu_typo_font_subset":"","ocean_menu_typo_font_size":0,"ocean_menu_typo_font_size_tablet":0,"ocean_menu_typo_font_size_mobile":0,"ocean_menu_typo_font_size_unit":"px","ocean_menu_typo_font_weight":"","ocean_menu_typo_font_weight_tablet":"","ocean_menu_typo_font_weight_mobile":"","ocean_menu_typo_transform":"","ocean_menu_typo_transform_tablet":"","ocean_menu_typo_transform_mobile":"","ocean_menu_typo_line_height":0,"ocean_menu_typo_line_height_tablet":0,"ocean_menu_typo_line_height_mobile":0,"ocean_menu_typo_line_height_unit":"","ocean_menu_typo_spacing":0,"ocean_menu_typo_spacing_tablet":0,"ocean_menu_typo_spacing_mobile":0,"ocean_menu_typo_spacing_unit":"","ocean_menu_link_color":"","ocean_menu_link_color_hover":"","ocean_menu_link_color_active":"","ocean_menu_link_background":"","ocean_menu_link_hover_background":"","ocean_menu_link_active_background":"","ocean_menu_social_links_bg":"","ocean_menu_social_hover_links_bg":"","ocean_menu_social_links_color":"","ocean_menu_social_hover_links_color":"","ocean_disable_title":"default","ocean_disable_heading":"default","ocean_post_title":"","ocean_post_subheading":"","ocean_post_title_style":"","ocean_post_title_background_color":"","ocean_post_title_background":0,"ocean_post_title_bg_image_position":"","ocean_post_title_bg_image_attachment":"","ocean_post_title_bg_image_repeat":"","ocean_post_title_bg_image_size":"","ocean_post_title_height":0,"ocean_post_title_bg_overlay":0.5,"ocean_post_title_bg_overlay_color":"","ocean_disable_breadcrumbs":"default","ocean_breadcrumbs_color":"","ocean_breadcrumbs_separator_color":"","ocean_breadcrumbs_links_color":"","ocean_breadcrumbs_links_hover_color":"","ocean_display_footer_widgets":"default","ocean_display_footer_bottom":"default","ocean_custom_footer_template":"","footnotes":""},"class_list":["post-590","page","type-page","status-publish","hentry","entry"],"yoast_head":"<!-- This site is optimized with the Yoast SEO plugin v27.5 - https:\/\/yoast.com\/product\/yoast-seo-wordpress\/ -->\n<title>Le m\u00e9di\u00e9val fantastique - F\u00e9d\u00e9GN<\/title>\n<meta name=\"robots\" content=\"index, follow, max-snippet:-1, max-image-preview:large, max-video-preview:-1\" \/>\n<link rel=\"canonical\" href=\"https:\/\/blog.fedegn.org\/wordpress\/le-medieval-fantastique\/\" \/>\n<meta property=\"og:locale\" content=\"en_US\" \/>\n<meta property=\"og:type\" content=\"article\" \/>\n<meta property=\"og:title\" content=\"Le m\u00e9di\u00e9val fantastique - F\u00e9d\u00e9GN\" \/>\n<meta property=\"og:description\" content=\"Le M\u00e9di\u00e9val Fantastique Les univers m\u00e9di\u00e9vaux fantastiques pr\u00e9dominent toujours l&#8217;activit\u00e9 m\u00eame si cette importance semble s&#8217;att\u00e9nuer avec l&#8217;apparition d&#8217;une multitude de th\u00e9matiques originales. Ainsi 55% des associations ayant r\u00e9pondu \u00e0\u00a0l&#8217;enqu\u00eate r\u00e9alis\u00e9e en 2012 par la F\u00e9d\u00e9GN\u00a0ont r\u00e9pondu faire jouer dans cet univers. Que ce soit dans des univers issus de la litt\u00e9rature ou du cin\u00e9ma [&hellip;]\" \/>\n<meta property=\"og:url\" content=\"https:\/\/blog.fedegn.org\/wordpress\/le-medieval-fantastique\/\" \/>\n<meta property=\"og:site_name\" content=\"F\u00e9d\u00e9GN\" \/>\n<meta property=\"article:modified_time\" content=\"2025-12-30T15:11:15+00:00\" \/>\n<meta property=\"og:image\" content=\"https:\/\/blog.fedegn.org\/wordpress\/wp-content\/uploads\/2025\/12\/Sans-titre-1024x768.png\" \/>\n\t<meta property=\"og:image:width\" content=\"1024\" \/>\n\t<meta property=\"og:image:height\" content=\"768\" \/>\n\t<meta property=\"og:image:type\" content=\"image\/png\" \/>\n<meta name=\"twitter:card\" content=\"summary_large_image\" \/>\n<script type=\"application\/ld+json\" class=\"yoast-schema-graph\">{\"@context\":\"https:\\\/\\\/schema.org\",\"@graph\":[{\"@type\":\"WebPage\",\"@id\":\"https:\\\/\\\/blog.fedegn.org\\\/wordpress\\\/le-medieval-fantastique\\\/\",\"url\":\"https:\\\/\\\/blog.fedegn.org\\\/wordpress\\\/le-medieval-fantastique\\\/\",\"name\":\"Le m\u00e9di\u00e9val fantastique - F\u00e9d\u00e9GN\",\"isPartOf\":{\"@id\":\"https:\\\/\\\/blog.fedegn.org\\\/wordpress\\\/#website\"},\"primaryImageOfPage\":{\"@id\":\"https:\\\/\\\/blog.fedegn.org\\\/wordpress\\\/le-medieval-fantastique\\\/#primaryimage\"},\"image\":{\"@id\":\"https:\\\/\\\/blog.fedegn.org\\\/wordpress\\\/le-medieval-fantastique\\\/#primaryimage\"},\"thumbnailUrl\":\"https:\\\/\\\/blog.fedegn.org\\\/wordpress\\\/wp-content\\\/uploads\\\/2025\\\/12\\\/Sans-titre.png\",\"datePublished\":\"2025-12-29T15:25:02+00:00\",\"dateModified\":\"2025-12-30T15:11:15+00:00\",\"breadcrumb\":{\"@id\":\"https:\\\/\\\/blog.fedegn.org\\\/wordpress\\\/le-medieval-fantastique\\\/#breadcrumb\"},\"inLanguage\":\"en-US\",\"potentialAction\":[{\"@type\":\"ReadAction\",\"target\":[\"https:\\\/\\\/blog.fedegn.org\\\/wordpress\\\/le-medieval-fantastique\\\/\"]}]},{\"@type\":\"ImageObject\",\"inLanguage\":\"en-US\",\"@id\":\"https:\\\/\\\/blog.fedegn.org\\\/wordpress\\\/le-medieval-fantastique\\\/#primaryimage\",\"url\":\"https:\\\/\\\/blog.fedegn.org\\\/wordpress\\\/wp-content\\\/uploads\\\/2025\\\/12\\\/Sans-titre.png\",\"contentUrl\":\"https:\\\/\\\/blog.fedegn.org\\\/wordpress\\\/wp-content\\\/uploads\\\/2025\\\/12\\\/Sans-titre.png\",\"width\":1600,\"height\":1200},{\"@type\":\"BreadcrumbList\",\"@id\":\"https:\\\/\\\/blog.fedegn.org\\\/wordpress\\\/le-medieval-fantastique\\\/#breadcrumb\",\"itemListElement\":[{\"@type\":\"ListItem\",\"position\":1,\"name\":\"Accueil\",\"item\":\"https:\\\/\\\/blog.fedegn.org\\\/wordpress\\\/\"},{\"@type\":\"ListItem\",\"position\":2,\"name\":\"Le m\u00e9di\u00e9val fantastique\"}]},{\"@type\":\"WebSite\",\"@id\":\"https:\\\/\\\/blog.fedegn.org\\\/wordpress\\\/#website\",\"url\":\"https:\\\/\\\/blog.fedegn.org\\\/wordpress\\\/\",\"name\":\"F\u00e9d\u00e9GN\",\"description\":\"\",\"publisher\":{\"@id\":\"https:\\\/\\\/blog.fedegn.org\\\/wordpress\\\/#organization\"},\"potentialAction\":[{\"@type\":\"SearchAction\",\"target\":{\"@type\":\"EntryPoint\",\"urlTemplate\":\"https:\\\/\\\/blog.fedegn.org\\\/wordpress\\\/?s={search_term_string}\"},\"query-input\":{\"@type\":\"PropertyValueSpecification\",\"valueRequired\":true,\"valueName\":\"search_term_string\"}}],\"inLanguage\":\"en-US\"},{\"@type\":\"Organization\",\"@id\":\"https:\\\/\\\/blog.fedegn.org\\\/wordpress\\\/#organization\",\"name\":\"F\u00e9d\u00e9GN\",\"url\":\"https:\\\/\\\/blog.fedegn.org\\\/wordpress\\\/\",\"logo\":{\"@type\":\"ImageObject\",\"inLanguage\":\"en-US\",\"@id\":\"https:\\\/\\\/blog.fedegn.org\\\/wordpress\\\/#\\\/schema\\\/logo\\\/image\\\/\",\"url\":\"https:\\\/\\\/blog.fedegn.org\\\/wordpress\\\/wp-content\\\/uploads\\\/2025\\\/10\\\/Logo_FedeGN-scaled.png\",\"contentUrl\":\"https:\\\/\\\/blog.fedegn.org\\\/wordpress\\\/wp-content\\\/uploads\\\/2025\\\/10\\\/Logo_FedeGN-scaled.png\",\"width\":2560,\"height\":1248,\"caption\":\"F\u00e9d\u00e9GN\"},\"image\":{\"@id\":\"https:\\\/\\\/blog.fedegn.org\\\/wordpress\\\/#\\\/schema\\\/logo\\\/image\\\/\"}}]}<\/script>\n<!-- \/ Yoast SEO plugin. -->","yoast_head_json":{"title":"Le m\u00e9di\u00e9val fantastique - F\u00e9d\u00e9GN","robots":{"index":"index","follow":"follow","max-snippet":"max-snippet:-1","max-image-preview":"max-image-preview:large","max-video-preview":"max-video-preview:-1"},"canonical":"https:\/\/blog.fedegn.org\/wordpress\/le-medieval-fantastique\/","og_locale":"en_US","og_type":"article","og_title":"Le m\u00e9di\u00e9val fantastique - F\u00e9d\u00e9GN","og_description":"Le M\u00e9di\u00e9val Fantastique Les univers m\u00e9di\u00e9vaux fantastiques pr\u00e9dominent toujours l&#8217;activit\u00e9 m\u00eame si cette importance semble s&#8217;att\u00e9nuer avec l&#8217;apparition d&#8217;une multitude de th\u00e9matiques originales. Ainsi 55% des associations ayant r\u00e9pondu \u00e0\u00a0l&#8217;enqu\u00eate r\u00e9alis\u00e9e en 2012 par la F\u00e9d\u00e9GN\u00a0ont r\u00e9pondu faire jouer dans cet univers. Que ce soit dans des univers issus de la litt\u00e9rature ou du cin\u00e9ma [&hellip;]","og_url":"https:\/\/blog.fedegn.org\/wordpress\/le-medieval-fantastique\/","og_site_name":"F\u00e9d\u00e9GN","article_modified_time":"2025-12-30T15:11:15+00:00","og_image":[{"width":1024,"height":768,"url":"https:\/\/blog.fedegn.org\/wordpress\/wp-content\/uploads\/2025\/12\/Sans-titre-1024x768.png","type":"image\/png"}],"twitter_card":"summary_large_image","schema":{"@context":"https:\/\/schema.org","@graph":[{"@type":"WebPage","@id":"https:\/\/blog.fedegn.org\/wordpress\/le-medieval-fantastique\/","url":"https:\/\/blog.fedegn.org\/wordpress\/le-medieval-fantastique\/","name":"Le m\u00e9di\u00e9val fantastique - F\u00e9d\u00e9GN","isPartOf":{"@id":"https:\/\/blog.fedegn.org\/wordpress\/#website"},"primaryImageOfPage":{"@id":"https:\/\/blog.fedegn.org\/wordpress\/le-medieval-fantastique\/#primaryimage"},"image":{"@id":"https:\/\/blog.fedegn.org\/wordpress\/le-medieval-fantastique\/#primaryimage"},"thumbnailUrl":"https:\/\/blog.fedegn.org\/wordpress\/wp-content\/uploads\/2025\/12\/Sans-titre.png","datePublished":"2025-12-29T15:25:02+00:00","dateModified":"2025-12-30T15:11:15+00:00","breadcrumb":{"@id":"https:\/\/blog.fedegn.org\/wordpress\/le-medieval-fantastique\/#breadcrumb"},"inLanguage":"en-US","potentialAction":[{"@type":"ReadAction","target":["https:\/\/blog.fedegn.org\/wordpress\/le-medieval-fantastique\/"]}]},{"@type":"ImageObject","inLanguage":"en-US","@id":"https:\/\/blog.fedegn.org\/wordpress\/le-medieval-fantastique\/#primaryimage","url":"https:\/\/blog.fedegn.org\/wordpress\/wp-content\/uploads\/2025\/12\/Sans-titre.png","contentUrl":"https:\/\/blog.fedegn.org\/wordpress\/wp-content\/uploads\/2025\/12\/Sans-titre.png","width":1600,"height":1200},{"@type":"BreadcrumbList","@id":"https:\/\/blog.fedegn.org\/wordpress\/le-medieval-fantastique\/#breadcrumb","itemListElement":[{"@type":"ListItem","position":1,"name":"Accueil","item":"https:\/\/blog.fedegn.org\/wordpress\/"},{"@type":"ListItem","position":2,"name":"Le m\u00e9di\u00e9val fantastique"}]},{"@type":"WebSite","@id":"https:\/\/blog.fedegn.org\/wordpress\/#website","url":"https:\/\/blog.fedegn.org\/wordpress\/","name":"F\u00e9d\u00e9GN","description":"","publisher":{"@id":"https:\/\/blog.fedegn.org\/wordpress\/#organization"},"potentialAction":[{"@type":"SearchAction","target":{"@type":"EntryPoint","urlTemplate":"https:\/\/blog.fedegn.org\/wordpress\/?s={search_term_string}"},"query-input":{"@type":"PropertyValueSpecification","valueRequired":true,"valueName":"search_term_string"}}],"inLanguage":"en-US"},{"@type":"Organization","@id":"https:\/\/blog.fedegn.org\/wordpress\/#organization","name":"F\u00e9d\u00e9GN","url":"https:\/\/blog.fedegn.org\/wordpress\/","logo":{"@type":"ImageObject","inLanguage":"en-US","@id":"https:\/\/blog.fedegn.org\/wordpress\/#\/schema\/logo\/image\/","url":"https:\/\/blog.fedegn.org\/wordpress\/wp-content\/uploads\/2025\/10\/Logo_FedeGN-scaled.png","contentUrl":"https:\/\/blog.fedegn.org\/wordpress\/wp-content\/uploads\/2025\/10\/Logo_FedeGN-scaled.png","width":2560,"height":1248,"caption":"F\u00e9d\u00e9GN"},"image":{"@id":"https:\/\/blog.fedegn.org\/wordpress\/#\/schema\/logo\/image\/"}}]}},"_links":{"self":[{"href":"https:\/\/blog.fedegn.org\/wordpress\/wp-json\/wp\/v2\/pages\/590","targetHints":{"allow":["GET"]}}],"collection":[{"href":"https:\/\/blog.fedegn.org\/wordpress\/wp-json\/wp\/v2\/pages"}],"about":[{"href":"https:\/\/blog.fedegn.org\/wordpress\/wp-json\/wp\/v2\/types\/page"}],"author":[{"embeddable":true,"href":"https:\/\/blog.fedegn.org\/wordpress\/wp-json\/wp\/v2\/users\/1"}],"replies":[{"embeddable":true,"href":"https:\/\/blog.fedegn.org\/wordpress\/wp-json\/wp\/v2\/comments?post=590"}],"version-history":[{"count":7,"href":"https:\/\/blog.fedegn.org\/wordpress\/wp-json\/wp\/v2\/pages\/590\/revisions"}],"predecessor-version":[{"id":685,"href":"https:\/\/blog.fedegn.org\/wordpress\/wp-json\/wp\/v2\/pages\/590\/revisions\/685"}],"wp:attachment":[{"href":"https:\/\/blog.fedegn.org\/wordpress\/wp-json\/wp\/v2\/media?parent=590"}],"curies":[{"name":"wp","href":"https:\/\/api.w.org\/{rel}","templated":true}]}}