{"id":588,"date":"2025-12-29T16:23:53","date_gmt":"2025-12-29T15:23:53","guid":{"rendered":"https:\/\/blog.fedegn.org\/wordpress\/?page_id=588"},"modified":"2025-12-30T15:09:43","modified_gmt":"2025-12-30T14:09:43","slug":"le-medieval-historique","status":"publish","type":"page","link":"https:\/\/blog.fedegn.org\/wordpress\/le-medieval-historique\/","title":{"rendered":"Le m\u00e9di\u00e9val historique"},"content":{"rendered":"\t\t<div data-elementor-type=\"wp-page\" data-elementor-id=\"588\" class=\"elementor elementor-588\">\n\t\t\t\t<div class=\"elementor-element elementor-element-1d8e683d e-flex e-con-boxed e-con e-parent\" data-id=\"1d8e683d\" data-element_type=\"container\" data-e-type=\"container\">\n\t\t\t\t\t<div class=\"e-con-inner\">\n\t\t<div class=\"elementor-element elementor-element-5cf31bb4 e-con-full e-flex e-con e-child\" data-id=\"5cf31bb4\" data-element_type=\"container\" data-e-type=\"container\">\n\t\t\t\t<div class=\"elementor-element elementor-element-b558279 elementor-widget elementor-widget-heading\" data-id=\"b558279\" data-element_type=\"widget\" data-e-type=\"widget\" data-widget_type=\"heading.default\">\n\t\t\t\t\t<h2 class=\"elementor-heading-title elementor-size-default\">le M\u00e9di\u00e9val Historique<\/h2>\t\t\t\t<\/div>\n\t\t\t\t<div class=\"elementor-element elementor-element-210c7472 elementor-widget elementor-widget-text-editor\" data-id=\"210c7472\" data-element_type=\"widget\" data-e-type=\"widget\" data-widget_type=\"text-editor.default\">\n\t\t\t\t\t\t\t\t\t<p>Extension des jeux m\u00e9di\u00e9vaux fantastique, les jeux bas\u00e9s sur des r\u00e9alit\u00e9s historiques se sont d\u00e9velopp\u00e9s depuis quelques ann\u00e9es. Ainsi pr\u00e8s de 20% des associations pr\u00e9cisent organiser des jeux dits historiques (source :\u00a0<a href=\"https:\/\/blog.fedegn.org\/wordpress\/wp-content\/uploads\/2025\/12\/Resultats-sondage-associations-2012.pdf\">Enqu\u00eate associations 2012<\/a>). Si ces jeux n&#8217;excluent pas une part de fantastique, ou d&#8217;onirique (notre histoire n&#8217;est-elle pas emplie de l\u00e9gendes), ils sont inscrit dans une \u00e9poque pr\u00e9cise qui, si elle est souvent m\u00e9di\u00e9vale et europ\u00e9enne, peut aussi permettre au joueur de voyager dans l&#8217;espace si ce n&#8217;est dans le temps. Il existe ainsi des jeux \u00e0 ambiance m\u00e9di\u00e9vale japonaise, des jeux se passant en \u00c9gypte antique, etc.<\/p>\t\t\t\t\t\t\t\t<\/div>\n\t\t\t\t<div class=\"elementor-element elementor-element-70b4512 elementor-widget elementor-widget-text-editor\" data-id=\"70b4512\" data-element_type=\"widget\" data-e-type=\"widget\" data-widget_type=\"text-editor.default\">\n\t\t\t\t\t\t\t\t\t<p>La p\u00e9riode m\u00e9di\u00e9vale historique est ouverte \u00e0 tous, mais permet une passerelle de plus avec nos cousins que sont les amateurs de reconstitution historique.<\/p><p>Si l&#8217;\u00e9poque m\u00e9di\u00e9vale est la plus pris\u00e9e en terme de jeux historique, d&#8217;autres \u00e9poques ou lieux g\u00e9ographiques sont de plus en plus repr\u00e9sent\u00e9s (pirates, western, etc.)<\/p>\t\t\t\t\t\t\t\t<\/div>\n\t\t\t\t<div class=\"elementor-element elementor-element-1bd1ebd4 elementor-widget elementor-widget-image\" data-id=\"1bd1ebd4\" data-element_type=\"widget\" data-e-type=\"widget\" data-widget_type=\"image.default\">\n\t\t\t\t\t\t\t\t\t\t\t\t\t\t\t<img fetchpriority=\"high\" decoding=\"async\" width=\"1024\" height=\"768\" src=\"https:\/\/blog.fedegn.org\/wordpress\/wp-content\/uploads\/2025\/10\/DSCN0018141-1024x768.jpg\" class=\"attachment-large size-large wp-image-472\" alt=\"\" srcset=\"https:\/\/blog.fedegn.org\/wordpress\/wp-content\/uploads\/2025\/10\/DSCN0018141-1024x768.jpg 1024w, https:\/\/blog.fedegn.org\/wordpress\/wp-content\/uploads\/2025\/10\/DSCN0018141-300x225.jpg 300w, https:\/\/blog.fedegn.org\/wordpress\/wp-content\/uploads\/2025\/10\/DSCN0018141-768x576.jpg 768w, https:\/\/blog.fedegn.org\/wordpress\/wp-content\/uploads\/2025\/10\/DSCN0018141-1536x1152.jpg 1536w, https:\/\/blog.fedegn.org\/wordpress\/wp-content\/uploads\/2025\/10\/DSCN0018141.jpg 1600w\" sizes=\"(max-width: 1024px) 100vw, 1024px\" \/>\t\t\t\t\t\t\t\t\t\t\t\t\t\t\t<\/div>\n\t\t\t\t<div class=\"elementor-element elementor-element-94541e8 elementor-widget elementor-widget-text-editor\" data-id=\"94541e8\" data-element_type=\"widget\" data-e-type=\"widget\" data-widget_type=\"text-editor.default\">\n\t\t\t\t\t\t\t\t\t<p>Vous pouvez trouver des annonces de jeu, des conseils sur la page ci dessous :\u00a0<\/p>\t\t\t\t\t\t\t\t<\/div>\n\t\t\t\t<div class=\"elementor-element elementor-element-d70261b elementor-align-center elementor-widget elementor-widget-button\" data-id=\"d70261b\" data-element_type=\"widget\" data-e-type=\"widget\" data-widget_type=\"button.default\">\n\t\t\t\t\t\t\t\t\t\t<a class=\"elementor-button elementor-button-link elementor-size-sm elementor-animation-grow\" href=\"https:\/\/www.facebook.com\/F%C3%A9d%C3%A9GN-M%C3%A9di%C3%A9val-1447666122213985\/?fref=ts\">\n\t\t\t\t\t\t<span class=\"elementor-button-content-wrapper\">\n\t\t\t\t\t\t\t\t\t<span class=\"elementor-button-text\">Page Facebook F\u00e9d\u00e9GN M\u00e9di\u00e9val<\/span>\n\t\t\t\t\t<\/span>\n\t\t\t\t\t<\/a>\n\t\t\t\t\t\t\t\t<\/div>\n\t\t\t\t<\/div>\n\t\t\t\t\t<\/div>\n\t\t\t\t<\/div>\n\t\t\t\t<\/div>\n\t\t","protected":false},"excerpt":{"rendered":"<p>le M\u00e9di\u00e9val Historique Extension des jeux m\u00e9di\u00e9vaux fantastique, les jeux bas\u00e9s sur des r\u00e9alit\u00e9s historiques se sont d\u00e9velopp\u00e9s depuis quelques ann\u00e9es. Ainsi pr\u00e8s de 20% des associations pr\u00e9cisent organiser des jeux dits historiques (source :\u00a0Enqu\u00eate associations 2012). Si ces jeux n&#8217;excluent pas une part de fantastique, ou d&#8217;onirique (notre histoire n&#8217;est-elle pas emplie de l\u00e9gendes), [&hellip;]<\/p>\n","protected":false},"author":1,"featured_media":0,"parent":0,"menu_order":0,"comment_status":"closed","ping_status":"closed","template":"","meta":{"ocean_post_layout":"","ocean_both_sidebars_style":"","ocean_both_sidebars_content_width":0,"ocean_both_sidebars_sidebars_width":0,"ocean_sidebar":"","ocean_second_sidebar":"","ocean_disable_margins":"enable","ocean_add_body_class":"","ocean_shortcode_before_top_bar":"","ocean_shortcode_after_top_bar":"","ocean_shortcode_before_header":"","ocean_shortcode_after_header":"","ocean_has_shortcode":"","ocean_shortcode_after_title":"","ocean_shortcode_before_footer_widgets":"","ocean_shortcode_after_footer_widgets":"","ocean_shortcode_before_footer_bottom":"","ocean_shortcode_after_footer_bottom":"","ocean_display_top_bar":"default","ocean_display_header":"default","ocean_header_style":"","ocean_center_header_left_menu":"","ocean_custom_header_template":"","ocean_custom_logo":0,"ocean_custom_retina_logo":0,"ocean_custom_logo_max_width":0,"ocean_custom_logo_tablet_max_width":0,"ocean_custom_logo_mobile_max_width":0,"ocean_custom_logo_max_height":0,"ocean_custom_logo_tablet_max_height":0,"ocean_custom_logo_mobile_max_height":0,"ocean_header_custom_menu":"","ocean_menu_typo_font_family":"","ocean_menu_typo_font_subset":"","ocean_menu_typo_font_size":0,"ocean_menu_typo_font_size_tablet":0,"ocean_menu_typo_font_size_mobile":0,"ocean_menu_typo_font_size_unit":"px","ocean_menu_typo_font_weight":"","ocean_menu_typo_font_weight_tablet":"","ocean_menu_typo_font_weight_mobile":"","ocean_menu_typo_transform":"","ocean_menu_typo_transform_tablet":"","ocean_menu_typo_transform_mobile":"","ocean_menu_typo_line_height":0,"ocean_menu_typo_line_height_tablet":0,"ocean_menu_typo_line_height_mobile":0,"ocean_menu_typo_line_height_unit":"","ocean_menu_typo_spacing":0,"ocean_menu_typo_spacing_tablet":0,"ocean_menu_typo_spacing_mobile":0,"ocean_menu_typo_spacing_unit":"","ocean_menu_link_color":"","ocean_menu_link_color_hover":"","ocean_menu_link_color_active":"","ocean_menu_link_background":"","ocean_menu_link_hover_background":"","ocean_menu_link_active_background":"","ocean_menu_social_links_bg":"","ocean_menu_social_hover_links_bg":"","ocean_menu_social_links_color":"","ocean_menu_social_hover_links_color":"","ocean_disable_title":"on","ocean_disable_heading":"default","ocean_post_title":"","ocean_post_subheading":"","ocean_post_title_style":"","ocean_post_title_background_color":"","ocean_post_title_background":0,"ocean_post_title_bg_image_position":"","ocean_post_title_bg_image_attachment":"","ocean_post_title_bg_image_repeat":"","ocean_post_title_bg_image_size":"","ocean_post_title_height":0,"ocean_post_title_bg_overlay":0.5,"ocean_post_title_bg_overlay_color":"","ocean_disable_breadcrumbs":"default","ocean_breadcrumbs_color":"","ocean_breadcrumbs_separator_color":"","ocean_breadcrumbs_links_color":"","ocean_breadcrumbs_links_hover_color":"","ocean_display_footer_widgets":"default","ocean_display_footer_bottom":"default","ocean_custom_footer_template":"","footnotes":""},"class_list":["post-588","page","type-page","status-publish","hentry","entry"],"yoast_head":"<!-- This site is optimized with the Yoast SEO plugin v27.5 - https:\/\/yoast.com\/product\/yoast-seo-wordpress\/ -->\n<title>Le m\u00e9di\u00e9val historique - F\u00e9d\u00e9GN<\/title>\n<meta name=\"robots\" content=\"index, follow, max-snippet:-1, max-image-preview:large, max-video-preview:-1\" \/>\n<link rel=\"canonical\" href=\"https:\/\/blog.fedegn.org\/wordpress\/le-medieval-historique\/\" \/>\n<meta property=\"og:locale\" content=\"en_US\" \/>\n<meta property=\"og:type\" content=\"article\" \/>\n<meta property=\"og:title\" content=\"Le m\u00e9di\u00e9val historique - F\u00e9d\u00e9GN\" \/>\n<meta property=\"og:description\" content=\"le M\u00e9di\u00e9val Historique Extension des jeux m\u00e9di\u00e9vaux fantastique, les jeux bas\u00e9s sur des r\u00e9alit\u00e9s historiques se sont d\u00e9velopp\u00e9s depuis quelques ann\u00e9es. Ainsi pr\u00e8s de 20% des associations pr\u00e9cisent organiser des jeux dits historiques (source :\u00a0Enqu\u00eate associations 2012). Si ces jeux n&#8217;excluent pas une part de fantastique, ou d&#8217;onirique (notre histoire n&#8217;est-elle pas emplie de l\u00e9gendes), [&hellip;]\" \/>\n<meta property=\"og:url\" content=\"https:\/\/blog.fedegn.org\/wordpress\/le-medieval-historique\/\" \/>\n<meta property=\"og:site_name\" content=\"F\u00e9d\u00e9GN\" \/>\n<meta property=\"article:modified_time\" content=\"2025-12-30T14:09:43+00:00\" \/>\n<meta property=\"og:image\" content=\"https:\/\/blog.fedegn.org\/wordpress\/wp-content\/uploads\/2025\/10\/DSCN0018141.jpg\" \/>\n\t<meta property=\"og:image:width\" content=\"1600\" \/>\n\t<meta property=\"og:image:height\" content=\"1200\" \/>\n\t<meta property=\"og:image:type\" content=\"image\/jpeg\" \/>\n<meta name=\"twitter:card\" content=\"summary_large_image\" \/>\n<meta name=\"twitter:label1\" content=\"Est. reading time\" \/>\n\t<meta name=\"twitter:data1\" content=\"2 minutes\" \/>\n<script type=\"application\/ld+json\" class=\"yoast-schema-graph\">{\"@context\":\"https:\\\/\\\/schema.org\",\"@graph\":[{\"@type\":\"WebPage\",\"@id\":\"https:\\\/\\\/blog.fedegn.org\\\/wordpress\\\/le-medieval-historique\\\/\",\"url\":\"https:\\\/\\\/blog.fedegn.org\\\/wordpress\\\/le-medieval-historique\\\/\",\"name\":\"Le m\u00e9di\u00e9val historique - F\u00e9d\u00e9GN\",\"isPartOf\":{\"@id\":\"https:\\\/\\\/blog.fedegn.org\\\/wordpress\\\/#website\"},\"primaryImageOfPage\":{\"@id\":\"https:\\\/\\\/blog.fedegn.org\\\/wordpress\\\/le-medieval-historique\\\/#primaryimage\"},\"image\":{\"@id\":\"https:\\\/\\\/blog.fedegn.org\\\/wordpress\\\/le-medieval-historique\\\/#primaryimage\"},\"thumbnailUrl\":\"https:\\\/\\\/blog.fedegn.org\\\/wordpress\\\/wp-content\\\/uploads\\\/2025\\\/10\\\/DSCN0018141-1024x768.jpg\",\"datePublished\":\"2025-12-29T15:23:53+00:00\",\"dateModified\":\"2025-12-30T14:09:43+00:00\",\"breadcrumb\":{\"@id\":\"https:\\\/\\\/blog.fedegn.org\\\/wordpress\\\/le-medieval-historique\\\/#breadcrumb\"},\"inLanguage\":\"en-US\",\"potentialAction\":[{\"@type\":\"ReadAction\",\"target\":[\"https:\\\/\\\/blog.fedegn.org\\\/wordpress\\\/le-medieval-historique\\\/\"]}]},{\"@type\":\"ImageObject\",\"inLanguage\":\"en-US\",\"@id\":\"https:\\\/\\\/blog.fedegn.org\\\/wordpress\\\/le-medieval-historique\\\/#primaryimage\",\"url\":\"https:\\\/\\\/blog.fedegn.org\\\/wordpress\\\/wp-content\\\/uploads\\\/2025\\\/10\\\/DSCN0018141.jpg\",\"contentUrl\":\"https:\\\/\\\/blog.fedegn.org\\\/wordpress\\\/wp-content\\\/uploads\\\/2025\\\/10\\\/DSCN0018141.jpg\",\"width\":1600,\"height\":1200},{\"@type\":\"BreadcrumbList\",\"@id\":\"https:\\\/\\\/blog.fedegn.org\\\/wordpress\\\/le-medieval-historique\\\/#breadcrumb\",\"itemListElement\":[{\"@type\":\"ListItem\",\"position\":1,\"name\":\"Accueil\",\"item\":\"https:\\\/\\\/blog.fedegn.org\\\/wordpress\\\/\"},{\"@type\":\"ListItem\",\"position\":2,\"name\":\"Le m\u00e9di\u00e9val historique\"}]},{\"@type\":\"WebSite\",\"@id\":\"https:\\\/\\\/blog.fedegn.org\\\/wordpress\\\/#website\",\"url\":\"https:\\\/\\\/blog.fedegn.org\\\/wordpress\\\/\",\"name\":\"F\u00e9d\u00e9GN\",\"description\":\"\",\"publisher\":{\"@id\":\"https:\\\/\\\/blog.fedegn.org\\\/wordpress\\\/#organization\"},\"potentialAction\":[{\"@type\":\"SearchAction\",\"target\":{\"@type\":\"EntryPoint\",\"urlTemplate\":\"https:\\\/\\\/blog.fedegn.org\\\/wordpress\\\/?s={search_term_string}\"},\"query-input\":{\"@type\":\"PropertyValueSpecification\",\"valueRequired\":true,\"valueName\":\"search_term_string\"}}],\"inLanguage\":\"en-US\"},{\"@type\":\"Organization\",\"@id\":\"https:\\\/\\\/blog.fedegn.org\\\/wordpress\\\/#organization\",\"name\":\"F\u00e9d\u00e9GN\",\"url\":\"https:\\\/\\\/blog.fedegn.org\\\/wordpress\\\/\",\"logo\":{\"@type\":\"ImageObject\",\"inLanguage\":\"en-US\",\"@id\":\"https:\\\/\\\/blog.fedegn.org\\\/wordpress\\\/#\\\/schema\\\/logo\\\/image\\\/\",\"url\":\"https:\\\/\\\/blog.fedegn.org\\\/wordpress\\\/wp-content\\\/uploads\\\/2025\\\/10\\\/Logo_FedeGN-scaled.png\",\"contentUrl\":\"https:\\\/\\\/blog.fedegn.org\\\/wordpress\\\/wp-content\\\/uploads\\\/2025\\\/10\\\/Logo_FedeGN-scaled.png\",\"width\":2560,\"height\":1248,\"caption\":\"F\u00e9d\u00e9GN\"},\"image\":{\"@id\":\"https:\\\/\\\/blog.fedegn.org\\\/wordpress\\\/#\\\/schema\\\/logo\\\/image\\\/\"}}]}<\/script>\n<!-- \/ Yoast SEO plugin. -->","yoast_head_json":{"title":"Le m\u00e9di\u00e9val historique - F\u00e9d\u00e9GN","robots":{"index":"index","follow":"follow","max-snippet":"max-snippet:-1","max-image-preview":"max-image-preview:large","max-video-preview":"max-video-preview:-1"},"canonical":"https:\/\/blog.fedegn.org\/wordpress\/le-medieval-historique\/","og_locale":"en_US","og_type":"article","og_title":"Le m\u00e9di\u00e9val historique - F\u00e9d\u00e9GN","og_description":"le M\u00e9di\u00e9val Historique Extension des jeux m\u00e9di\u00e9vaux fantastique, les jeux bas\u00e9s sur des r\u00e9alit\u00e9s historiques se sont d\u00e9velopp\u00e9s depuis quelques ann\u00e9es. Ainsi pr\u00e8s de 20% des associations pr\u00e9cisent organiser des jeux dits historiques (source :\u00a0Enqu\u00eate associations 2012). Si ces jeux n&#8217;excluent pas une part de fantastique, ou d&#8217;onirique (notre histoire n&#8217;est-elle pas emplie de l\u00e9gendes), [&hellip;]","og_url":"https:\/\/blog.fedegn.org\/wordpress\/le-medieval-historique\/","og_site_name":"F\u00e9d\u00e9GN","article_modified_time":"2025-12-30T14:09:43+00:00","og_image":[{"width":1600,"height":1200,"url":"https:\/\/blog.fedegn.org\/wordpress\/wp-content\/uploads\/2025\/10\/DSCN0018141.jpg","type":"image\/jpeg"}],"twitter_card":"summary_large_image","twitter_misc":{"Est. reading time":"2 minutes"},"schema":{"@context":"https:\/\/schema.org","@graph":[{"@type":"WebPage","@id":"https:\/\/blog.fedegn.org\/wordpress\/le-medieval-historique\/","url":"https:\/\/blog.fedegn.org\/wordpress\/le-medieval-historique\/","name":"Le m\u00e9di\u00e9val historique - F\u00e9d\u00e9GN","isPartOf":{"@id":"https:\/\/blog.fedegn.org\/wordpress\/#website"},"primaryImageOfPage":{"@id":"https:\/\/blog.fedegn.org\/wordpress\/le-medieval-historique\/#primaryimage"},"image":{"@id":"https:\/\/blog.fedegn.org\/wordpress\/le-medieval-historique\/#primaryimage"},"thumbnailUrl":"https:\/\/blog.fedegn.org\/wordpress\/wp-content\/uploads\/2025\/10\/DSCN0018141-1024x768.jpg","datePublished":"2025-12-29T15:23:53+00:00","dateModified":"2025-12-30T14:09:43+00:00","breadcrumb":{"@id":"https:\/\/blog.fedegn.org\/wordpress\/le-medieval-historique\/#breadcrumb"},"inLanguage":"en-US","potentialAction":[{"@type":"ReadAction","target":["https:\/\/blog.fedegn.org\/wordpress\/le-medieval-historique\/"]}]},{"@type":"ImageObject","inLanguage":"en-US","@id":"https:\/\/blog.fedegn.org\/wordpress\/le-medieval-historique\/#primaryimage","url":"https:\/\/blog.fedegn.org\/wordpress\/wp-content\/uploads\/2025\/10\/DSCN0018141.jpg","contentUrl":"https:\/\/blog.fedegn.org\/wordpress\/wp-content\/uploads\/2025\/10\/DSCN0018141.jpg","width":1600,"height":1200},{"@type":"BreadcrumbList","@id":"https:\/\/blog.fedegn.org\/wordpress\/le-medieval-historique\/#breadcrumb","itemListElement":[{"@type":"ListItem","position":1,"name":"Accueil","item":"https:\/\/blog.fedegn.org\/wordpress\/"},{"@type":"ListItem","position":2,"name":"Le m\u00e9di\u00e9val historique"}]},{"@type":"WebSite","@id":"https:\/\/blog.fedegn.org\/wordpress\/#website","url":"https:\/\/blog.fedegn.org\/wordpress\/","name":"F\u00e9d\u00e9GN","description":"","publisher":{"@id":"https:\/\/blog.fedegn.org\/wordpress\/#organization"},"potentialAction":[{"@type":"SearchAction","target":{"@type":"EntryPoint","urlTemplate":"https:\/\/blog.fedegn.org\/wordpress\/?s={search_term_string}"},"query-input":{"@type":"PropertyValueSpecification","valueRequired":true,"valueName":"search_term_string"}}],"inLanguage":"en-US"},{"@type":"Organization","@id":"https:\/\/blog.fedegn.org\/wordpress\/#organization","name":"F\u00e9d\u00e9GN","url":"https:\/\/blog.fedegn.org\/wordpress\/","logo":{"@type":"ImageObject","inLanguage":"en-US","@id":"https:\/\/blog.fedegn.org\/wordpress\/#\/schema\/logo\/image\/","url":"https:\/\/blog.fedegn.org\/wordpress\/wp-content\/uploads\/2025\/10\/Logo_FedeGN-scaled.png","contentUrl":"https:\/\/blog.fedegn.org\/wordpress\/wp-content\/uploads\/2025\/10\/Logo_FedeGN-scaled.png","width":2560,"height":1248,"caption":"F\u00e9d\u00e9GN"},"image":{"@id":"https:\/\/blog.fedegn.org\/wordpress\/#\/schema\/logo\/image\/"}}]}},"_links":{"self":[{"href":"https:\/\/blog.fedegn.org\/wordpress\/wp-json\/wp\/v2\/pages\/588","targetHints":{"allow":["GET"]}}],"collection":[{"href":"https:\/\/blog.fedegn.org\/wordpress\/wp-json\/wp\/v2\/pages"}],"about":[{"href":"https:\/\/blog.fedegn.org\/wordpress\/wp-json\/wp\/v2\/types\/page"}],"author":[{"embeddable":true,"href":"https:\/\/blog.fedegn.org\/wordpress\/wp-json\/wp\/v2\/users\/1"}],"replies":[{"embeddable":true,"href":"https:\/\/blog.fedegn.org\/wordpress\/wp-json\/wp\/v2\/comments?post=588"}],"version-history":[{"count":11,"href":"https:\/\/blog.fedegn.org\/wordpress\/wp-json\/wp\/v2\/pages\/588\/revisions"}],"predecessor-version":[{"id":667,"href":"https:\/\/blog.fedegn.org\/wordpress\/wp-json\/wp\/v2\/pages\/588\/revisions\/667"}],"wp:attachment":[{"href":"https:\/\/blog.fedegn.org\/wordpress\/wp-json\/wp\/v2\/media?parent=588"}],"curies":[{"name":"wp","href":"https:\/\/api.w.org\/{rel}","templated":true}]}}