{"id":57,"date":"2025-10-22T11:46:37","date_gmt":"2025-10-22T09:46:37","guid":{"rendered":"http:\/\/fdgn.local\/?page_id=57"},"modified":"2025-10-29T15:44:11","modified_gmt":"2025-10-29T14:44:11","slug":"les-outils-du-gn","status":"publish","type":"page","link":"https:\/\/blog.fedegn.org\/wordpress\/les-outils-du-gn\/","title":{"rendered":"Les outils du GN"},"content":{"rendered":"\t\t<div data-elementor-type=\"wp-page\" data-elementor-id=\"57\" class=\"elementor elementor-57\">\n\t\t\t\t<div class=\"elementor-element elementor-element-6f70c1f6 e-flex e-con-boxed e-con e-parent\" data-id=\"6f70c1f6\" data-element_type=\"container\" data-e-type=\"container\">\n\t\t\t\t\t<div class=\"e-con-inner\">\n\t\t<div class=\"elementor-element elementor-element-1e7b735b e-con-full e-flex e-con e-child\" data-id=\"1e7b735b\" data-element_type=\"container\" data-e-type=\"container\">\n\t\t\t\t<div class=\"elementor-element elementor-element-3e9cee93 elementor-widget elementor-widget-heading\" data-id=\"3e9cee93\" data-element_type=\"widget\" data-e-type=\"widget\" data-widget_type=\"heading.default\">\n\t\t\t\t\t<h2 class=\"elementor-heading-title elementor-size-default\">Les r\u00e9pliques d'armes en GN<\/h2>\t\t\t\t<\/div>\n\t\t\t\t<div class=\"elementor-element elementor-element-4d0d032f elementor-widget elementor-widget-text-editor\" data-id=\"4d0d032f\" data-element_type=\"widget\" data-e-type=\"widget\" data-widget_type=\"text-editor.default\">\n\t\t\t\t\t\t\t\t\t<p>Le GN est une activit\u00e9 de simulation qui est amen\u00e9e \u00e0 mettre en sc\u00e8ne des interactions entre les diff\u00e9rents participants. Les r\u00e8gles de jeu mises en place par les organisateurs permettent de g\u00e9rer les \u00e9changes entre joueurs, que ce soit de la diplomatie, des discussions commerciales ou des combats. En ce qui concerne les affrontements, plusieurs types d\u2019outils sont utilis\u00e9s, en tenant compte \u00e0 la foi de l\u2019\u00e9poque et du style de jeu propos\u00e9. Plus qu\u2019un accessoire de costume, les r\u00e9pliques d\u2019armes utilis\u00e9es en GN repr\u00e9sentent un outil actif de la simulation, que ce soit dans le cadre d\u2019une bataille m\u00e9di\u00e9vale, d\u2019un duel entre spadassins ou d\u2019une fusillade au sein d\u2019une station spatiale\u2026<\/p><p>Plusieurs types d\u2019\u00e9quipement sont ainsi utilis\u00e9s, que ce soit de fa\u00e7on transversale dans toutes les \u00e9poques (r\u00e9pliques d\u2019armes en mousse) ou pour une \u00e9poque donn\u00e9e (r\u00e9plique d\u2019arme \u00ab\u00a0laser\u00a0\u00bb). Ces outils repr\u00e9sentent l\u2019interface d\u2019affrontements physiques. M\u00eame si nous restons dans un esprit ludique de simulation, ils n\u00e9cessitent la mise en place de r\u00e8gles de s\u00e9curit\u00e9 sp\u00e9cifiques adapt\u00e9es \u00e0 l\u2019\u00e9quipement (la protection n\u2019est pas la m\u00eame entre un \u00ab\u00a0nerf\u00a0\u00bb et un lanceur de paint-ball\u2026) et r\u00e9pondent \u00e0 des l\u00e9gislations qu\u2019il est imp\u00e9ratif de conna\u00eetre si l\u2019on veut les utiliser sans avoir de mauvaises surprises.<\/p>\t\t\t\t\t\t\t\t<\/div>\n\t\t\t\t<\/div>\n\t\t\t\t\t<\/div>\n\t\t\t\t<\/div>\n\t\t<div class=\"elementor-element elementor-element-d0505af e-con-full e-flex e-con e-parent\" data-id=\"d0505af\" data-element_type=\"container\" data-e-type=\"container\">\n\t\t<div class=\"elementor-element elementor-element-3a64b56 e-con-full e-flex e-con e-child\" data-id=\"3a64b56\" data-element_type=\"container\" data-e-type=\"container\">\n\t\t\t\t<div class=\"elementor-element elementor-element-29b31b3 elementor-widget elementor-widget-image\" data-id=\"29b31b3\" data-element_type=\"widget\" data-e-type=\"widget\" data-widget_type=\"image.default\">\n\t\t\t\t\t\t\t\t\t\t\t\t\t\t\t<img fetchpriority=\"high\" decoding=\"async\" width=\"635\" height=\"960\" src=\"https:\/\/blog.fedegn.org\/wordpress\/wp-content\/uploads\/2025\/10\/408347_506965685999915_1401062337_n.jpg\" class=\"attachment-large size-large wp-image-471\" alt=\"\" srcset=\"https:\/\/blog.fedegn.org\/wordpress\/wp-content\/uploads\/2025\/10\/408347_506965685999915_1401062337_n.jpg 635w, https:\/\/blog.fedegn.org\/wordpress\/wp-content\/uploads\/2025\/10\/408347_506965685999915_1401062337_n-198x300.jpg 198w\" sizes=\"(max-width: 635px) 100vw, 635px\" \/>\t\t\t\t\t\t\t\t\t\t\t\t\t\t\t<\/div>\n\t\t\t\t<\/div>\n\t\t<div class=\"elementor-element elementor-element-956290f e-con-full e-flex e-con e-child\" data-id=\"956290f\" data-element_type=\"container\" data-e-type=\"container\">\n\t\t\t\t<div class=\"elementor-element elementor-element-78c3571 elementor-widget elementor-widget-image\" data-id=\"78c3571\" data-element_type=\"widget\" data-e-type=\"widget\" data-widget_type=\"image.default\">\n\t\t\t\t\t\t\t\t\t\t\t\t\t\t\t<img decoding=\"async\" width=\"1024\" height=\"768\" src=\"https:\/\/blog.fedegn.org\/wordpress\/wp-content\/uploads\/2025\/10\/DSCN0018141-1024x768.jpg\" class=\"attachment-large size-large wp-image-472\" alt=\"\" srcset=\"https:\/\/blog.fedegn.org\/wordpress\/wp-content\/uploads\/2025\/10\/DSCN0018141-1024x768.jpg 1024w, https:\/\/blog.fedegn.org\/wordpress\/wp-content\/uploads\/2025\/10\/DSCN0018141-300x225.jpg 300w, https:\/\/blog.fedegn.org\/wordpress\/wp-content\/uploads\/2025\/10\/DSCN0018141-768x576.jpg 768w, https:\/\/blog.fedegn.org\/wordpress\/wp-content\/uploads\/2025\/10\/DSCN0018141-1536x1152.jpg 1536w, https:\/\/blog.fedegn.org\/wordpress\/wp-content\/uploads\/2025\/10\/DSCN0018141.jpg 1600w\" sizes=\"(max-width: 1024px) 100vw, 1024px\" \/>\t\t\t\t\t\t\t\t\t\t\t\t\t\t\t<\/div>\n\t\t\t\t<\/div>\n\t\t\t\t<\/div>\n\t\t<div class=\"elementor-element elementor-element-74e08c69 e-flex e-con-boxed e-con e-parent\" data-id=\"74e08c69\" data-element_type=\"container\" data-e-type=\"container\">\n\t\t\t\t\t<div class=\"e-con-inner\">\n\t\t\t\t<div class=\"elementor-element elementor-element-692e991a elementor-widget elementor-widget-heading\" data-id=\"692e991a\" data-element_type=\"widget\" data-e-type=\"widget\" data-widget_type=\"heading.default\">\n\t\t\t\t\t<h2 class=\"elementor-heading-title elementor-size-default\">Les costumes<\/h2>\t\t\t\t<\/div>\n\t\t\t\t<div class=\"elementor-element elementor-element-3adb08b elementor-widget elementor-widget-text-editor\" data-id=\"3adb08b\" data-element_type=\"widget\" data-e-type=\"widget\" data-widget_type=\"text-editor.default\">\n\t\t\t\t\t\t\t\t\t<p>En GN, les joueur doivent incarner des personnages. Selon les \u00e9poques, un simple jean ou un t-shirt seraient de purs anachronismes. Ici, il est n\u00e9cessaire d&#8217;utiliser des costumes en\u00a0ad\u00e9quation avec l&#8217;\u00e9poque, mais aussi, et surtout, avec le personnage repr\u00e9sent\u00e9.<\/p>\t\t\t\t\t\t\t\t<\/div>\n\t\t\t\t\t<\/div>\n\t\t\t\t<\/div>\n\t\t\t\t<\/div>\n\t\t","protected":false},"excerpt":{"rendered":"<p>Les r\u00e9pliques d&#8217;armes en GN Le GN est une activit\u00e9 de simulation qui est amen\u00e9e \u00e0 mettre en sc\u00e8ne des interactions entre les diff\u00e9rents participants. Les r\u00e8gles de jeu mises en place par les organisateurs permettent de g\u00e9rer les \u00e9changes entre joueurs, que ce soit de la diplomatie, des discussions commerciales ou des combats. En [&hellip;]<\/p>\n","protected":false},"author":1,"featured_media":0,"parent":0,"menu_order":0,"comment_status":"closed","ping_status":"closed","template":"","meta":{"ocean_post_layout":"","ocean_both_sidebars_style":"","ocean_both_sidebars_content_width":0,"ocean_both_sidebars_sidebars_width":0,"ocean_sidebar":"","ocean_second_sidebar":"","ocean_disable_margins":"enable","ocean_add_body_class":"","ocean_shortcode_before_top_bar":"","ocean_shortcode_after_top_bar":"","ocean_shortcode_before_header":"","ocean_shortcode_after_header":"","ocean_has_shortcode":"","ocean_shortcode_after_title":"","ocean_shortcode_before_footer_widgets":"","ocean_shortcode_after_footer_widgets":"","ocean_shortcode_before_footer_bottom":"","ocean_shortcode_after_footer_bottom":"","ocean_display_top_bar":"default","ocean_display_header":"default","ocean_header_style":"","ocean_center_header_left_menu":"","ocean_custom_header_template":"","ocean_custom_logo":0,"ocean_custom_retina_logo":0,"ocean_custom_logo_max_width":0,"ocean_custom_logo_tablet_max_width":0,"ocean_custom_logo_mobile_max_width":0,"ocean_custom_logo_max_height":0,"ocean_custom_logo_tablet_max_height":0,"ocean_custom_logo_mobile_max_height":0,"ocean_header_custom_menu":"","ocean_menu_typo_font_family":"","ocean_menu_typo_font_subset":"","ocean_menu_typo_font_size":0,"ocean_menu_typo_font_size_tablet":0,"ocean_menu_typo_font_size_mobile":0,"ocean_menu_typo_font_size_unit":"px","ocean_menu_typo_font_weight":"","ocean_menu_typo_font_weight_tablet":"","ocean_menu_typo_font_weight_mobile":"","ocean_menu_typo_transform":"","ocean_menu_typo_transform_tablet":"","ocean_menu_typo_transform_mobile":"","ocean_menu_typo_line_height":0,"ocean_menu_typo_line_height_tablet":0,"ocean_menu_typo_line_height_mobile":0,"ocean_menu_typo_line_height_unit":"","ocean_menu_typo_spacing":0,"ocean_menu_typo_spacing_tablet":0,"ocean_menu_typo_spacing_mobile":0,"ocean_menu_typo_spacing_unit":"","ocean_menu_link_color":"","ocean_menu_link_color_hover":"","ocean_menu_link_color_active":"","ocean_menu_link_background":"","ocean_menu_link_hover_background":"","ocean_menu_link_active_background":"","ocean_menu_social_links_bg":"","ocean_menu_social_hover_links_bg":"","ocean_menu_social_links_color":"","ocean_menu_social_hover_links_color":"","ocean_disable_title":"on","ocean_disable_heading":"default","ocean_post_title":"","ocean_post_subheading":"","ocean_post_title_style":"","ocean_post_title_background_color":"","ocean_post_title_background":0,"ocean_post_title_bg_image_position":"","ocean_post_title_bg_image_attachment":"","ocean_post_title_bg_image_repeat":"","ocean_post_title_bg_image_size":"","ocean_post_title_height":0,"ocean_post_title_bg_overlay":0.5,"ocean_post_title_bg_overlay_color":"","ocean_disable_breadcrumbs":"default","ocean_breadcrumbs_color":"","ocean_breadcrumbs_separator_color":"","ocean_breadcrumbs_links_color":"","ocean_breadcrumbs_links_hover_color":"","ocean_display_footer_widgets":"default","ocean_display_footer_bottom":"default","ocean_custom_footer_template":"","footnotes":""},"class_list":["post-57","page","type-page","status-publish","hentry","entry"],"yoast_head":"<!-- This site is optimized with the Yoast SEO plugin v27.5 - https:\/\/yoast.com\/product\/yoast-seo-wordpress\/ -->\n<title>Les outils du GN - F\u00e9d\u00e9GN<\/title>\n<meta name=\"robots\" content=\"index, follow, max-snippet:-1, max-image-preview:large, max-video-preview:-1\" \/>\n<link rel=\"canonical\" href=\"https:\/\/blog.fedegn.org\/wordpress\/les-outils-du-gn\/\" \/>\n<meta property=\"og:locale\" content=\"en_US\" \/>\n<meta property=\"og:type\" content=\"article\" \/>\n<meta property=\"og:title\" content=\"Les outils du GN - F\u00e9d\u00e9GN\" \/>\n<meta property=\"og:description\" content=\"Les r\u00e9pliques d&#8217;armes en GN Le GN est une activit\u00e9 de simulation qui est amen\u00e9e \u00e0 mettre en sc\u00e8ne des interactions entre les diff\u00e9rents participants. Les r\u00e8gles de jeu mises en place par les organisateurs permettent de g\u00e9rer les \u00e9changes entre joueurs, que ce soit de la diplomatie, des discussions commerciales ou des combats. En [&hellip;]\" \/>\n<meta property=\"og:url\" content=\"https:\/\/blog.fedegn.org\/wordpress\/les-outils-du-gn\/\" \/>\n<meta property=\"og:site_name\" content=\"F\u00e9d\u00e9GN\" \/>\n<meta property=\"article:modified_time\" content=\"2025-10-29T14:44:11+00:00\" \/>\n<meta property=\"og:image\" content=\"https:\/\/blog.fedegn.org\/wordpress\/wp-content\/uploads\/2025\/10\/408347_506965685999915_1401062337_n.jpg\" \/>\n\t<meta property=\"og:image:width\" content=\"635\" \/>\n\t<meta property=\"og:image:height\" content=\"960\" \/>\n\t<meta property=\"og:image:type\" content=\"image\/jpeg\" \/>\n<meta name=\"twitter:card\" content=\"summary_large_image\" \/>\n<meta name=\"twitter:label1\" content=\"Est. reading time\" \/>\n\t<meta name=\"twitter:data1\" content=\"2 minutes\" \/>\n<script type=\"application\/ld+json\" class=\"yoast-schema-graph\">{\"@context\":\"https:\\\/\\\/schema.org\",\"@graph\":[{\"@type\":\"WebPage\",\"@id\":\"https:\\\/\\\/blog.fedegn.org\\\/wordpress\\\/les-outils-du-gn\\\/\",\"url\":\"https:\\\/\\\/blog.fedegn.org\\\/wordpress\\\/les-outils-du-gn\\\/\",\"name\":\"Les outils du GN - F\u00e9d\u00e9GN\",\"isPartOf\":{\"@id\":\"https:\\\/\\\/blog.fedegn.org\\\/wordpress\\\/#website\"},\"primaryImageOfPage\":{\"@id\":\"https:\\\/\\\/blog.fedegn.org\\\/wordpress\\\/les-outils-du-gn\\\/#primaryimage\"},\"image\":{\"@id\":\"https:\\\/\\\/blog.fedegn.org\\\/wordpress\\\/les-outils-du-gn\\\/#primaryimage\"},\"thumbnailUrl\":\"https:\\\/\\\/blog.fedegn.org\\\/wordpress\\\/wp-content\\\/uploads\\\/2025\\\/10\\\/408347_506965685999915_1401062337_n.jpg\",\"datePublished\":\"2025-10-22T09:46:37+00:00\",\"dateModified\":\"2025-10-29T14:44:11+00:00\",\"breadcrumb\":{\"@id\":\"https:\\\/\\\/blog.fedegn.org\\\/wordpress\\\/les-outils-du-gn\\\/#breadcrumb\"},\"inLanguage\":\"en-US\",\"potentialAction\":[{\"@type\":\"ReadAction\",\"target\":[\"https:\\\/\\\/blog.fedegn.org\\\/wordpress\\\/les-outils-du-gn\\\/\"]}]},{\"@type\":\"ImageObject\",\"inLanguage\":\"en-US\",\"@id\":\"https:\\\/\\\/blog.fedegn.org\\\/wordpress\\\/les-outils-du-gn\\\/#primaryimage\",\"url\":\"https:\\\/\\\/blog.fedegn.org\\\/wordpress\\\/wp-content\\\/uploads\\\/2025\\\/10\\\/408347_506965685999915_1401062337_n.jpg\",\"contentUrl\":\"https:\\\/\\\/blog.fedegn.org\\\/wordpress\\\/wp-content\\\/uploads\\\/2025\\\/10\\\/408347_506965685999915_1401062337_n.jpg\",\"width\":635,\"height\":960},{\"@type\":\"BreadcrumbList\",\"@id\":\"https:\\\/\\\/blog.fedegn.org\\\/wordpress\\\/les-outils-du-gn\\\/#breadcrumb\",\"itemListElement\":[{\"@type\":\"ListItem\",\"position\":1,\"name\":\"Accueil\",\"item\":\"https:\\\/\\\/blog.fedegn.org\\\/wordpress\\\/\"},{\"@type\":\"ListItem\",\"position\":2,\"name\":\"Les outils du GN\"}]},{\"@type\":\"WebSite\",\"@id\":\"https:\\\/\\\/blog.fedegn.org\\\/wordpress\\\/#website\",\"url\":\"https:\\\/\\\/blog.fedegn.org\\\/wordpress\\\/\",\"name\":\"F\u00e9d\u00e9GN\",\"description\":\"\",\"publisher\":{\"@id\":\"https:\\\/\\\/blog.fedegn.org\\\/wordpress\\\/#organization\"},\"potentialAction\":[{\"@type\":\"SearchAction\",\"target\":{\"@type\":\"EntryPoint\",\"urlTemplate\":\"https:\\\/\\\/blog.fedegn.org\\\/wordpress\\\/?s={search_term_string}\"},\"query-input\":{\"@type\":\"PropertyValueSpecification\",\"valueRequired\":true,\"valueName\":\"search_term_string\"}}],\"inLanguage\":\"en-US\"},{\"@type\":\"Organization\",\"@id\":\"https:\\\/\\\/blog.fedegn.org\\\/wordpress\\\/#organization\",\"name\":\"F\u00e9d\u00e9GN\",\"url\":\"https:\\\/\\\/blog.fedegn.org\\\/wordpress\\\/\",\"logo\":{\"@type\":\"ImageObject\",\"inLanguage\":\"en-US\",\"@id\":\"https:\\\/\\\/blog.fedegn.org\\\/wordpress\\\/#\\\/schema\\\/logo\\\/image\\\/\",\"url\":\"https:\\\/\\\/blog.fedegn.org\\\/wordpress\\\/wp-content\\\/uploads\\\/2025\\\/10\\\/Logo_FedeGN-scaled.png\",\"contentUrl\":\"https:\\\/\\\/blog.fedegn.org\\\/wordpress\\\/wp-content\\\/uploads\\\/2025\\\/10\\\/Logo_FedeGN-scaled.png\",\"width\":2560,\"height\":1248,\"caption\":\"F\u00e9d\u00e9GN\"},\"image\":{\"@id\":\"https:\\\/\\\/blog.fedegn.org\\\/wordpress\\\/#\\\/schema\\\/logo\\\/image\\\/\"}}]}<\/script>\n<!-- \/ Yoast SEO plugin. -->","yoast_head_json":{"title":"Les outils du GN - F\u00e9d\u00e9GN","robots":{"index":"index","follow":"follow","max-snippet":"max-snippet:-1","max-image-preview":"max-image-preview:large","max-video-preview":"max-video-preview:-1"},"canonical":"https:\/\/blog.fedegn.org\/wordpress\/les-outils-du-gn\/","og_locale":"en_US","og_type":"article","og_title":"Les outils du GN - F\u00e9d\u00e9GN","og_description":"Les r\u00e9pliques d&#8217;armes en GN Le GN est une activit\u00e9 de simulation qui est amen\u00e9e \u00e0 mettre en sc\u00e8ne des interactions entre les diff\u00e9rents participants. Les r\u00e8gles de jeu mises en place par les organisateurs permettent de g\u00e9rer les \u00e9changes entre joueurs, que ce soit de la diplomatie, des discussions commerciales ou des combats. En [&hellip;]","og_url":"https:\/\/blog.fedegn.org\/wordpress\/les-outils-du-gn\/","og_site_name":"F\u00e9d\u00e9GN","article_modified_time":"2025-10-29T14:44:11+00:00","og_image":[{"width":635,"height":960,"url":"https:\/\/blog.fedegn.org\/wordpress\/wp-content\/uploads\/2025\/10\/408347_506965685999915_1401062337_n.jpg","type":"image\/jpeg"}],"twitter_card":"summary_large_image","twitter_misc":{"Est. reading time":"2 minutes"},"schema":{"@context":"https:\/\/schema.org","@graph":[{"@type":"WebPage","@id":"https:\/\/blog.fedegn.org\/wordpress\/les-outils-du-gn\/","url":"https:\/\/blog.fedegn.org\/wordpress\/les-outils-du-gn\/","name":"Les outils du GN - F\u00e9d\u00e9GN","isPartOf":{"@id":"https:\/\/blog.fedegn.org\/wordpress\/#website"},"primaryImageOfPage":{"@id":"https:\/\/blog.fedegn.org\/wordpress\/les-outils-du-gn\/#primaryimage"},"image":{"@id":"https:\/\/blog.fedegn.org\/wordpress\/les-outils-du-gn\/#primaryimage"},"thumbnailUrl":"https:\/\/blog.fedegn.org\/wordpress\/wp-content\/uploads\/2025\/10\/408347_506965685999915_1401062337_n.jpg","datePublished":"2025-10-22T09:46:37+00:00","dateModified":"2025-10-29T14:44:11+00:00","breadcrumb":{"@id":"https:\/\/blog.fedegn.org\/wordpress\/les-outils-du-gn\/#breadcrumb"},"inLanguage":"en-US","potentialAction":[{"@type":"ReadAction","target":["https:\/\/blog.fedegn.org\/wordpress\/les-outils-du-gn\/"]}]},{"@type":"ImageObject","inLanguage":"en-US","@id":"https:\/\/blog.fedegn.org\/wordpress\/les-outils-du-gn\/#primaryimage","url":"https:\/\/blog.fedegn.org\/wordpress\/wp-content\/uploads\/2025\/10\/408347_506965685999915_1401062337_n.jpg","contentUrl":"https:\/\/blog.fedegn.org\/wordpress\/wp-content\/uploads\/2025\/10\/408347_506965685999915_1401062337_n.jpg","width":635,"height":960},{"@type":"BreadcrumbList","@id":"https:\/\/blog.fedegn.org\/wordpress\/les-outils-du-gn\/#breadcrumb","itemListElement":[{"@type":"ListItem","position":1,"name":"Accueil","item":"https:\/\/blog.fedegn.org\/wordpress\/"},{"@type":"ListItem","position":2,"name":"Les outils du GN"}]},{"@type":"WebSite","@id":"https:\/\/blog.fedegn.org\/wordpress\/#website","url":"https:\/\/blog.fedegn.org\/wordpress\/","name":"F\u00e9d\u00e9GN","description":"","publisher":{"@id":"https:\/\/blog.fedegn.org\/wordpress\/#organization"},"potentialAction":[{"@type":"SearchAction","target":{"@type":"EntryPoint","urlTemplate":"https:\/\/blog.fedegn.org\/wordpress\/?s={search_term_string}"},"query-input":{"@type":"PropertyValueSpecification","valueRequired":true,"valueName":"search_term_string"}}],"inLanguage":"en-US"},{"@type":"Organization","@id":"https:\/\/blog.fedegn.org\/wordpress\/#organization","name":"F\u00e9d\u00e9GN","url":"https:\/\/blog.fedegn.org\/wordpress\/","logo":{"@type":"ImageObject","inLanguage":"en-US","@id":"https:\/\/blog.fedegn.org\/wordpress\/#\/schema\/logo\/image\/","url":"https:\/\/blog.fedegn.org\/wordpress\/wp-content\/uploads\/2025\/10\/Logo_FedeGN-scaled.png","contentUrl":"https:\/\/blog.fedegn.org\/wordpress\/wp-content\/uploads\/2025\/10\/Logo_FedeGN-scaled.png","width":2560,"height":1248,"caption":"F\u00e9d\u00e9GN"},"image":{"@id":"https:\/\/blog.fedegn.org\/wordpress\/#\/schema\/logo\/image\/"}}]}},"_links":{"self":[{"href":"https:\/\/blog.fedegn.org\/wordpress\/wp-json\/wp\/v2\/pages\/57","targetHints":{"allow":["GET"]}}],"collection":[{"href":"https:\/\/blog.fedegn.org\/wordpress\/wp-json\/wp\/v2\/pages"}],"about":[{"href":"https:\/\/blog.fedegn.org\/wordpress\/wp-json\/wp\/v2\/types\/page"}],"author":[{"embeddable":true,"href":"https:\/\/blog.fedegn.org\/wordpress\/wp-json\/wp\/v2\/users\/1"}],"replies":[{"embeddable":true,"href":"https:\/\/blog.fedegn.org\/wordpress\/wp-json\/wp\/v2\/comments?post=57"}],"version-history":[{"count":5,"href":"https:\/\/blog.fedegn.org\/wordpress\/wp-json\/wp\/v2\/pages\/57\/revisions"}],"predecessor-version":[{"id":475,"href":"https:\/\/blog.fedegn.org\/wordpress\/wp-json\/wp\/v2\/pages\/57\/revisions\/475"}],"wp:attachment":[{"href":"https:\/\/blog.fedegn.org\/wordpress\/wp-json\/wp\/v2\/media?parent=57"}],"curies":[{"name":"wp","href":"https:\/\/api.w.org\/{rel}","templated":true}]}}