{"id":49,"date":"2025-10-22T11:42:09","date_gmt":"2025-10-22T09:42:09","guid":{"rendered":"http:\/\/fdgn.local\/?page_id=49"},"modified":"2025-10-27T11:56:22","modified_gmt":"2025-10-27T10:56:22","slug":"quest-ce-que-le-gn","status":"publish","type":"page","link":"https:\/\/blog.fedegn.org\/wordpress\/quest-ce-que-le-gn\/","title":{"rendered":"Qu&#8217;est-ce que le GN ?"},"content":{"rendered":"\t\t<div data-elementor-type=\"wp-page\" data-elementor-id=\"49\" class=\"elementor elementor-49\">\n\t\t\t\t<div class=\"elementor-element elementor-element-2b3ce6fb e-flex e-con-boxed e-con e-parent\" data-id=\"2b3ce6fb\" data-element_type=\"container\" data-e-type=\"container\">\n\t\t\t\t\t<div class=\"e-con-inner\">\n\t\t<div class=\"elementor-element elementor-element-3a521fc3 e-con-full e-flex e-con e-child\" data-id=\"3a521fc3\" data-element_type=\"container\" data-e-type=\"container\">\n\t\t\t\t<div class=\"elementor-element elementor-element-398f61e1 elementor-widget elementor-widget-heading\" data-id=\"398f61e1\" data-element_type=\"widget\" data-e-type=\"widget\" data-widget_type=\"heading.default\">\n\t\t\t\t\t<h2 class=\"elementor-heading-title elementor-size-default\">Qu'est-ce que le jeu de r\u00f4le Grandeur Nature ?<\/h2>\t\t\t\t<\/div>\n\t\t\t\t<div class=\"elementor-element elementor-element-2caaf74d elementor-widget elementor-widget-text-editor\" data-id=\"2caaf74d\" data-element_type=\"widget\" data-e-type=\"widget\" data-widget_type=\"text-editor.default\">\n\t\t\t\t\t\t\t\t\t<p>Le <strong>Jeu de R\u00f4le Grandeur Nature<\/strong> (GN) est une forme de jeu de r\u00f4le immersif o\u00f9 les participants <strong>incarnent physiquement<\/strong> des personnages dans un univers fictif, souvent inspir\u00e9 de la fantasy, de la science-fiction, du polar ou de l\u2019horreur. Contrairement au jeu de r\u00f4le sur table (JDR), le GN se d\u00e9roule <strong>en ext\u00e9rieur ou dans des lieux am\u00e9nag\u00e9s<\/strong>, avec des d\u00e9cors, des costumes et des accessoires pour renforcer l\u2019immersion.<\/p>\t\t\t\t\t\t\t\t<\/div>\n\t\t\t\t<div class=\"elementor-element elementor-element-6d2cbc7c elementor-widget elementor-widget-image\" data-id=\"6d2cbc7c\" data-element_type=\"widget\" data-e-type=\"widget\" data-widget_type=\"image.default\">\n\t\t\t\t\t\t\t\t\t\t\t\t\t\t\t<img fetchpriority=\"high\" decoding=\"async\" width=\"1680\" height=\"556\" src=\"https:\/\/blog.fedegn.org\/wordpress\/wp-content\/uploads\/2025\/10\/image06.jpg\" class=\"attachment-full size-full wp-image-230\" alt=\"\" srcset=\"https:\/\/blog.fedegn.org\/wordpress\/wp-content\/uploads\/2025\/10\/image06.jpg 1680w, https:\/\/blog.fedegn.org\/wordpress\/wp-content\/uploads\/2025\/10\/image06-300x99.jpg 300w, https:\/\/blog.fedegn.org\/wordpress\/wp-content\/uploads\/2025\/10\/image06-1024x339.jpg 1024w, https:\/\/blog.fedegn.org\/wordpress\/wp-content\/uploads\/2025\/10\/image06-768x254.jpg 768w, https:\/\/blog.fedegn.org\/wordpress\/wp-content\/uploads\/2025\/10\/image06-1536x508.jpg 1536w\" sizes=\"(max-width: 1680px) 100vw, 1680px\" \/>\t\t\t\t\t\t\t\t\t\t\t\t\t\t\t<\/div>\n\t\t\t\t<\/div>\n\t\t\t\t\t<\/div>\n\t\t\t\t<\/div>\n\t\t<div class=\"elementor-element elementor-element-6e40dd23 e-flex e-con-boxed e-con e-parent\" data-id=\"6e40dd23\" data-element_type=\"container\" data-e-type=\"container\">\n\t\t\t\t\t<div class=\"e-con-inner\">\n\t\t\t\t<div class=\"elementor-element elementor-element-5e26d5a7 elementor-widget elementor-widget-heading\" data-id=\"5e26d5a7\" data-element_type=\"widget\" data-e-type=\"widget\" data-widget_type=\"heading.default\">\n\t\t\t\t\t<h2 class=\"elementor-heading-title elementor-size-default\">Les r\u00e8gles fondamentale du GN<\/h2>\t\t\t\t<\/div>\n\t\t\t\t<div class=\"elementor-element elementor-element-4553ac21 elementor-widget elementor-widget-text-editor\" data-id=\"4553ac21\" data-element_type=\"widget\" data-e-type=\"widget\" data-widget_type=\"text-editor.default\">\n\t\t\t\t\t\t\t\t\t<h4><strong>1. Incarnation du Personnage<\/strong><\/h4><ul><li><strong>Immersion totale<\/strong> : Les joueurs doivent parler, agir et r\u00e9agir <strong>comme leur personnage<\/strong> pendant toute la dur\u00e9e du jeu.<\/li><li><strong>Fiche de personnage<\/strong> : Chaque joueur re\u00e7oit une fiche d\u00e9crivant son identit\u00e9, ses comp\u00e9tences, ses objectifs et son histoire.<\/li><\/ul><h4><strong>2. S\u00e9curit\u00e9 et Consentement<\/strong><\/h4><ul><li><strong>S\u00e9curit\u00e9 physique<\/strong> : Les combats sont <strong>simul\u00e9s<\/strong> (pas de contact violent r\u00e9el). Les armes utilis\u00e9es sont en mousse ou en latex.<\/li><li><strong>Consentement<\/strong> : Toute interaction physique ou psychologique doit respecter le <strong>consentement<\/strong> des participants.<\/li><\/ul><h4><strong>3. R\u00e8gles de Jeu<\/strong><\/h4><ul><li><strong>Comp\u00e9tences<\/strong> : Les actions (combats, magie, artisanat) sont r\u00e9gies par des r\u00e8gles pr\u00e9cises, souvent bas\u00e9es sur des <strong>tests de comp\u00e9tences<\/strong> (lancer de d\u00e9s, jetons, etc.).<\/li><li><strong>Magie\/Objets sp\u00e9ciaux<\/strong> : Les sorts ou objets magiques sont limit\u00e9s et d\u00e9crits dans le sc\u00e9nario. Leur utilisation doit \u00eatre <strong>visible et compr\u00e9hensible<\/strong> pour tous.<\/li><\/ul><h4><strong>4. Respect du Sc\u00e9nario<\/strong><\/h4><ul><li><strong>Objectifs<\/strong> : Les joueurs suivent une intrigue pr\u00e9par\u00e9e par les organisateurs, avec des <strong>qu\u00eates principales et secondaires<\/strong>.<\/li><li><strong>PNJ (Personnages Non-Joueurs)<\/strong> : Les organisateurs incarnent des r\u00f4les cl\u00e9s pour faire avancer l\u2019histoire.<\/li><\/ul><h4><strong>5. Fair-Play et Ambiance<\/strong><\/h4><ul><li><strong>Pas de tricherie<\/strong> : Respect des r\u00e8gles, des autres joueurs et de l\u2019univers du jeu.<\/li><li><strong>Immersion collective<\/strong> : \u00c9viter les anachronismes (t\u00e9l\u00e9phone, langage moderne) pour pr\u00e9server l\u2019ambiance.<\/li><\/ul>\t\t\t\t\t\t\t\t<\/div>\n\t\t\t\t<div class=\"elementor-element elementor-element-7616dd14 elementor-align-center elementor-widget elementor-widget-button\" data-id=\"7616dd14\" data-element_type=\"widget\" data-e-type=\"widget\" data-widget_type=\"button.default\">\n\t\t\t\t\t\t\t\t\t\t<a class=\"elementor-button elementor-button-link elementor-size-sm elementor-animation-grow\" href=\"https:\/\/fr.wikipedia.org\/wiki\/Jeu_de_r%C3%B4le_grandeur_nature\">\n\t\t\t\t\t\t<span class=\"elementor-button-content-wrapper\">\n\t\t\t\t\t\t\t\t\t<span class=\"elementor-button-text\">En savoir  plus sur le GN<\/span>\n\t\t\t\t\t<\/span>\n\t\t\t\t\t<\/a>\n\t\t\t\t\t\t\t\t<\/div>\n\t\t\t\t\t<\/div>\n\t\t\t\t<\/div>\n\t\t\t\t<\/div>\n\t\t","protected":false},"excerpt":{"rendered":"<p>Qu&#8217;est-ce que le jeu de r\u00f4le Grandeur Nature ? Le Jeu de R\u00f4le Grandeur Nature (GN) est une forme de jeu de r\u00f4le immersif o\u00f9 les participants incarnent physiquement des personnages dans un univers fictif, souvent inspir\u00e9 de la fantasy, de la science-fiction, du polar ou de l\u2019horreur. Contrairement au jeu de r\u00f4le sur table [&hellip;]<\/p>\n","protected":false},"author":1,"featured_media":0,"parent":0,"menu_order":0,"comment_status":"closed","ping_status":"closed","template":"","meta":{"ocean_post_layout":"","ocean_both_sidebars_style":"","ocean_both_sidebars_content_width":0,"ocean_both_sidebars_sidebars_width":0,"ocean_sidebar":"","ocean_second_sidebar":"","ocean_disable_margins":"enable","ocean_add_body_class":"","ocean_shortcode_before_top_bar":"","ocean_shortcode_after_top_bar":"","ocean_shortcode_before_header":"","ocean_shortcode_after_header":"","ocean_has_shortcode":"","ocean_shortcode_after_title":"","ocean_shortcode_before_footer_widgets":"","ocean_shortcode_after_footer_widgets":"","ocean_shortcode_before_footer_bottom":"","ocean_shortcode_after_footer_bottom":"","ocean_display_top_bar":"default","ocean_display_header":"default","ocean_header_style":"","ocean_center_header_left_menu":"","ocean_custom_header_template":"","ocean_custom_logo":0,"ocean_custom_retina_logo":0,"ocean_custom_logo_max_width":0,"ocean_custom_logo_tablet_max_width":0,"ocean_custom_logo_mobile_max_width":0,"ocean_custom_logo_max_height":0,"ocean_custom_logo_tablet_max_height":0,"ocean_custom_logo_mobile_max_height":0,"ocean_header_custom_menu":"","ocean_menu_typo_font_family":"","ocean_menu_typo_font_subset":"","ocean_menu_typo_font_size":0,"ocean_menu_typo_font_size_tablet":0,"ocean_menu_typo_font_size_mobile":0,"ocean_menu_typo_font_size_unit":"px","ocean_menu_typo_font_weight":"","ocean_menu_typo_font_weight_tablet":"","ocean_menu_typo_font_weight_mobile":"","ocean_menu_typo_transform":"","ocean_menu_typo_transform_tablet":"","ocean_menu_typo_transform_mobile":"","ocean_menu_typo_line_height":0,"ocean_menu_typo_line_height_tablet":0,"ocean_menu_typo_line_height_mobile":0,"ocean_menu_typo_line_height_unit":"","ocean_menu_typo_spacing":0,"ocean_menu_typo_spacing_tablet":0,"ocean_menu_typo_spacing_mobile":0,"ocean_menu_typo_spacing_unit":"","ocean_menu_link_color":"","ocean_menu_link_color_hover":"","ocean_menu_link_color_active":"","ocean_menu_link_background":"","ocean_menu_link_hover_background":"","ocean_menu_link_active_background":"","ocean_menu_social_links_bg":"","ocean_menu_social_hover_links_bg":"","ocean_menu_social_links_color":"","ocean_menu_social_hover_links_color":"","ocean_disable_title":"on","ocean_disable_heading":"default","ocean_post_title":"","ocean_post_subheading":"","ocean_post_title_style":"","ocean_post_title_background_color":"","ocean_post_title_background":0,"ocean_post_title_bg_image_position":"","ocean_post_title_bg_image_attachment":"","ocean_post_title_bg_image_repeat":"","ocean_post_title_bg_image_size":"","ocean_post_title_height":0,"ocean_post_title_bg_overlay":0.5,"ocean_post_title_bg_overlay_color":"","ocean_disable_breadcrumbs":"default","ocean_breadcrumbs_color":"","ocean_breadcrumbs_separator_color":"","ocean_breadcrumbs_links_color":"","ocean_breadcrumbs_links_hover_color":"","ocean_display_footer_widgets":"default","ocean_display_footer_bottom":"default","ocean_custom_footer_template":"","footnotes":""},"class_list":["post-49","page","type-page","status-publish","hentry","entry"],"yoast_head":"<!-- This site is optimized with the Yoast SEO plugin v27.5 - https:\/\/yoast.com\/product\/yoast-seo-wordpress\/ -->\n<title>Qu&#039;est-ce que le GN ? - F\u00e9d\u00e9GN<\/title>\n<meta name=\"robots\" content=\"index, follow, max-snippet:-1, max-image-preview:large, max-video-preview:-1\" \/>\n<link rel=\"canonical\" href=\"https:\/\/blog.fedegn.org\/wordpress\/quest-ce-que-le-gn\/\" \/>\n<meta property=\"og:locale\" content=\"en_US\" \/>\n<meta property=\"og:type\" content=\"article\" \/>\n<meta property=\"og:title\" content=\"Qu&#039;est-ce que le GN ? - F\u00e9d\u00e9GN\" \/>\n<meta property=\"og:description\" content=\"Qu&#8217;est-ce que le jeu de r\u00f4le Grandeur Nature ? Le Jeu de R\u00f4le Grandeur Nature (GN) est une forme de jeu de r\u00f4le immersif o\u00f9 les participants incarnent physiquement des personnages dans un univers fictif, souvent inspir\u00e9 de la fantasy, de la science-fiction, du polar ou de l\u2019horreur. Contrairement au jeu de r\u00f4le sur table [&hellip;]\" \/>\n<meta property=\"og:url\" content=\"https:\/\/blog.fedegn.org\/wordpress\/quest-ce-que-le-gn\/\" \/>\n<meta property=\"og:site_name\" content=\"F\u00e9d\u00e9GN\" \/>\n<meta property=\"article:modified_time\" content=\"2025-10-27T10:56:22+00:00\" \/>\n<meta property=\"og:image\" content=\"https:\/\/blog.fedegn.org\/wordpress\/wp-content\/uploads\/2025\/10\/image06.jpg\" \/>\n\t<meta property=\"og:image:width\" content=\"1680\" \/>\n\t<meta property=\"og:image:height\" content=\"556\" \/>\n\t<meta property=\"og:image:type\" content=\"image\/jpeg\" \/>\n<meta name=\"twitter:card\" content=\"summary_large_image\" \/>\n<meta name=\"twitter:label1\" content=\"Est. reading time\" \/>\n\t<meta name=\"twitter:data1\" content=\"2 minutes\" \/>\n<script type=\"application\/ld+json\" class=\"yoast-schema-graph\">{\"@context\":\"https:\\\/\\\/schema.org\",\"@graph\":[{\"@type\":\"WebPage\",\"@id\":\"https:\\\/\\\/blog.fedegn.org\\\/wordpress\\\/quest-ce-que-le-gn\\\/\",\"url\":\"https:\\\/\\\/blog.fedegn.org\\\/wordpress\\\/quest-ce-que-le-gn\\\/\",\"name\":\"Qu'est-ce que le GN ? - F\u00e9d\u00e9GN\",\"isPartOf\":{\"@id\":\"https:\\\/\\\/blog.fedegn.org\\\/wordpress\\\/#website\"},\"primaryImageOfPage\":{\"@id\":\"https:\\\/\\\/blog.fedegn.org\\\/wordpress\\\/quest-ce-que-le-gn\\\/#primaryimage\"},\"image\":{\"@id\":\"https:\\\/\\\/blog.fedegn.org\\\/wordpress\\\/quest-ce-que-le-gn\\\/#primaryimage\"},\"thumbnailUrl\":\"https:\\\/\\\/blog.fedegn.org\\\/wordpress\\\/wp-content\\\/uploads\\\/2025\\\/10\\\/image06.jpg\",\"datePublished\":\"2025-10-22T09:42:09+00:00\",\"dateModified\":\"2025-10-27T10:56:22+00:00\",\"breadcrumb\":{\"@id\":\"https:\\\/\\\/blog.fedegn.org\\\/wordpress\\\/quest-ce-que-le-gn\\\/#breadcrumb\"},\"inLanguage\":\"en-US\",\"potentialAction\":[{\"@type\":\"ReadAction\",\"target\":[\"https:\\\/\\\/blog.fedegn.org\\\/wordpress\\\/quest-ce-que-le-gn\\\/\"]}]},{\"@type\":\"ImageObject\",\"inLanguage\":\"en-US\",\"@id\":\"https:\\\/\\\/blog.fedegn.org\\\/wordpress\\\/quest-ce-que-le-gn\\\/#primaryimage\",\"url\":\"https:\\\/\\\/blog.fedegn.org\\\/wordpress\\\/wp-content\\\/uploads\\\/2025\\\/10\\\/image06.jpg\",\"contentUrl\":\"https:\\\/\\\/blog.fedegn.org\\\/wordpress\\\/wp-content\\\/uploads\\\/2025\\\/10\\\/image06.jpg\",\"width\":1680,\"height\":556},{\"@type\":\"BreadcrumbList\",\"@id\":\"https:\\\/\\\/blog.fedegn.org\\\/wordpress\\\/quest-ce-que-le-gn\\\/#breadcrumb\",\"itemListElement\":[{\"@type\":\"ListItem\",\"position\":1,\"name\":\"Accueil\",\"item\":\"https:\\\/\\\/blog.fedegn.org\\\/wordpress\\\/\"},{\"@type\":\"ListItem\",\"position\":2,\"name\":\"Qu&rsquo;est-ce que le GN ?\"}]},{\"@type\":\"WebSite\",\"@id\":\"https:\\\/\\\/blog.fedegn.org\\\/wordpress\\\/#website\",\"url\":\"https:\\\/\\\/blog.fedegn.org\\\/wordpress\\\/\",\"name\":\"F\u00e9d\u00e9GN\",\"description\":\"\",\"publisher\":{\"@id\":\"https:\\\/\\\/blog.fedegn.org\\\/wordpress\\\/#organization\"},\"potentialAction\":[{\"@type\":\"SearchAction\",\"target\":{\"@type\":\"EntryPoint\",\"urlTemplate\":\"https:\\\/\\\/blog.fedegn.org\\\/wordpress\\\/?s={search_term_string}\"},\"query-input\":{\"@type\":\"PropertyValueSpecification\",\"valueRequired\":true,\"valueName\":\"search_term_string\"}}],\"inLanguage\":\"en-US\"},{\"@type\":\"Organization\",\"@id\":\"https:\\\/\\\/blog.fedegn.org\\\/wordpress\\\/#organization\",\"name\":\"F\u00e9d\u00e9GN\",\"url\":\"https:\\\/\\\/blog.fedegn.org\\\/wordpress\\\/\",\"logo\":{\"@type\":\"ImageObject\",\"inLanguage\":\"en-US\",\"@id\":\"https:\\\/\\\/blog.fedegn.org\\\/wordpress\\\/#\\\/schema\\\/logo\\\/image\\\/\",\"url\":\"https:\\\/\\\/blog.fedegn.org\\\/wordpress\\\/wp-content\\\/uploads\\\/2025\\\/10\\\/Logo_FedeGN-scaled.png\",\"contentUrl\":\"https:\\\/\\\/blog.fedegn.org\\\/wordpress\\\/wp-content\\\/uploads\\\/2025\\\/10\\\/Logo_FedeGN-scaled.png\",\"width\":2560,\"height\":1248,\"caption\":\"F\u00e9d\u00e9GN\"},\"image\":{\"@id\":\"https:\\\/\\\/blog.fedegn.org\\\/wordpress\\\/#\\\/schema\\\/logo\\\/image\\\/\"}}]}<\/script>\n<!-- \/ Yoast SEO plugin. -->","yoast_head_json":{"title":"Qu'est-ce que le GN ? - F\u00e9d\u00e9GN","robots":{"index":"index","follow":"follow","max-snippet":"max-snippet:-1","max-image-preview":"max-image-preview:large","max-video-preview":"max-video-preview:-1"},"canonical":"https:\/\/blog.fedegn.org\/wordpress\/quest-ce-que-le-gn\/","og_locale":"en_US","og_type":"article","og_title":"Qu'est-ce que le GN ? - F\u00e9d\u00e9GN","og_description":"Qu&#8217;est-ce que le jeu de r\u00f4le Grandeur Nature ? Le Jeu de R\u00f4le Grandeur Nature (GN) est une forme de jeu de r\u00f4le immersif o\u00f9 les participants incarnent physiquement des personnages dans un univers fictif, souvent inspir\u00e9 de la fantasy, de la science-fiction, du polar ou de l\u2019horreur. Contrairement au jeu de r\u00f4le sur table [&hellip;]","og_url":"https:\/\/blog.fedegn.org\/wordpress\/quest-ce-que-le-gn\/","og_site_name":"F\u00e9d\u00e9GN","article_modified_time":"2025-10-27T10:56:22+00:00","og_image":[{"width":1680,"height":556,"url":"https:\/\/blog.fedegn.org\/wordpress\/wp-content\/uploads\/2025\/10\/image06.jpg","type":"image\/jpeg"}],"twitter_card":"summary_large_image","twitter_misc":{"Est. reading time":"2 minutes"},"schema":{"@context":"https:\/\/schema.org","@graph":[{"@type":"WebPage","@id":"https:\/\/blog.fedegn.org\/wordpress\/quest-ce-que-le-gn\/","url":"https:\/\/blog.fedegn.org\/wordpress\/quest-ce-que-le-gn\/","name":"Qu'est-ce que le GN ? - F\u00e9d\u00e9GN","isPartOf":{"@id":"https:\/\/blog.fedegn.org\/wordpress\/#website"},"primaryImageOfPage":{"@id":"https:\/\/blog.fedegn.org\/wordpress\/quest-ce-que-le-gn\/#primaryimage"},"image":{"@id":"https:\/\/blog.fedegn.org\/wordpress\/quest-ce-que-le-gn\/#primaryimage"},"thumbnailUrl":"https:\/\/blog.fedegn.org\/wordpress\/wp-content\/uploads\/2025\/10\/image06.jpg","datePublished":"2025-10-22T09:42:09+00:00","dateModified":"2025-10-27T10:56:22+00:00","breadcrumb":{"@id":"https:\/\/blog.fedegn.org\/wordpress\/quest-ce-que-le-gn\/#breadcrumb"},"inLanguage":"en-US","potentialAction":[{"@type":"ReadAction","target":["https:\/\/blog.fedegn.org\/wordpress\/quest-ce-que-le-gn\/"]}]},{"@type":"ImageObject","inLanguage":"en-US","@id":"https:\/\/blog.fedegn.org\/wordpress\/quest-ce-que-le-gn\/#primaryimage","url":"https:\/\/blog.fedegn.org\/wordpress\/wp-content\/uploads\/2025\/10\/image06.jpg","contentUrl":"https:\/\/blog.fedegn.org\/wordpress\/wp-content\/uploads\/2025\/10\/image06.jpg","width":1680,"height":556},{"@type":"BreadcrumbList","@id":"https:\/\/blog.fedegn.org\/wordpress\/quest-ce-que-le-gn\/#breadcrumb","itemListElement":[{"@type":"ListItem","position":1,"name":"Accueil","item":"https:\/\/blog.fedegn.org\/wordpress\/"},{"@type":"ListItem","position":2,"name":"Qu&rsquo;est-ce que le GN ?"}]},{"@type":"WebSite","@id":"https:\/\/blog.fedegn.org\/wordpress\/#website","url":"https:\/\/blog.fedegn.org\/wordpress\/","name":"F\u00e9d\u00e9GN","description":"","publisher":{"@id":"https:\/\/blog.fedegn.org\/wordpress\/#organization"},"potentialAction":[{"@type":"SearchAction","target":{"@type":"EntryPoint","urlTemplate":"https:\/\/blog.fedegn.org\/wordpress\/?s={search_term_string}"},"query-input":{"@type":"PropertyValueSpecification","valueRequired":true,"valueName":"search_term_string"}}],"inLanguage":"en-US"},{"@type":"Organization","@id":"https:\/\/blog.fedegn.org\/wordpress\/#organization","name":"F\u00e9d\u00e9GN","url":"https:\/\/blog.fedegn.org\/wordpress\/","logo":{"@type":"ImageObject","inLanguage":"en-US","@id":"https:\/\/blog.fedegn.org\/wordpress\/#\/schema\/logo\/image\/","url":"https:\/\/blog.fedegn.org\/wordpress\/wp-content\/uploads\/2025\/10\/Logo_FedeGN-scaled.png","contentUrl":"https:\/\/blog.fedegn.org\/wordpress\/wp-content\/uploads\/2025\/10\/Logo_FedeGN-scaled.png","width":2560,"height":1248,"caption":"F\u00e9d\u00e9GN"},"image":{"@id":"https:\/\/blog.fedegn.org\/wordpress\/#\/schema\/logo\/image\/"}}]}},"_links":{"self":[{"href":"https:\/\/blog.fedegn.org\/wordpress\/wp-json\/wp\/v2\/pages\/49","targetHints":{"allow":["GET"]}}],"collection":[{"href":"https:\/\/blog.fedegn.org\/wordpress\/wp-json\/wp\/v2\/pages"}],"about":[{"href":"https:\/\/blog.fedegn.org\/wordpress\/wp-json\/wp\/v2\/types\/page"}],"author":[{"embeddable":true,"href":"https:\/\/blog.fedegn.org\/wordpress\/wp-json\/wp\/v2\/users\/1"}],"replies":[{"embeddable":true,"href":"https:\/\/blog.fedegn.org\/wordpress\/wp-json\/wp\/v2\/comments?post=49"}],"version-history":[{"count":17,"href":"https:\/\/blog.fedegn.org\/wordpress\/wp-json\/wp\/v2\/pages\/49\/revisions"}],"predecessor-version":[{"id":364,"href":"https:\/\/blog.fedegn.org\/wordpress\/wp-json\/wp\/v2\/pages\/49\/revisions\/364"}],"wp:attachment":[{"href":"https:\/\/blog.fedegn.org\/wordpress\/wp-json\/wp\/v2\/media?parent=49"}],"curies":[{"name":"wp","href":"https:\/\/api.w.org\/{rel}","templated":true}]}}