{"id":19,"date":"2025-10-21T15:41:07","date_gmt":"2025-10-21T13:41:07","guid":{"rendered":"http:\/\/fdgn.local\/?page_id=19"},"modified":"2026-01-02T17:49:09","modified_gmt":"2026-01-02T16:49:09","slug":"accueil","status":"publish","type":"page","link":"https:\/\/blog.fedegn.org\/wordpress\/","title":{"rendered":"Accueil"},"content":{"rendered":"\t\t<div data-elementor-type=\"wp-page\" data-elementor-id=\"19\" class=\"elementor elementor-19\">\n\t\t\t\t<div class=\"elementor-element elementor-element-undefined-96bee33 e-con-full e-flex e-con e-parent\" data-id=\"undefined-96bee33\" data-element_type=\"container\" data-e-type=\"container\" data-settings=\"{&quot;background_background&quot;:&quot;classic&quot;}\">\n\t\t<div class=\"elementor-element elementor-element-undefined-3809807 e-flex e-con-boxed e-con e-child\" data-id=\"undefined-3809807\" data-element_type=\"container\" data-e-type=\"container\">\n\t\t\t\t\t<div class=\"e-con-inner\">\n\t\t<div class=\"elementor-element elementor-element-undefined-a098f81 e-flex e-con-boxed e-con e-child\" data-id=\"undefined-a098f81\" data-element_type=\"container\" data-e-type=\"container\">\n\t\t\t\t\t<div class=\"e-con-inner\">\n\t\t\t\t<div class=\"elementor-element elementor-element-undefined-fb5556c elementor-widget elementor-widget-heading\" data-id=\"undefined-fb5556c\" data-element_type=\"widget\" data-e-type=\"widget\" data-widget_type=\"heading.default\">\n\t\t\t\t\t<h2 class=\"elementor-heading-title elementor-size-default\">D\u00e9couvrir le jeu de r\u00f4le grandeur nature<\/h2>\t\t\t\t<\/div>\n\t\t\t\t\t<\/div>\n\t\t\t\t<\/div>\n\t\t<div class=\"elementor-element elementor-element-undefined-a989c7e e-con-full e-flex e-con e-child\" data-id=\"undefined-a989c7e\" data-element_type=\"container\" data-e-type=\"container\">\n\t\t\t\t<div class=\"elementor-element elementor-element-undefined-ece7ff7 elementor-widget elementor-widget-text-editor\" data-id=\"undefined-ece7ff7\" data-element_type=\"widget\" data-e-type=\"widget\" data-widget_type=\"text-editor.default\">\n\t\t\t\t\t\t\t\t\t<p>Pr\u00eat pour une nouvelle aventure ?<\/p>\t\t\t\t\t\t\t\t<\/div>\n\t\t\t\t<div class=\"elementor-element elementor-element-undefined-df93a33 elementor-widget__width-auto elementor-widget elementor-widget-button\" data-id=\"undefined-df93a33\" data-element_type=\"widget\" data-e-type=\"widget\" data-widget_type=\"button.default\">\n\t\t\t\t\t\t\t\t\t\t<a class=\"elementor-button elementor-button-link elementor-size-sm\" href=\"https:\/\/blog.fedegn.org\/wordpress\/quest-ce-que-le-gn\/\">\n\t\t\t\t\t\t<span class=\"elementor-button-content-wrapper\">\n\t\t\t\t\t\t\t\t\t<span class=\"elementor-button-text\">Qu'est-ce que le GN ?<\/span>\n\t\t\t\t\t<\/span>\n\t\t\t\t\t<\/a>\n\t\t\t\t\t\t\t\t<\/div>\n\t\t\t\t<\/div>\n\t\t\t\t\t<\/div>\n\t\t\t\t<\/div>\n\t\t\t\t<\/div>\n\t\t<div class=\"elementor-element elementor-element-undefined-200906f e-flex e-con-boxed e-con e-parent\" data-id=\"undefined-200906f\" data-element_type=\"container\" data-e-type=\"container\">\n\t\t\t\t\t<div class=\"e-con-inner\">\n\t\t<div class=\"elementor-element elementor-element-undefined-16609b8 e-con-full e-flex e-con e-child\" data-id=\"undefined-16609b8\" data-element_type=\"container\" data-e-type=\"container\">\n\t\t<div class=\"elementor-element elementor-element-undefined-0b026c8 e-con-full e-flex e-con e-child\" data-id=\"undefined-0b026c8\" data-element_type=\"container\" data-e-type=\"container\">\n\t\t\t\t<div class=\"elementor-element elementor-element-undefined-3e806d2 elementor-widget elementor-widget-heading\" data-id=\"undefined-3e806d2\" data-element_type=\"widget\" data-e-type=\"widget\" data-widget_type=\"heading.default\">\n\t\t\t\t\t<h2 class=\"elementor-heading-title elementor-size-default\">La f\u00e9d\u00e9ration<\/h2>\t\t\t\t<\/div>\n\t\t\t\t<div class=\"elementor-element elementor-element-undefined-8932332 elementor-widget elementor-widget-image\" data-id=\"undefined-8932332\" data-element_type=\"widget\" data-e-type=\"widget\" data-widget_type=\"image.default\">\n\t\t\t\t\t\t\t\t\t\t\t\t\t\t\t<img decoding=\"async\" src=\"https:\/\/gene.elementor.red\/wp-content\/uploads\/2024\/02\/wireframe-img.png\" title=\"\" alt=\"\" loading=\"lazy\" \/>\t\t\t\t\t\t\t\t\t\t\t\t\t\t\t<\/div>\n\t\t<div class=\"elementor-element elementor-element-undefined-eaac986 e-con-full e-flex e-con e-child\" data-id=\"undefined-eaac986\" data-element_type=\"container\" data-e-type=\"container\">\n\t\t<div class=\"elementor-element elementor-element-undefined-5022374 e-con-full e-flex e-con e-child\" data-id=\"undefined-5022374\" data-element_type=\"container\" data-e-type=\"container\">\n\t\t\t\t<div class=\"elementor-element elementor-element-undefined-ee5cb6a elementor-view-default elementor-widget elementor-widget-icon\" data-id=\"undefined-ee5cb6a\" data-element_type=\"widget\" data-e-type=\"widget\" data-widget_type=\"icon.default\">\n\t\t\t\t\t\t\t<div class=\"elementor-icon-wrapper\">\n\t\t\t<div class=\"elementor-icon\">\n\t\t\t<svg aria-hidden=\"true\" class=\"e-font-icon-svg e-fas-star\" viewBox=\"0 0 576 512\" xmlns=\"http:\/\/www.w3.org\/2000\/svg\"><path d=\"M259.3 17.8L194 150.2 47.9 171.5c-26.2 3.8-36.7 36.1-17.7 54.6l105.7 103-25 145.5c-4.5 26.3 23.2 46 46.4 33.7L288 439.6l130.7 68.7c23.2 12.2 50.9-7.4 46.4-33.7l-25-145.5 105.7-103c19-18.5 8.5-50.8-17.7-54.6L382 150.2 316.7 17.8c-11.7-23.6-45.6-23.9-57.4 0z\"><\/path><\/svg>\t\t\t<\/div>\n\t\t<\/div>\n\t\t\t\t\t\t<\/div>\n\t\t\t\t<div class=\"elementor-element elementor-element-undefined-46ee8ff elementor-widget elementor-widget-heading\" data-id=\"undefined-46ee8ff\" data-element_type=\"widget\" data-e-type=\"widget\" data-widget_type=\"heading.default\">\n\t\t\t\t\t<h2 class=\"elementor-heading-title elementor-size-default\">Qu'est ce que la f\u00e9d\u00e9ration ?<\/h2>\t\t\t\t<\/div>\n\t\t\t\t<\/div>\n\t\t\t\t<div class=\"elementor-element elementor-element-undefined-f9cf7b0 elementor-widget elementor-widget-text-editor\" data-id=\"undefined-f9cf7b0\" data-element_type=\"widget\" data-e-type=\"widget\" data-widget_type=\"text-editor.default\">\n\t\t\t\t\t\t\t\t\t<p>Elle existe depuis 1994 et a pour objectif principal de repr\u00e9senter les associations.<\/p>\t\t\t\t\t\t\t\t<\/div>\n\t\t\t\t<\/div>\n\t\t<div class=\"elementor-element elementor-element-undefined-9c9752b e-con-full e-flex e-con e-child\" data-id=\"undefined-9c9752b\" data-element_type=\"container\" data-e-type=\"container\">\n\t\t\t\t<div class=\"elementor-element elementor-element-undefined-596c3c7 elementor-widget__width-auto elementor-widget elementor-widget-button\" data-id=\"undefined-596c3c7\" data-element_type=\"widget\" data-e-type=\"widget\" data-widget_type=\"button.default\">\n\t\t\t\t\t\t\t\t\t\t<a class=\"elementor-button elementor-button-link elementor-size-sm\" href=\"https:\/\/blog.fedegn.org\/wordpress\/qui-sommes-nous\/\">\n\t\t\t\t\t\t<span class=\"elementor-button-content-wrapper\">\n\t\t\t\t\t\t\t\t\t<span class=\"elementor-button-text\">Plus de d\u00e9tails<\/span>\n\t\t\t\t\t<\/span>\n\t\t\t\t\t<\/a>\n\t\t\t\t\t\t\t\t<\/div>\n\t\t\t\t<\/div>\n\t\t\t\t<\/div>\n\t\t<div class=\"elementor-element elementor-element-undefined-b3aa02e e-con-full e-flex e-con e-child\" data-id=\"undefined-b3aa02e\" data-element_type=\"container\" data-e-type=\"container\">\n\t\t\t\t<div class=\"elementor-element elementor-element-undefined-37fce8c elementor-widget elementor-widget-heading\" data-id=\"undefined-37fce8c\" data-element_type=\"widget\" data-e-type=\"widget\" data-widget_type=\"heading.default\">\n\t\t\t\t\t<h2 class=\"elementor-heading-title elementor-size-default\">Les diff\u00e9rentes activit\u00e9s<\/h2>\t\t\t\t<\/div>\n\t\t\t\t<div class=\"elementor-element elementor-element-undefined-8ea314c elementor-widget elementor-widget-image\" data-id=\"undefined-8ea314c\" data-element_type=\"widget\" data-e-type=\"widget\" data-widget_type=\"image.default\">\n\t\t\t\t\t\t\t\t\t\t\t\t\t\t\t<img decoding=\"async\" src=\"https:\/\/gene.elementor.red\/wp-content\/uploads\/2024\/02\/wireframe-img.png\" title=\"\" alt=\"\" loading=\"lazy\" \/>\t\t\t\t\t\t\t\t\t\t\t\t\t\t\t<\/div>\n\t\t<div class=\"elementor-element elementor-element-undefined-b5171b1 e-con-full e-flex e-con e-child\" data-id=\"undefined-b5171b1\" data-element_type=\"container\" data-e-type=\"container\">\n\t\t<div class=\"elementor-element elementor-element-undefined-2a78362 e-con-full e-flex e-con e-child\" data-id=\"undefined-2a78362\" data-element_type=\"container\" data-e-type=\"container\">\n\t\t\t\t<div class=\"elementor-element elementor-element-undefined-a4daf07 elementor-view-default elementor-widget elementor-widget-icon\" data-id=\"undefined-a4daf07\" data-element_type=\"widget\" data-e-type=\"widget\" data-widget_type=\"icon.default\">\n\t\t\t\t\t\t\t<div class=\"elementor-icon-wrapper\">\n\t\t\t<div class=\"elementor-icon\">\n\t\t\t<svg aria-hidden=\"true\" class=\"e-font-icon-svg e-fas-star\" viewBox=\"0 0 576 512\" xmlns=\"http:\/\/www.w3.org\/2000\/svg\"><path d=\"M259.3 17.8L194 150.2 47.9 171.5c-26.2 3.8-36.7 36.1-17.7 54.6l105.7 103-25 145.5c-4.5 26.3 23.2 46 46.4 33.7L288 439.6l130.7 68.7c23.2 12.2 50.9-7.4 46.4-33.7l-25-145.5 105.7-103c19-18.5 8.5-50.8-17.7-54.6L382 150.2 316.7 17.8c-11.7-23.6-45.6-23.9-57.4 0z\"><\/path><\/svg>\t\t\t<\/div>\n\t\t<\/div>\n\t\t\t\t\t\t<\/div>\n\t\t\t\t<div class=\"elementor-element elementor-element-undefined-f5df62f elementor-widget elementor-widget-heading\" data-id=\"undefined-f5df62f\" data-element_type=\"widget\" data-e-type=\"widget\" data-widget_type=\"heading.default\">\n\t\t\t\t\t<h2 class=\"elementor-heading-title elementor-size-default\">Quels sont les \u00e9v\u00e8nements organis\u00e9s ?<\/h2>\t\t\t\t<\/div>\n\t\t\t\t<\/div>\n\t\t\t\t<div class=\"elementor-element elementor-element-undefined-a9df4ed elementor-widget elementor-widget-text-editor\" data-id=\"undefined-a9df4ed\" data-element_type=\"widget\" data-e-type=\"widget\" data-widget_type=\"text-editor.default\">\n\t\t\t\t\t\t\t\t\t<p>Les associations que regroupe la f\u00e9d\u00e9ration organise tout un tas d&#8217;\u00e9v\u00e8nement.<\/p>\t\t\t\t\t\t\t\t<\/div>\n\t\t\t\t<\/div>\n\t\t<div class=\"elementor-element elementor-element-undefined-5314bf9 e-con-full e-flex e-con e-child\" data-id=\"undefined-5314bf9\" data-element_type=\"container\" data-e-type=\"container\">\n\t\t\t\t<div class=\"elementor-element elementor-element-undefined-2a33a7a elementor-widget__width-auto elementor-widget elementor-widget-button\" data-id=\"undefined-2a33a7a\" data-element_type=\"widget\" data-e-type=\"widget\" data-widget_type=\"button.default\">\n\t\t\t\t\t\t\t\t\t\t<a class=\"elementor-button elementor-button-link elementor-size-sm\" href=\"https:\/\/fedegn.org\/\">\n\t\t\t\t\t\t<span class=\"elementor-button-content-wrapper\">\n\t\t\t\t\t\t\t\t\t<span class=\"elementor-button-text\">Le calendrier<\/span>\n\t\t\t\t\t<\/span>\n\t\t\t\t\t<\/a>\n\t\t\t\t\t\t\t\t<\/div>\n\t\t\t\t<\/div>\n\t\t\t\t<\/div>\n\t\t<div class=\"elementor-element elementor-element-undefined-913105d e-con-full e-flex e-con e-child\" data-id=\"undefined-913105d\" data-element_type=\"container\" data-e-type=\"container\">\n\t\t\t\t<div class=\"elementor-element elementor-element-undefined-164a8d0 elementor-widget elementor-widget-heading\" data-id=\"undefined-164a8d0\" data-element_type=\"widget\" data-e-type=\"widget\" data-widget_type=\"heading.default\">\n\t\t\t\t\t<h2 class=\"elementor-heading-title elementor-size-default\">Tenez vous inform\u00e9<\/h2>\t\t\t\t<\/div>\n\t\t\t\t<div class=\"elementor-element elementor-element-undefined-e66460b elementor-widget elementor-widget-image\" data-id=\"undefined-e66460b\" data-element_type=\"widget\" data-e-type=\"widget\" data-widget_type=\"image.default\">\n\t\t\t\t\t\t\t\t\t\t\t\t\t\t\t<img decoding=\"async\" src=\"https:\/\/gene.elementor.red\/wp-content\/uploads\/2024\/02\/wireframe-img.png\" title=\"\" alt=\"\" loading=\"lazy\" \/>\t\t\t\t\t\t\t\t\t\t\t\t\t\t\t<\/div>\n\t\t<div class=\"elementor-element elementor-element-undefined-34b6528 e-con-full e-flex e-con e-child\" data-id=\"undefined-34b6528\" data-element_type=\"container\" data-e-type=\"container\">\n\t\t<div class=\"elementor-element elementor-element-undefined-ff51945 e-con-full e-flex e-con e-child\" data-id=\"undefined-ff51945\" data-element_type=\"container\" data-e-type=\"container\">\n\t\t\t\t<div class=\"elementor-element elementor-element-undefined-a0b656d elementor-view-default elementor-widget elementor-widget-icon\" data-id=\"undefined-a0b656d\" data-element_type=\"widget\" data-e-type=\"widget\" data-widget_type=\"icon.default\">\n\t\t\t\t\t\t\t<div class=\"elementor-icon-wrapper\">\n\t\t\t<div class=\"elementor-icon\">\n\t\t\t<svg aria-hidden=\"true\" class=\"e-font-icon-svg e-fas-star\" viewBox=\"0 0 576 512\" xmlns=\"http:\/\/www.w3.org\/2000\/svg\"><path d=\"M259.3 17.8L194 150.2 47.9 171.5c-26.2 3.8-36.7 36.1-17.7 54.6l105.7 103-25 145.5c-4.5 26.3 23.2 46 46.4 33.7L288 439.6l130.7 68.7c23.2 12.2 50.9-7.4 46.4-33.7l-25-145.5 105.7-103c19-18.5 8.5-50.8-17.7-54.6L382 150.2 316.7 17.8c-11.7-23.6-45.6-23.9-57.4 0z\"><\/path><\/svg>\t\t\t<\/div>\n\t\t<\/div>\n\t\t\t\t\t\t<\/div>\n\t\t\t\t<div class=\"elementor-element elementor-element-undefined-346e88d elementor-widget elementor-widget-heading\" data-id=\"undefined-346e88d\" data-element_type=\"widget\" data-e-type=\"widget\" data-widget_type=\"heading.default\">\n\t\t\t\t\t<h2 class=\"elementor-heading-title elementor-size-default\">Les derni\u00e8res actualit\u00e9s ?<\/h2>\t\t\t\t<\/div>\n\t\t\t\t<\/div>\n\t\t\t\t<div class=\"elementor-element elementor-element-undefined-5732c8e elementor-widget elementor-widget-text-editor\" data-id=\"undefined-5732c8e\" data-element_type=\"widget\" data-e-type=\"widget\" data-widget_type=\"text-editor.default\">\n\t\t\t\t\t\t\t\t\t<p>Retrouv\u00e9 toutes les derni\u00e8res actualit\u00e9s de la f\u00e9d\u00e9ration et de ses associations sur la page de blog d\u00e9di\u00e9.<\/p>\t\t\t\t\t\t\t\t<\/div>\n\t\t\t\t<\/div>\n\t\t<div class=\"elementor-element elementor-element-undefined-1771a8a e-con-full e-flex e-con e-child\" data-id=\"undefined-1771a8a\" data-element_type=\"container\" data-e-type=\"container\">\n\t\t\t\t<div class=\"elementor-element elementor-element-undefined-515fbc2 elementor-widget__width-auto elementor-widget elementor-widget-button\" data-id=\"undefined-515fbc2\" data-element_type=\"widget\" data-e-type=\"widget\" data-widget_type=\"button.default\">\n\t\t\t\t\t\t\t\t\t\t<a class=\"elementor-button elementor-button-link elementor-size-sm\" href=\"https:\/\/blog.fedegn.org\/wordpress\/actualites\/\">\n\t\t\t\t\t\t<span class=\"elementor-button-content-wrapper\">\n\t\t\t\t\t\t\t\t\t<span class=\"elementor-button-text\">Actualit\u00e9s<\/span>\n\t\t\t\t\t<\/span>\n\t\t\t\t\t<\/a>\n\t\t\t\t\t\t\t\t<\/div>\n\t\t\t\t<\/div>\n\t\t\t\t<\/div>\n\t\t\t\t<\/div>\n\t\t\t\t\t<\/div>\n\t\t\t\t<\/div>\n\t\t\t\t<\/div>\n\t\t","protected":false},"excerpt":{"rendered":"<p>D\u00e9couvrir le jeu de r\u00f4le grandeur nature Pr\u00eat pour une nouvelle aventure ? Qu&#8217;est-ce que le GN ? La f\u00e9d\u00e9ration Qu&#8217;est ce que la f\u00e9d\u00e9ration ? Elle existe depuis 1994 et a pour objectif principal de repr\u00e9senter les associations. Plus de d\u00e9tails Les diff\u00e9rentes activit\u00e9s Quels sont les \u00e9v\u00e8nements organis\u00e9s ? Les associations que regroupe [&hellip;]<\/p>\n","protected":false},"author":1,"featured_media":0,"parent":0,"menu_order":0,"comment_status":"closed","ping_status":"closed","template":"","meta":{"ocean_post_layout":"full-width","ocean_both_sidebars_style":"","ocean_both_sidebars_content_width":0,"ocean_both_sidebars_sidebars_width":0,"ocean_sidebar":"","ocean_second_sidebar":"","ocean_disable_margins":"on","ocean_add_body_class":"","ocean_shortcode_before_top_bar":"","ocean_shortcode_after_top_bar":"","ocean_shortcode_before_header":"","ocean_shortcode_after_header":"","ocean_has_shortcode":"","ocean_shortcode_after_title":"","ocean_shortcode_before_footer_widgets":"","ocean_shortcode_after_footer_widgets":"","ocean_shortcode_before_footer_bottom":"","ocean_shortcode_after_footer_bottom":"","ocean_display_top_bar":"default","ocean_display_header":"default","ocean_header_style":"","ocean_center_header_left_menu":"","ocean_custom_header_template":"","ocean_custom_logo":0,"ocean_custom_retina_logo":0,"ocean_custom_logo_max_width":0,"ocean_custom_logo_tablet_max_width":0,"ocean_custom_logo_mobile_max_width":0,"ocean_custom_logo_max_height":0,"ocean_custom_logo_tablet_max_height":0,"ocean_custom_logo_mobile_max_height":0,"ocean_header_custom_menu":"","ocean_menu_typo_font_family":"","ocean_menu_typo_font_subset":"","ocean_menu_typo_font_size":0,"ocean_menu_typo_font_size_tablet":0,"ocean_menu_typo_font_size_mobile":0,"ocean_menu_typo_font_size_unit":"px","ocean_menu_typo_font_weight":"","ocean_menu_typo_font_weight_tablet":"","ocean_menu_typo_font_weight_mobile":"","ocean_menu_typo_transform":"","ocean_menu_typo_transform_tablet":"","ocean_menu_typo_transform_mobile":"","ocean_menu_typo_line_height":0,"ocean_menu_typo_line_height_tablet":0,"ocean_menu_typo_line_height_mobile":0,"ocean_menu_typo_line_height_unit":"","ocean_menu_typo_spacing":0,"ocean_menu_typo_spacing_tablet":0,"ocean_menu_typo_spacing_mobile":0,"ocean_menu_typo_spacing_unit":"","ocean_menu_link_color":"","ocean_menu_link_color_hover":"","ocean_menu_link_color_active":"","ocean_menu_link_background":"","ocean_menu_link_hover_background":"","ocean_menu_link_active_background":"","ocean_menu_social_links_bg":"","ocean_menu_social_hover_links_bg":"","ocean_menu_social_links_color":"","ocean_menu_social_hover_links_color":"","ocean_disable_title":"default","ocean_disable_heading":"on","ocean_post_title":"","ocean_post_subheading":"","ocean_post_title_style":"","ocean_post_title_background_color":"","ocean_post_title_background":0,"ocean_post_title_bg_image_position":"","ocean_post_title_bg_image_attachment":"","ocean_post_title_bg_image_repeat":"","ocean_post_title_bg_image_size":"","ocean_post_title_height":0,"ocean_post_title_bg_overlay":0.5,"ocean_post_title_bg_overlay_color":"","ocean_disable_breadcrumbs":"default","ocean_breadcrumbs_color":"","ocean_breadcrumbs_separator_color":"","ocean_breadcrumbs_links_color":"","ocean_breadcrumbs_links_hover_color":"","ocean_display_footer_widgets":"default","ocean_display_footer_bottom":"default","ocean_custom_footer_template":"","footnotes":""},"class_list":["post-19","page","type-page","status-publish","hentry","entry"],"yoast_head":"<!-- This site is optimized with the Yoast SEO plugin v27.5 - https:\/\/yoast.com\/product\/yoast-seo-wordpress\/ -->\n<title>Accueil - F\u00e9d\u00e9GN<\/title>\n<meta name=\"robots\" content=\"index, follow, max-snippet:-1, max-image-preview:large, max-video-preview:-1\" \/>\n<link rel=\"canonical\" href=\"https:\/\/blog.fedegn.org\/wordpress\/\" \/>\n<meta property=\"og:locale\" content=\"en_US\" \/>\n<meta property=\"og:type\" content=\"article\" \/>\n<meta property=\"og:title\" content=\"Accueil - F\u00e9d\u00e9GN\" \/>\n<meta property=\"og:description\" content=\"D\u00e9couvrir le jeu de r\u00f4le grandeur nature Pr\u00eat pour une nouvelle aventure ? Qu&#8217;est-ce que le GN ? La f\u00e9d\u00e9ration Qu&#8217;est ce que la f\u00e9d\u00e9ration ? Elle existe depuis 1994 et a pour objectif principal de repr\u00e9senter les associations. Plus de d\u00e9tails Les diff\u00e9rentes activit\u00e9s Quels sont les \u00e9v\u00e8nements organis\u00e9s ? Les associations que regroupe [&hellip;]\" \/>\n<meta property=\"og:url\" content=\"https:\/\/blog.fedegn.org\/wordpress\/\" \/>\n<meta property=\"og:site_name\" content=\"F\u00e9d\u00e9GN\" \/>\n<meta property=\"article:modified_time\" content=\"2026-01-02T16:49:09+00:00\" \/>\n<meta property=\"og:image\" content=\"https:\/\/gene.elementor.red\/wp-content\/uploads\/2024\/02\/wireframe-img.png\" \/>\n<meta name=\"twitter:card\" content=\"summary_large_image\" \/>\n<meta name=\"twitter:label1\" content=\"Est. reading time\" \/>\n\t<meta name=\"twitter:data1\" content=\"1 minute\" \/>\n<script type=\"application\/ld+json\" class=\"yoast-schema-graph\">{\"@context\":\"https:\\\/\\\/schema.org\",\"@graph\":[{\"@type\":\"WebPage\",\"@id\":\"https:\\\/\\\/blog.fedegn.org\\\/wordpress\\\/\",\"url\":\"https:\\\/\\\/blog.fedegn.org\\\/wordpress\\\/\",\"name\":\"Accueil - F\u00e9d\u00e9GN\",\"isPartOf\":{\"@id\":\"https:\\\/\\\/blog.fedegn.org\\\/wordpress\\\/#website\"},\"primaryImageOfPage\":{\"@id\":\"https:\\\/\\\/blog.fedegn.org\\\/wordpress\\\/#primaryimage\"},\"image\":{\"@id\":\"https:\\\/\\\/blog.fedegn.org\\\/wordpress\\\/#primaryimage\"},\"thumbnailUrl\":\"https:\\\/\\\/gene.elementor.red\\\/wp-content\\\/uploads\\\/2024\\\/02\\\/wireframe-img.png\",\"datePublished\":\"2025-10-21T13:41:07+00:00\",\"dateModified\":\"2026-01-02T16:49:09+00:00\",\"breadcrumb\":{\"@id\":\"https:\\\/\\\/blog.fedegn.org\\\/wordpress\\\/#breadcrumb\"},\"inLanguage\":\"en-US\",\"potentialAction\":[{\"@type\":\"ReadAction\",\"target\":[\"https:\\\/\\\/blog.fedegn.org\\\/wordpress\\\/\"]}]},{\"@type\":\"ImageObject\",\"inLanguage\":\"en-US\",\"@id\":\"https:\\\/\\\/blog.fedegn.org\\\/wordpress\\\/#primaryimage\",\"url\":\"https:\\\/\\\/gene.elementor.red\\\/wp-content\\\/uploads\\\/2024\\\/02\\\/wireframe-img.png\",\"contentUrl\":\"https:\\\/\\\/gene.elementor.red\\\/wp-content\\\/uploads\\\/2024\\\/02\\\/wireframe-img.png\"},{\"@type\":\"BreadcrumbList\",\"@id\":\"https:\\\/\\\/blog.fedegn.org\\\/wordpress\\\/#breadcrumb\",\"itemListElement\":[{\"@type\":\"ListItem\",\"position\":1,\"name\":\"Accueil\",\"item\":\"https:\\\/\\\/blog.fedegn.org\\\/wordpress\\\/\"},{\"@type\":\"ListItem\",\"position\":2,\"name\":\"Accueil\"}]},{\"@type\":\"WebSite\",\"@id\":\"https:\\\/\\\/blog.fedegn.org\\\/wordpress\\\/#website\",\"url\":\"https:\\\/\\\/blog.fedegn.org\\\/wordpress\\\/\",\"name\":\"F\u00e9d\u00e9GN\",\"description\":\"\",\"publisher\":{\"@id\":\"https:\\\/\\\/blog.fedegn.org\\\/wordpress\\\/#organization\"},\"potentialAction\":[{\"@type\":\"SearchAction\",\"target\":{\"@type\":\"EntryPoint\",\"urlTemplate\":\"https:\\\/\\\/blog.fedegn.org\\\/wordpress\\\/?s={search_term_string}\"},\"query-input\":{\"@type\":\"PropertyValueSpecification\",\"valueRequired\":true,\"valueName\":\"search_term_string\"}}],\"inLanguage\":\"en-US\"},{\"@type\":\"Organization\",\"@id\":\"https:\\\/\\\/blog.fedegn.org\\\/wordpress\\\/#organization\",\"name\":\"F\u00e9d\u00e9GN\",\"url\":\"https:\\\/\\\/blog.fedegn.org\\\/wordpress\\\/\",\"logo\":{\"@type\":\"ImageObject\",\"inLanguage\":\"en-US\",\"@id\":\"https:\\\/\\\/blog.fedegn.org\\\/wordpress\\\/#\\\/schema\\\/logo\\\/image\\\/\",\"url\":\"https:\\\/\\\/blog.fedegn.org\\\/wordpress\\\/wp-content\\\/uploads\\\/2025\\\/10\\\/Logo_FedeGN-scaled.png\",\"contentUrl\":\"https:\\\/\\\/blog.fedegn.org\\\/wordpress\\\/wp-content\\\/uploads\\\/2025\\\/10\\\/Logo_FedeGN-scaled.png\",\"width\":2560,\"height\":1248,\"caption\":\"F\u00e9d\u00e9GN\"},\"image\":{\"@id\":\"https:\\\/\\\/blog.fedegn.org\\\/wordpress\\\/#\\\/schema\\\/logo\\\/image\\\/\"}}]}<\/script>\n<!-- \/ Yoast SEO plugin. -->","yoast_head_json":{"title":"Accueil - F\u00e9d\u00e9GN","robots":{"index":"index","follow":"follow","max-snippet":"max-snippet:-1","max-image-preview":"max-image-preview:large","max-video-preview":"max-video-preview:-1"},"canonical":"https:\/\/blog.fedegn.org\/wordpress\/","og_locale":"en_US","og_type":"article","og_title":"Accueil - F\u00e9d\u00e9GN","og_description":"D\u00e9couvrir le jeu de r\u00f4le grandeur nature Pr\u00eat pour une nouvelle aventure ? Qu&#8217;est-ce que le GN ? La f\u00e9d\u00e9ration Qu&#8217;est ce que la f\u00e9d\u00e9ration ? Elle existe depuis 1994 et a pour objectif principal de repr\u00e9senter les associations. Plus de d\u00e9tails Les diff\u00e9rentes activit\u00e9s Quels sont les \u00e9v\u00e8nements organis\u00e9s ? Les associations que regroupe [&hellip;]","og_url":"https:\/\/blog.fedegn.org\/wordpress\/","og_site_name":"F\u00e9d\u00e9GN","article_modified_time":"2026-01-02T16:49:09+00:00","og_image":[{"url":"https:\/\/gene.elementor.red\/wp-content\/uploads\/2024\/02\/wireframe-img.png","type":"","width":"","height":""}],"twitter_card":"summary_large_image","twitter_misc":{"Est. reading time":"1 minute"},"schema":{"@context":"https:\/\/schema.org","@graph":[{"@type":"WebPage","@id":"https:\/\/blog.fedegn.org\/wordpress\/","url":"https:\/\/blog.fedegn.org\/wordpress\/","name":"Accueil - F\u00e9d\u00e9GN","isPartOf":{"@id":"https:\/\/blog.fedegn.org\/wordpress\/#website"},"primaryImageOfPage":{"@id":"https:\/\/blog.fedegn.org\/wordpress\/#primaryimage"},"image":{"@id":"https:\/\/blog.fedegn.org\/wordpress\/#primaryimage"},"thumbnailUrl":"https:\/\/gene.elementor.red\/wp-content\/uploads\/2024\/02\/wireframe-img.png","datePublished":"2025-10-21T13:41:07+00:00","dateModified":"2026-01-02T16:49:09+00:00","breadcrumb":{"@id":"https:\/\/blog.fedegn.org\/wordpress\/#breadcrumb"},"inLanguage":"en-US","potentialAction":[{"@type":"ReadAction","target":["https:\/\/blog.fedegn.org\/wordpress\/"]}]},{"@type":"ImageObject","inLanguage":"en-US","@id":"https:\/\/blog.fedegn.org\/wordpress\/#primaryimage","url":"https:\/\/gene.elementor.red\/wp-content\/uploads\/2024\/02\/wireframe-img.png","contentUrl":"https:\/\/gene.elementor.red\/wp-content\/uploads\/2024\/02\/wireframe-img.png"},{"@type":"BreadcrumbList","@id":"https:\/\/blog.fedegn.org\/wordpress\/#breadcrumb","itemListElement":[{"@type":"ListItem","position":1,"name":"Accueil","item":"https:\/\/blog.fedegn.org\/wordpress\/"},{"@type":"ListItem","position":2,"name":"Accueil"}]},{"@type":"WebSite","@id":"https:\/\/blog.fedegn.org\/wordpress\/#website","url":"https:\/\/blog.fedegn.org\/wordpress\/","name":"F\u00e9d\u00e9GN","description":"","publisher":{"@id":"https:\/\/blog.fedegn.org\/wordpress\/#organization"},"potentialAction":[{"@type":"SearchAction","target":{"@type":"EntryPoint","urlTemplate":"https:\/\/blog.fedegn.org\/wordpress\/?s={search_term_string}"},"query-input":{"@type":"PropertyValueSpecification","valueRequired":true,"valueName":"search_term_string"}}],"inLanguage":"en-US"},{"@type":"Organization","@id":"https:\/\/blog.fedegn.org\/wordpress\/#organization","name":"F\u00e9d\u00e9GN","url":"https:\/\/blog.fedegn.org\/wordpress\/","logo":{"@type":"ImageObject","inLanguage":"en-US","@id":"https:\/\/blog.fedegn.org\/wordpress\/#\/schema\/logo\/image\/","url":"https:\/\/blog.fedegn.org\/wordpress\/wp-content\/uploads\/2025\/10\/Logo_FedeGN-scaled.png","contentUrl":"https:\/\/blog.fedegn.org\/wordpress\/wp-content\/uploads\/2025\/10\/Logo_FedeGN-scaled.png","width":2560,"height":1248,"caption":"F\u00e9d\u00e9GN"},"image":{"@id":"https:\/\/blog.fedegn.org\/wordpress\/#\/schema\/logo\/image\/"}}]}},"_links":{"self":[{"href":"https:\/\/blog.fedegn.org\/wordpress\/wp-json\/wp\/v2\/pages\/19","targetHints":{"allow":["GET"]}}],"collection":[{"href":"https:\/\/blog.fedegn.org\/wordpress\/wp-json\/wp\/v2\/pages"}],"about":[{"href":"https:\/\/blog.fedegn.org\/wordpress\/wp-json\/wp\/v2\/types\/page"}],"author":[{"embeddable":true,"href":"https:\/\/blog.fedegn.org\/wordpress\/wp-json\/wp\/v2\/users\/1"}],"replies":[{"embeddable":true,"href":"https:\/\/blog.fedegn.org\/wordpress\/wp-json\/wp\/v2\/comments?post=19"}],"version-history":[{"count":63,"href":"https:\/\/blog.fedegn.org\/wordpress\/wp-json\/wp\/v2\/pages\/19\/revisions"}],"predecessor-version":[{"id":739,"href":"https:\/\/blog.fedegn.org\/wordpress\/wp-json\/wp\/v2\/pages\/19\/revisions\/739"}],"wp:attachment":[{"href":"https:\/\/blog.fedegn.org\/wordpress\/wp-json\/wp\/v2\/media?parent=19"}],"curies":[{"name":"wp","href":"https:\/\/api.w.org\/{rel}","templated":true}]}}