{"id":174,"date":"2025-10-22T12:25:19","date_gmt":"2025-10-22T10:25:19","guid":{"rendered":"http:\/\/fdgn.local\/?page_id=174"},"modified":"2026-01-18T20:06:28","modified_gmt":"2026-01-18T19:06:28","slug":"assurance","status":"publish","type":"page","link":"https:\/\/blog.fedegn.org\/wordpress\/assurance\/","title":{"rendered":"Assurance"},"content":{"rendered":"\t\t<div data-elementor-type=\"wp-page\" data-elementor-id=\"174\" class=\"elementor elementor-174\">\n\t\t\t\t<div class=\"elementor-element elementor-element-b96680a e-flex e-con-boxed e-con e-parent\" data-id=\"b96680a\" data-element_type=\"container\" data-e-type=\"container\">\n\t\t\t\t\t<div class=\"e-con-inner\">\n\t\t\t\t<div class=\"elementor-element elementor-element-732c9e0 elementor-widget elementor-widget-heading\" data-id=\"732c9e0\" data-element_type=\"widget\" data-e-type=\"widget\" data-widget_type=\"heading.default\">\n\t\t\t\t\t<h2 class=\"elementor-heading-title elementor-size-default\">Qui op\u00e8re l'assurance ?<\/h2>\t\t\t\t<\/div>\n\t\t<div class=\"elementor-element elementor-element-dfc1e3f e-con-full e-flex e-con e-child\" data-id=\"dfc1e3f\" data-element_type=\"container\" data-e-type=\"container\">\n\t\t\t\t<div class=\"elementor-element elementor-element-9163f1d elementor-widget elementor-widget-text-editor\" data-id=\"9163f1d\" data-element_type=\"widget\" data-e-type=\"widget\" data-widget_type=\"text-editor.default\">\n\t\t\t\t\t\t\t\t\t<p>Depuis le 1er janvier 2022, le contrat de groupe souscrit par la F\u00e9d\u00e9GN est propos\u00e9 par la MAIF. Les garanties Individuelle Accident (IA), Responsabilit\u00e9 Civile (RC), les contrats optionnels, les garanties mat\u00e9rielles int\u00e9gr\u00e9es aux cartes GN et GN+, les garanties assistance et rapatriement ainsi que l&#8217;aide juridique sont toutes souscrites et g\u00e9r\u00e9es directement par la MAIF.\u00a0<\/p>\t\t\t\t\t\t\t\t<\/div>\n\t\t\t\t<\/div>\n\t\t\t\t\t<\/div>\n\t\t\t\t<\/div>\n\t\t<div class=\"elementor-element elementor-element-af77d7c e-flex e-con-boxed e-con e-parent\" data-id=\"af77d7c\" data-element_type=\"container\" data-e-type=\"container\">\n\t\t\t\t\t<div class=\"e-con-inner\">\n\t\t\t\t<div class=\"elementor-element elementor-element-bc255af elementor-widget elementor-widget-text-editor\" data-id=\"bc255af\" data-element_type=\"widget\" data-e-type=\"widget\" data-widget_type=\"text-editor.default\">\n\t\t\t\t\t\t\t\t\t<h3>Qui est couvert par\u00a0l&#8217;assurance ?<\/h3><p>L&#8217;assurance propos\u00e9e par la F\u00e9d\u00e9GN couvre les associations membres dites &#8220;conventionn\u00e9es&#8221; (voir la page\u00a0<a href=\"https:\/\/web.archive.org\/web\/20210121214459\/https:\/\/www.fedegn.org\/la-fedegn\/adherer-a-la-fedegn\" rel=\"alternate\">Adh\u00e9rer \u00e0 la F\u00e9d\u00e9GN<\/a>). Le conventionnement co\u00fbte 40\u20ac et est accessible \u00e0 tout membre adh\u00e9rent ou associ\u00e9 (hors professionnel). Il est offert aux jeunes associations (moins d&#8217;un an d&#8217;existence et premi\u00e8re ann\u00e9e d&#8217;adh\u00e9sion \u00e0 la F\u00e9d\u00e9GN).<\/p><p>Les membres conventionn\u00e9s sont assur\u00e9s en responsabilit\u00e9 civile, et leurs dirigeants, organisateurs, et b\u00e9n\u00e9voles (cuisinier, photographe, etc&#8230;)\u00a0intervenant dans le cadre des activit\u00e9s de l&#8217;association en RC + IA + AAP.<\/p><p>Sont \u00e9galement couverts par les m\u00eames garanties les arbitres et officiels (dans le cas de tournois par exemple), les personnalit\u00e9s officielles invit\u00e9es par l&#8217;association, et les auxiliaires m\u00e9dicaux, personnels de la protection civile ou d\u00e9pendant du minist\u00e8re de la D\u00e9fense ou de l&#8217;Int\u00e9rieur dans le cadre d&#8217;une participation \u00e0 une manifestation organis\u00e9e par la F\u00e9d\u00e9GN ou ses membres conventionn\u00e9s et pour le risque li\u00e9 \u00e0 l&#8217;activit\u00e9.<\/p><p>Les personnages non joueurs (PNJ) sont \u00e9galement pris en charge en RC + IA + AAP. Cette prise en charge est nominative (par le biais du fichier de d\u00e9claration qui doit \u00eatre transmis \u00e0 la permanence) et est gracieusement offerte par la F\u00e9d\u00e9GN.<\/p><p>Les joueurs sont couverts par diff\u00e9rentes formules :<\/p><h4>Pass 1GN<\/h4><p>Souscrit par le biais d&#8217;une association conventionn\u00e9e, cette formule est valable uniquement pour la dur\u00e9e d&#8217;un jeu.<br \/>Le joueur est\u00a0assur\u00e9 en\u00a0RC + IA + AAP.<\/p><h4>Carte GN<\/h4><p>Souscrit par le biais d&#8217;une association conventionn\u00e9e ou directement par le joueur, cette formule assure ce dernier tout au long de l&#8217;ann\u00e9e civile pour les jeux organis\u00e9s par les associations conventionn\u00e9es de la F\u00e9d\u00e9GN.<br \/>Le joueur est\u00a0assur\u00e9 en\u00a0RC + IA + AAP.<\/p><p>\u00a0<\/p><div class=\"phocadownloadfile32\"><a href=\"https:\/\/web.archive.org\/web\/20210121214459\/https:\/\/www.fedegn.org\/component\/phocadownload\/category\/5-assurance.html?download=289:flyer-cartegn\" target=\"_self\">Flyer CarteGN<\/a><\/div><p>\u00a0<\/p><h4>Carte GN+<\/h4><p>Souscrit par le biais d&#8217;une association conventionn\u00e9e ou directement par le joueur, cette formule assure ce dernier tout au long de l&#8217;ann\u00e9e civile\u00a0<strong>pour l&#8217;ensemble des jeux auxquels il participe, quel qu&#8217;en soit l&#8217;organisateur.<\/strong><br \/>Le joueur est\u00a0assur\u00e9 en\u00a0RC + IA + AAP.<\/p><h3>Quelles sont les activit\u00e9s couvertes par\u00a0l&#8217;assurance ?<\/h3><p>Les garanties souscrites couvrent la pratique et la pr\u00e9paration de jeux de r\u00f4les grandeur nature, et notamment, sans que cette liste soit exhaustive,\u00a0Murder Party,\u00a0Soir\u00e9e enqu\u00eate,\u00a0Paintball<strong>*<\/strong>,\u00a0Airsoft<strong>*<\/strong>,\u00a0Huis-Clos,\u00a0Rallye d&#8217;aventure,\u00a0Jeu de piste sc\u00e9naris\u00e9, et de fa\u00e7on g\u00e9n\u00e9rale, toute activit\u00e9 ludique se d\u00e9roulant en partie au moins en &#8220;grandeur nature&#8221; o\u00f9 les participants incarnent des personnages, avec ou sans accessoires.<\/p><p><strong><em>*\u00a0Les activit\u00e9s Paintball et Airsoft sont couvertes sous r\u00e9serve du strict respect des r\u00e8gles de s\u00e9curit\u00e9 \u00e9dict\u00e9es notamment par la F\u00e9d\u00e9GN<\/em><\/strong><\/p><p>Sont \u00e9galement couverts :<\/p><ul><li>Le jeu de r\u00f4les sur table (cependant, pour les associations ne pratiquant pas le GN, nous vous invitons \u00e0 contacter la\u00a0<a href=\"https:\/\/web.archive.org\/web\/20210121214459\/http:\/\/www.ffjdr.org\/\" target=\"_blank\" rel=\"alternate noopener noreferrer\">FFJDR<\/a>)<\/li><li>Les activit\u00e9s assimil\u00e9es au jeu de r\u00f4les grandeur nature et notamment, sans que la liste soit exhaustive, Trollball, Quidditch, Archery Tag, Escrime de GN (aussi appel\u00e9e Escrime Ludique), et de fa\u00e7on g\u00e9n\u00e9rale, toute activit\u00e9 ludique pouvant se d\u00e9rouler au sein d&#8217;un jeu de r\u00f4les grandeur nature.<\/li><li>Les stages et s\u00e9jours \u00e0 vocation de loisirs en rapport avec le jeu de r\u00f4les grandeur nature<\/li><li>Les d\u00e9placements n\u00e9cessit\u00e9s par un jeu, une manifestation, une r\u00e9union<\/li><li>La participation \u00e0 des congr\u00e8s, salons, conf\u00e9rences, r\u00e9unions, s\u00e9minaires, formations en rapport avec le jeu de r\u00f4les grandeur nature<\/li><li>Les activit\u00e9s annexes telles que f\u00eates, repas, sorties, manifestations diverses, organis\u00e9s par la F\u00e9d\u00e9GN et\/ou ses associations membres conventionn\u00e9es<\/li><li>La participation \u00e0 des manifestations ou salons organis\u00e9s par un tiers<\/li><\/ul><p>\u00a0<\/p><h3>Territorialit\u00e9 des garanties<\/h3><p>Les associations conventionn\u00e9es doivent \u00eatre domicili\u00e9es dans les territoires suivants :<\/p><p>\u00a0<\/p><p>France m\u00e9tropolitaine (Corse y compris) et principaut\u00e9s d&#8217;Andorre et Monaco.<\/p><p><img decoding=\"async\" src=\"https:\/\/web.archive.org\/web\/20210121214459im_\/https:\/\/www.fedegn.org\/images\/assurance\/France.png\" alt=\"\" \/><\/p><p>En dehors de ces territoires, les garanties sont assur\u00e9es dans le monde entier lors d&#8217;un d\u00e9placement ou d&#8217;un s\u00e9jour ne d\u00e9passant pas 90 jours.<\/p><p>Concr\u00e8tement, si vous d\u00e9cidez d&#8217;organiser un GN \u00e0 l&#8217;\u00e9tranger, vous \u00eates assur\u00e9 tant que\u00a0vous ne passez pas plus de 90 jours sur place.<\/p><p>\u00a0<\/p><h3>Contrats et notices d&#8217;information<\/h3><p>Vous trouverez ci-dessous les contrats souscrits par la F\u00e9d\u00e9GN. Il font office de notice dans l&#8217;attente de la r\u00e9daction de celles-ci.<\/p>\t\t\t\t\t\t\t\t<\/div>\n\t\t\t\t\t<\/div>\n\t\t\t\t<\/div>\n\t\t\t\t<\/div>\n\t\t","protected":false},"excerpt":{"rendered":"<p>Qui op\u00e8re l&#8217;assurance ? Depuis le 1er janvier 2022, le contrat de groupe souscrit par la F\u00e9d\u00e9GN est propos\u00e9 par la MAIF. Les garanties Individuelle Accident (IA), Responsabilit\u00e9 Civile (RC), les contrats optionnels, les garanties mat\u00e9rielles int\u00e9gr\u00e9es aux cartes GN et GN+, les garanties assistance et rapatriement ainsi que l&#8217;aide juridique sont toutes souscrites et [&hellip;]<\/p>\n","protected":false},"author":1,"featured_media":0,"parent":0,"menu_order":0,"comment_status":"closed","ping_status":"closed","template":"","meta":{"ocean_post_layout":"","ocean_both_sidebars_style":"","ocean_both_sidebars_content_width":0,"ocean_both_sidebars_sidebars_width":0,"ocean_sidebar":"","ocean_second_sidebar":"","ocean_disable_margins":"enable","ocean_add_body_class":"","ocean_shortcode_before_top_bar":"","ocean_shortcode_after_top_bar":"","ocean_shortcode_before_header":"","ocean_shortcode_after_header":"","ocean_has_shortcode":"","ocean_shortcode_after_title":"","ocean_shortcode_before_footer_widgets":"","ocean_shortcode_after_footer_widgets":"","ocean_shortcode_before_footer_bottom":"","ocean_shortcode_after_footer_bottom":"","ocean_display_top_bar":"default","ocean_display_header":"default","ocean_header_style":"","ocean_center_header_left_menu":"","ocean_custom_header_template":"","ocean_custom_logo":0,"ocean_custom_retina_logo":0,"ocean_custom_logo_max_width":0,"ocean_custom_logo_tablet_max_width":0,"ocean_custom_logo_mobile_max_width":0,"ocean_custom_logo_max_height":0,"ocean_custom_logo_tablet_max_height":0,"ocean_custom_logo_mobile_max_height":0,"ocean_header_custom_menu":"","ocean_menu_typo_font_family":"","ocean_menu_typo_font_subset":"","ocean_menu_typo_font_size":0,"ocean_menu_typo_font_size_tablet":0,"ocean_menu_typo_font_size_mobile":0,"ocean_menu_typo_font_size_unit":"px","ocean_menu_typo_font_weight":"","ocean_menu_typo_font_weight_tablet":"","ocean_menu_typo_font_weight_mobile":"","ocean_menu_typo_transform":"","ocean_menu_typo_transform_tablet":"","ocean_menu_typo_transform_mobile":"","ocean_menu_typo_line_height":0,"ocean_menu_typo_line_height_tablet":0,"ocean_menu_typo_line_height_mobile":0,"ocean_menu_typo_line_height_unit":"","ocean_menu_typo_spacing":0,"ocean_menu_typo_spacing_tablet":0,"ocean_menu_typo_spacing_mobile":0,"ocean_menu_typo_spacing_unit":"","ocean_menu_link_color":"","ocean_menu_link_color_hover":"","ocean_menu_link_color_active":"","ocean_menu_link_background":"","ocean_menu_link_hover_background":"","ocean_menu_link_active_background":"","ocean_menu_social_links_bg":"","ocean_menu_social_hover_links_bg":"","ocean_menu_social_links_color":"","ocean_menu_social_hover_links_color":"","ocean_disable_title":"on","ocean_disable_heading":"default","ocean_post_title":"","ocean_post_subheading":"","ocean_post_title_style":"","ocean_post_title_background_color":"","ocean_post_title_background":0,"ocean_post_title_bg_image_position":"","ocean_post_title_bg_image_attachment":"","ocean_post_title_bg_image_repeat":"","ocean_post_title_bg_image_size":"","ocean_post_title_height":0,"ocean_post_title_bg_overlay":0.5,"ocean_post_title_bg_overlay_color":"","ocean_disable_breadcrumbs":"default","ocean_breadcrumbs_color":"","ocean_breadcrumbs_separator_color":"","ocean_breadcrumbs_links_color":"","ocean_breadcrumbs_links_hover_color":"","ocean_display_footer_widgets":"default","ocean_display_footer_bottom":"default","ocean_custom_footer_template":"","footnotes":""},"class_list":["post-174","page","type-page","status-publish","hentry","entry"],"yoast_head":"<!-- This site is optimized with the Yoast SEO plugin v27.5 - https:\/\/yoast.com\/product\/yoast-seo-wordpress\/ -->\n<title>Assurance - F\u00e9d\u00e9GN<\/title>\n<meta name=\"robots\" content=\"index, follow, max-snippet:-1, max-image-preview:large, max-video-preview:-1\" \/>\n<link rel=\"canonical\" href=\"https:\/\/blog.fedegn.org\/wordpress\/assurance\/\" \/>\n<meta property=\"og:locale\" content=\"en_US\" \/>\n<meta property=\"og:type\" content=\"article\" \/>\n<meta property=\"og:title\" content=\"Assurance - F\u00e9d\u00e9GN\" \/>\n<meta property=\"og:description\" content=\"Qui op\u00e8re l&#8217;assurance ? Depuis le 1er janvier 2022, le contrat de groupe souscrit par la F\u00e9d\u00e9GN est propos\u00e9 par la MAIF. Les garanties Individuelle Accident (IA), Responsabilit\u00e9 Civile (RC), les contrats optionnels, les garanties mat\u00e9rielles int\u00e9gr\u00e9es aux cartes GN et GN+, les garanties assistance et rapatriement ainsi que l&#8217;aide juridique sont toutes souscrites et [&hellip;]\" \/>\n<meta property=\"og:url\" content=\"https:\/\/blog.fedegn.org\/wordpress\/assurance\/\" \/>\n<meta property=\"og:site_name\" content=\"F\u00e9d\u00e9GN\" \/>\n<meta property=\"article:modified_time\" content=\"2026-01-18T19:06:28+00:00\" \/>\n<meta property=\"og:image\" content=\"https:\/\/web.archive.org\/web\/20210121214459im_\/https:\/\/www.fedegn.org\/images\/assurance\/France.png\" \/>\n<meta name=\"twitter:card\" content=\"summary_large_image\" \/>\n<meta name=\"twitter:label1\" content=\"Est. reading time\" \/>\n\t<meta name=\"twitter:data1\" content=\"4 minutes\" \/>\n<script type=\"application\/ld+json\" class=\"yoast-schema-graph\">{\"@context\":\"https:\\\/\\\/schema.org\",\"@graph\":[{\"@type\":\"WebPage\",\"@id\":\"https:\\\/\\\/blog.fedegn.org\\\/wordpress\\\/assurance\\\/\",\"url\":\"https:\\\/\\\/blog.fedegn.org\\\/wordpress\\\/assurance\\\/\",\"name\":\"Assurance - F\u00e9d\u00e9GN\",\"isPartOf\":{\"@id\":\"https:\\\/\\\/blog.fedegn.org\\\/wordpress\\\/#website\"},\"primaryImageOfPage\":{\"@id\":\"https:\\\/\\\/blog.fedegn.org\\\/wordpress\\\/assurance\\\/#primaryimage\"},\"image\":{\"@id\":\"https:\\\/\\\/blog.fedegn.org\\\/wordpress\\\/assurance\\\/#primaryimage\"},\"thumbnailUrl\":\"https:\\\/\\\/web.archive.org\\\/web\\\/20210121214459im_\\\/https:\\\/\\\/www.fedegn.org\\\/images\\\/assurance\\\/France.png\",\"datePublished\":\"2025-10-22T10:25:19+00:00\",\"dateModified\":\"2026-01-18T19:06:28+00:00\",\"breadcrumb\":{\"@id\":\"https:\\\/\\\/blog.fedegn.org\\\/wordpress\\\/assurance\\\/#breadcrumb\"},\"inLanguage\":\"en-US\",\"potentialAction\":[{\"@type\":\"ReadAction\",\"target\":[\"https:\\\/\\\/blog.fedegn.org\\\/wordpress\\\/assurance\\\/\"]}]},{\"@type\":\"ImageObject\",\"inLanguage\":\"en-US\",\"@id\":\"https:\\\/\\\/blog.fedegn.org\\\/wordpress\\\/assurance\\\/#primaryimage\",\"url\":\"https:\\\/\\\/web.archive.org\\\/web\\\/20210121214459im_\\\/https:\\\/\\\/www.fedegn.org\\\/images\\\/assurance\\\/France.png\",\"contentUrl\":\"https:\\\/\\\/web.archive.org\\\/web\\\/20210121214459im_\\\/https:\\\/\\\/www.fedegn.org\\\/images\\\/assurance\\\/France.png\"},{\"@type\":\"BreadcrumbList\",\"@id\":\"https:\\\/\\\/blog.fedegn.org\\\/wordpress\\\/assurance\\\/#breadcrumb\",\"itemListElement\":[{\"@type\":\"ListItem\",\"position\":1,\"name\":\"Accueil\",\"item\":\"https:\\\/\\\/blog.fedegn.org\\\/wordpress\\\/\"},{\"@type\":\"ListItem\",\"position\":2,\"name\":\"Assurance\"}]},{\"@type\":\"WebSite\",\"@id\":\"https:\\\/\\\/blog.fedegn.org\\\/wordpress\\\/#website\",\"url\":\"https:\\\/\\\/blog.fedegn.org\\\/wordpress\\\/\",\"name\":\"F\u00e9d\u00e9GN\",\"description\":\"\",\"publisher\":{\"@id\":\"https:\\\/\\\/blog.fedegn.org\\\/wordpress\\\/#organization\"},\"potentialAction\":[{\"@type\":\"SearchAction\",\"target\":{\"@type\":\"EntryPoint\",\"urlTemplate\":\"https:\\\/\\\/blog.fedegn.org\\\/wordpress\\\/?s={search_term_string}\"},\"query-input\":{\"@type\":\"PropertyValueSpecification\",\"valueRequired\":true,\"valueName\":\"search_term_string\"}}],\"inLanguage\":\"en-US\"},{\"@type\":\"Organization\",\"@id\":\"https:\\\/\\\/blog.fedegn.org\\\/wordpress\\\/#organization\",\"name\":\"F\u00e9d\u00e9GN\",\"url\":\"https:\\\/\\\/blog.fedegn.org\\\/wordpress\\\/\",\"logo\":{\"@type\":\"ImageObject\",\"inLanguage\":\"en-US\",\"@id\":\"https:\\\/\\\/blog.fedegn.org\\\/wordpress\\\/#\\\/schema\\\/logo\\\/image\\\/\",\"url\":\"https:\\\/\\\/blog.fedegn.org\\\/wordpress\\\/wp-content\\\/uploads\\\/2025\\\/10\\\/Logo_FedeGN-scaled.png\",\"contentUrl\":\"https:\\\/\\\/blog.fedegn.org\\\/wordpress\\\/wp-content\\\/uploads\\\/2025\\\/10\\\/Logo_FedeGN-scaled.png\",\"width\":2560,\"height\":1248,\"caption\":\"F\u00e9d\u00e9GN\"},\"image\":{\"@id\":\"https:\\\/\\\/blog.fedegn.org\\\/wordpress\\\/#\\\/schema\\\/logo\\\/image\\\/\"}}]}<\/script>\n<!-- \/ Yoast SEO plugin. -->","yoast_head_json":{"title":"Assurance - F\u00e9d\u00e9GN","robots":{"index":"index","follow":"follow","max-snippet":"max-snippet:-1","max-image-preview":"max-image-preview:large","max-video-preview":"max-video-preview:-1"},"canonical":"https:\/\/blog.fedegn.org\/wordpress\/assurance\/","og_locale":"en_US","og_type":"article","og_title":"Assurance - F\u00e9d\u00e9GN","og_description":"Qui op\u00e8re l&#8217;assurance ? Depuis le 1er janvier 2022, le contrat de groupe souscrit par la F\u00e9d\u00e9GN est propos\u00e9 par la MAIF. Les garanties Individuelle Accident (IA), Responsabilit\u00e9 Civile (RC), les contrats optionnels, les garanties mat\u00e9rielles int\u00e9gr\u00e9es aux cartes GN et GN+, les garanties assistance et rapatriement ainsi que l&#8217;aide juridique sont toutes souscrites et [&hellip;]","og_url":"https:\/\/blog.fedegn.org\/wordpress\/assurance\/","og_site_name":"F\u00e9d\u00e9GN","article_modified_time":"2026-01-18T19:06:28+00:00","og_image":[{"url":"https:\/\/web.archive.org\/web\/20210121214459im_\/https:\/\/www.fedegn.org\/images\/assurance\/France.png","type":"","width":"","height":""}],"twitter_card":"summary_large_image","twitter_misc":{"Est. reading time":"4 minutes"},"schema":{"@context":"https:\/\/schema.org","@graph":[{"@type":"WebPage","@id":"https:\/\/blog.fedegn.org\/wordpress\/assurance\/","url":"https:\/\/blog.fedegn.org\/wordpress\/assurance\/","name":"Assurance - F\u00e9d\u00e9GN","isPartOf":{"@id":"https:\/\/blog.fedegn.org\/wordpress\/#website"},"primaryImageOfPage":{"@id":"https:\/\/blog.fedegn.org\/wordpress\/assurance\/#primaryimage"},"image":{"@id":"https:\/\/blog.fedegn.org\/wordpress\/assurance\/#primaryimage"},"thumbnailUrl":"https:\/\/web.archive.org\/web\/20210121214459im_\/https:\/\/www.fedegn.org\/images\/assurance\/France.png","datePublished":"2025-10-22T10:25:19+00:00","dateModified":"2026-01-18T19:06:28+00:00","breadcrumb":{"@id":"https:\/\/blog.fedegn.org\/wordpress\/assurance\/#breadcrumb"},"inLanguage":"en-US","potentialAction":[{"@type":"ReadAction","target":["https:\/\/blog.fedegn.org\/wordpress\/assurance\/"]}]},{"@type":"ImageObject","inLanguage":"en-US","@id":"https:\/\/blog.fedegn.org\/wordpress\/assurance\/#primaryimage","url":"https:\/\/web.archive.org\/web\/20210121214459im_\/https:\/\/www.fedegn.org\/images\/assurance\/France.png","contentUrl":"https:\/\/web.archive.org\/web\/20210121214459im_\/https:\/\/www.fedegn.org\/images\/assurance\/France.png"},{"@type":"BreadcrumbList","@id":"https:\/\/blog.fedegn.org\/wordpress\/assurance\/#breadcrumb","itemListElement":[{"@type":"ListItem","position":1,"name":"Accueil","item":"https:\/\/blog.fedegn.org\/wordpress\/"},{"@type":"ListItem","position":2,"name":"Assurance"}]},{"@type":"WebSite","@id":"https:\/\/blog.fedegn.org\/wordpress\/#website","url":"https:\/\/blog.fedegn.org\/wordpress\/","name":"F\u00e9d\u00e9GN","description":"","publisher":{"@id":"https:\/\/blog.fedegn.org\/wordpress\/#organization"},"potentialAction":[{"@type":"SearchAction","target":{"@type":"EntryPoint","urlTemplate":"https:\/\/blog.fedegn.org\/wordpress\/?s={search_term_string}"},"query-input":{"@type":"PropertyValueSpecification","valueRequired":true,"valueName":"search_term_string"}}],"inLanguage":"en-US"},{"@type":"Organization","@id":"https:\/\/blog.fedegn.org\/wordpress\/#organization","name":"F\u00e9d\u00e9GN","url":"https:\/\/blog.fedegn.org\/wordpress\/","logo":{"@type":"ImageObject","inLanguage":"en-US","@id":"https:\/\/blog.fedegn.org\/wordpress\/#\/schema\/logo\/image\/","url":"https:\/\/blog.fedegn.org\/wordpress\/wp-content\/uploads\/2025\/10\/Logo_FedeGN-scaled.png","contentUrl":"https:\/\/blog.fedegn.org\/wordpress\/wp-content\/uploads\/2025\/10\/Logo_FedeGN-scaled.png","width":2560,"height":1248,"caption":"F\u00e9d\u00e9GN"},"image":{"@id":"https:\/\/blog.fedegn.org\/wordpress\/#\/schema\/logo\/image\/"}}]}},"_links":{"self":[{"href":"https:\/\/blog.fedegn.org\/wordpress\/wp-json\/wp\/v2\/pages\/174","targetHints":{"allow":["GET"]}}],"collection":[{"href":"https:\/\/blog.fedegn.org\/wordpress\/wp-json\/wp\/v2\/pages"}],"about":[{"href":"https:\/\/blog.fedegn.org\/wordpress\/wp-json\/wp\/v2\/types\/page"}],"author":[{"embeddable":true,"href":"https:\/\/blog.fedegn.org\/wordpress\/wp-json\/wp\/v2\/users\/1"}],"replies":[{"embeddable":true,"href":"https:\/\/blog.fedegn.org\/wordpress\/wp-json\/wp\/v2\/comments?post=174"}],"version-history":[{"count":6,"href":"https:\/\/blog.fedegn.org\/wordpress\/wp-json\/wp\/v2\/pages\/174\/revisions"}],"predecessor-version":[{"id":796,"href":"https:\/\/blog.fedegn.org\/wordpress\/wp-json\/wp\/v2\/pages\/174\/revisions\/796"}],"wp:attachment":[{"href":"https:\/\/blog.fedegn.org\/wordpress\/wp-json\/wp\/v2\/media?parent=174"}],"curies":[{"name":"wp","href":"https:\/\/api.w.org\/{rel}","templated":true}]}}